{"id":87,"date":"2013-05-10T08:39:56","date_gmt":"2013-05-10T06:39:56","guid":{"rendered":"http:\/\/www.jenninger.se\/?page_id=87"},"modified":"2022-12-01T14:25:28","modified_gmt":"2022-12-01T13:25:28","slug":"skoj","status":"publish","type":"page","link":"https:\/\/jenninger.se\/?page_id=87","title":{"rendered":"Bilder av skoj"},"content":{"rendered":"<p><strong>Livet var b\u00e4st f\u00f6r M\u00e5ns n\u00e4r det h\u00e4nde n\u00e5got. Allra b\u00e4st att g\u00f6ra n\u00e5got tillsammans med n\u00e5gon. Men det var mest med familjen, andra vuxna och familjens goda v\u00e4nner.<\/strong><\/p>\n<p><img loading=\"lazy\" decoding=\"async\" class=\"alignleft size-full wp-image-88\" src=\"http:\/\/www.jenninger.se\/wp-content\/uploads\/2013\/05\/familjen-p\u00e5-isen.jpg\" alt=\"familjen-p\u00e5-isen\" width=\"400\" height=\"273\" srcset=\"https:\/\/jenninger.se\/wp-content\/uploads\/2013\/05\/familjen-p\u00e5-isen.jpg 400w, https:\/\/jenninger.se\/wp-content\/uploads\/2013\/05\/familjen-p\u00e5-isen-300x204.jpg 300w\" sizes=\"auto, (max-width: 400px) 100vw, 400px\" \/> <img loading=\"lazy\" decoding=\"async\" class=\"alignleft size-full wp-image-89\" src=\"http:\/\/www.jenninger.se\/wp-content\/uploads\/2013\/05\/thumb2_20051213150020.jpg\" alt=\"thumb2_20051213150020\" width=\"250\" height=\"250\" srcset=\"https:\/\/jenninger.se\/wp-content\/uploads\/2013\/05\/thumb2_20051213150020.jpg 250w, https:\/\/jenninger.se\/wp-content\/uploads\/2013\/05\/thumb2_20051213150020-150x150.jpg 150w\" sizes=\"auto, (max-width: 250px) 100vw, 250px\" \/> <img loading=\"lazy\" decoding=\"async\" class=\"alignleft size-medium wp-image-101\" src=\"http:\/\/www.jenninger.se\/wp-content\/uploads\/2013\/05\/skidlift-300x235.jpg\" alt=\"skidlift\" width=\"300\" height=\"235\" srcset=\"https:\/\/jenninger.se\/wp-content\/uploads\/2013\/05\/skidlift-300x235.jpg 300w, https:\/\/jenninger.se\/wp-content\/uploads\/2013\/05\/skidlift.jpg 400w\" sizes=\"auto, (max-width: 300px) 100vw, 300px\" \/> <img loading=\"lazy\" decoding=\"async\" class=\"alignleft size-full wp-image-92\" src=\"http:\/\/www.jenninger.se\/wp-content\/uploads\/2013\/05\/vitsippa.jpg\" alt=\"vitsippa\" width=\"400\" height=\"592\" srcset=\"https:\/\/jenninger.se\/wp-content\/uploads\/2013\/05\/vitsippa.jpg 400w, https:\/\/jenninger.se\/wp-content\/uploads\/2013\/05\/vitsippa-202x300.jpg 202w\" sizes=\"auto, (max-width: 400px) 100vw, 400px\" \/> <img loading=\"lazy\" decoding=\"async\" class=\"alignleft size-full wp-image-93\" src=\"http:\/\/www.jenninger.se\/wp-content\/uploads\/2013\/05\/\u00e4ggm\u00e5lning.jpg\" alt=\"\u00e4ggm\u00e5lning\" width=\"400\" height=\"560\" srcset=\"https:\/\/jenninger.se\/wp-content\/uploads\/2013\/05\/\u00e4ggm\u00e5lning.jpg 400w, https:\/\/jenninger.se\/wp-content\/uploads\/2013\/05\/\u00e4ggm\u00e5lning-214x300.jpg 214w\" sizes=\"auto, (max-width: 400px) 100vw, 400px\" \/> <img loading=\"lazy\" decoding=\"async\" class=\"alignleft size-full wp-image-100\" src=\"http:\/\/www.jenninger.se\/wp-content\/uploads\/2013\/05\/karusell.jpg\" alt=\"karusell\" width=\"400\" height=\"315\" srcset=\"https:\/\/jenninger.se\/wp-content\/uploads\/2013\/05\/karusell.jpg 400w, https:\/\/jenninger.se\/wp-content\/uploads\/2013\/05\/karusell-300x236.jpg 300w\" sizes=\"auto, (max-width: 400px) 100vw, 400px\" \/> <img loading=\"lazy\" decoding=\"async\" class=\"alignleft size-medium wp-image-104\" src=\"http:\/\/www.jenninger.se\/wp-content\/uploads\/2013\/05\/Frejalva-300x180.jpg\" alt=\"Frejalva\" width=\"300\" height=\"180\" srcset=\"https:\/\/jenninger.se\/wp-content\/uploads\/2013\/05\/Frejalva-300x180.jpg 300w, https:\/\/jenninger.se\/wp-content\/uploads\/2013\/05\/Frejalva.jpg 400w\" sizes=\"auto, (max-width: 300px) 100vw, 300px\" \/> <img loading=\"lazy\" decoding=\"async\" class=\"alignleft size-medium wp-image-108\" src=\"http:\/\/www.jenninger.se\/wp-content\/uploads\/2013\/05\/studsmatta-201x300.jpg\" alt=\"studsmatta\" width=\"201\" height=\"300\" srcset=\"https:\/\/jenninger.se\/wp-content\/uploads\/2013\/05\/studsmatta-201x300.jpg 201w, https:\/\/jenninger.se\/wp-content\/uploads\/2013\/05\/studsmatta.jpg 400w\" sizes=\"auto, (max-width: 201px) 100vw, 201px\" \/> <img loading=\"lazy\" decoding=\"async\" class=\"alignleft size-medium wp-image-110\" src=\"http:\/\/www.jenninger.se\/wp-content\/uploads\/2013\/05\/2cvram-300x211.jpg\" alt=\"2cvram\" width=\"300\" height=\"211\" srcset=\"https:\/\/jenninger.se\/wp-content\/uploads\/2013\/05\/2cvram-300x211.jpg 300w, https:\/\/jenninger.se\/wp-content\/uploads\/2013\/05\/2cvram.jpg 568w\" sizes=\"auto, (max-width: 300px) 100vw, 300px\" \/> <img loading=\"lazy\" decoding=\"async\" class=\"alignleft size-medium wp-image-112\" src=\"http:\/\/www.jenninger.se\/wp-content\/uploads\/2013\/05\/skolavslutning-300x224.jpg\" alt=\"skolavslutning\" width=\"300\" height=\"224\" srcset=\"https:\/\/jenninger.se\/wp-content\/uploads\/2013\/05\/skolavslutning-300x224.jpg 300w, https:\/\/jenninger.se\/wp-content\/uploads\/2013\/05\/skolavslutning.jpg 400w\" sizes=\"auto, (max-width: 300px) 100vw, 300px\" \/> <img loading=\"lazy\" decoding=\"async\" class=\"alignleft size-full wp-image-113\" src=\"http:\/\/www.jenninger.se\/wp-content\/uploads\/2013\/05\/hovfjall.jpg\" alt=\"hovfjall\" width=\"400\" height=\"495\" srcset=\"https:\/\/jenninger.se\/wp-content\/uploads\/2013\/05\/hovfjall.jpg 400w, https:\/\/jenninger.se\/wp-content\/uploads\/2013\/05\/hovfjall-242x300.jpg 242w\" sizes=\"auto, (max-width: 400px) 100vw, 400px\" \/> <img loading=\"lazy\" decoding=\"async\" class=\"alignleft size-full wp-image-117\" src=\"http:\/\/www.jenninger.se\/wp-content\/uploads\/2013\/05\/ryggkliare.jpg\" alt=\"ryggkliare\" width=\"400\" height=\"498\" srcset=\"https:\/\/jenninger.se\/wp-content\/uploads\/2013\/05\/ryggkliare.jpg 400w, https:\/\/jenninger.se\/wp-content\/uploads\/2013\/05\/ryggkliare-240x300.jpg 240w\" sizes=\"auto, (max-width: 400px) 100vw, 400px\" \/><\/p>\n","protected":false},"excerpt":{"rendered":"<p>Livet var b\u00e4st f\u00f6r M\u00e5ns n\u00e4r det h\u00e4nde n\u00e5got. Allra b\u00e4st att g\u00f6ra n\u00e5got tillsammans med n\u00e5gon. Men det var mest med familjen, andra vuxna och familjens goda v\u00e4nner.<\/p>\n","protected":false},"author":1,"featured_media":0,"parent":10,"menu_order":0,"comment_status":"closed","ping_status":"closed","template":"","meta":{"_themeisle_gutenberg_block_has_review":false,"footnotes":""},"class_list":["post-87","page","type-page","status-publish","hentry"],"_links":{"self":[{"href":"https:\/\/jenninger.se\/index.php?rest_route=\/wp\/v2\/pages\/87","targetHints":{"allow":["GET"]}}],"collection":[{"href":"https:\/\/jenninger.se\/index.php?rest_route=\/wp\/v2\/pages"}],"about":[{"href":"https:\/\/jenninger.se\/index.php?rest_route=\/wp\/v2\/types\/page"}],"author":[{"embeddable":true,"href":"https:\/\/jenninger.se\/index.php?rest_route=\/wp\/v2\/users\/1"}],"replies":[{"embeddable":true,"href":"https:\/\/jenninger.se\/index.php?rest_route=%2Fwp%2Fv2%2Fcomments&post=87"}],"version-history":[{"count":32,"href":"https:\/\/jenninger.se\/index.php?rest_route=\/wp\/v2\/pages\/87\/revisions"}],"predecessor-version":[{"id":1656,"href":"https:\/\/jenninger.se\/index.php?rest_route=\/wp\/v2\/pages\/87\/revisions\/1656"}],"up":[{"embeddable":true,"href":"https:\/\/jenninger.se\/index.php?rest_route=\/wp\/v2\/pages\/10"}],"wp:attachment":[{"href":"https:\/\/jenninger.se\/index.php?rest_route=%2Fwp%2Fv2%2Fmedia&parent=87"}],"curies":[{"name":"wp","href":"https:\/\/api.w.org\/{rel}","templated":true}]}}