{"id":8,"date":"2013-05-09T21:11:09","date_gmt":"2013-05-09T19:11:09","guid":{"rendered":"http:\/\/www.jenninger.se\/?page_id=8"},"modified":"2025-05-20T10:14:21","modified_gmt":"2025-05-20T08:14:21","slug":"startsida","status":"publish","type":"page","link":"https:\/\/jenninger.se\/","title":{"rendered":"M\u00e5ns fond f\u00f6r trygghet, gemenskap och framtidstro i skolan."},"content":{"rendered":"\n<p><\/p>\n\n\n\n<div class=\"wp-block-columns is-layout-flex wp-container-core-columns-is-layout-9d6595d7 wp-block-columns-is-layout-flex\">\n<div class=\"wp-block-column is-vertically-aligned-top is-layout-flow wp-block-column-is-layout-flow\">\n<figure class=\"wp-block-image size-full is-resized\"><img loading=\"lazy\" decoding=\"async\" width=\"720\" height=\"984\" src=\"https:\/\/jenninger.se\/wp-content\/uploads\/2023\/03\/Mans-skolavslutning.jpeg\" alt=\"\" class=\"wp-image-1832\" style=\"width:252px;height:344px\" srcset=\"https:\/\/jenninger.se\/wp-content\/uploads\/2023\/03\/Mans-skolavslutning.jpeg 720w, https:\/\/jenninger.se\/wp-content\/uploads\/2023\/03\/Mans-skolavslutning-220x300.jpeg 220w\" sizes=\"auto, (max-width: 720px) 100vw, 720px\" \/><\/figure>\n<\/div>\n\n\n\n<div class=\"wp-block-column is-layout-flow wp-block-column-is-layout-flow\">\n<h6 class=\"wp-block-heading\"><span style=\"color: #333300;\"><strong><em>tyst och osynlig<br>Kommer jag alltid finnas kvar<br>i allas hj\u00e4rtan<br>kommer se allas uppv\u00e4xt<br>Jag \u00e4lskar er alla<br>men jag orkar inte mera<\/em><\/strong><\/span> <\/h6>\n\n\n\n<h6 class=\"wp-block-heading\">En dikt av M\u00e5ns<\/h6>\n<\/div>\n<\/div>\n\n\n\n<h2 class=\"wp-block-heading\">I skolan blev M\u00e5ns trakasserad, h\u00e5nad, utfryst, hotad och slagen. I sex \u00e5r.<\/h2>\n\n\n\n<p><strong>Rektor, l\u00e4rare och elever, ja alla visste vad som h\u00e4nde. Men inte vi f\u00f6r\u00e4ldrar.  Blir man s\u00e5 f\u00f6rnedrad ber\u00e4ttar man ingenting hemma.<\/strong><\/p>\n\n\n\n<p><strong>Skolan \u00e4r av avg\u00f6rande betydelse f\u00f6r v\u00e5ra barn. Men mobbning, psykisk oh\u00e4lsa och ensamhet \u00f6kar. 14 barn under 15 \u00e5r tog sitt liv 2022. Men det finns skolor som v\u00e4nder otryggheten och skapar meningsfullhet. De har t\u00e4nkt nytt, gjort f\u00f6r\u00e4ndringar i sin organisation och sitt s\u00e4tt att arbeta. Varje \u00e5r bel\u00f6nar vi n\u00e5gon\/n\u00e5gra s\u00e5dana f\u00f6red\u00f6men. L\u00e4s om dem h\u00e4r p\u00e5 hemsidan och ge ditt st\u00f6d till M\u00e5ns och andra barns minne.<\/strong><\/p>\n\n\n\n<h2 class=\"wp-block-heading has-background\" style=\"background:linear-gradient(135deg,rgb(238,238,238) 0%,rgb(169,184,195) 84%)\">Vill du ge en g\u00e5va till Insamlingsstiftelsen M\u00e5ns Jenningers minnesfond?<br><strong>Bankgiro: 105-5953<\/strong><br><strong>Swish: 1232367266<\/strong><\/h2>\n\n\n\n<p><strong>N\u00e4r skolan inte fungerar \u00e4r det en katastrof f\u00f6r en hel familj. Med &#8221;hemmasittning&#8221; och mobbning f\u00f6rlorar ett barn sin r\u00e4tt till utbildning och en trygg framtid. Kontakta oss p\u00e5 mailadress <\/strong><a href=\"mailto:mansstiftelse@gmail.com\" target=\"_blank\" rel=\"noreferrer noopener\">mansstiftelse@gmail.com<\/a><\/p>\n\n\n\n<p><\/p>\n\n\n\n<p><\/p>\n\n\n\n<p><em>B<\/em>i<em>lden p\u00e5 M\u00e5ns, 11 \u00e5r, \u00e4r fr\u00e5n Solklinten, h\u00f6gsta punkten p\u00e5 Tj\u00f6rn. Vad g\u00f6r ett nyfiket barn p\u00e5 en s\u00e5dan plats? Jo, sj\u00e4lvklart, m\u00e5ste unders\u00f6ka hur det k\u00e4nns att vara en fiskm\u00e5s och sv\u00e4va s\u00e5 d\u00e4r h\u00f6gt \u00f6ver klippor och fj\u00e4rdar&#8230;<\/em><\/p>\n\n\n\n\n\n<p><\/p>\n\n\n\n<!--more-->\n\n\n\n<p><\/p>\n\n\n\n<h2 class=\"wp-block-heading has-black-color has-text-color\">Manifest f\u00f6r en trygg skola<\/h2>\n\n\n\n<p><strong>Ja, hur g\u00f6r de? N\u00e5gra exempel p\u00e5 forskningen och hur v\u00e5ra f\u00f6rebilder arbetar f\u00f6rtydligar vad det kan inneb\u00e4ra:<\/strong> <\/p>\n\n\n\n<ul class=\"wp-block-list\">\n<li>Rektor leder det pedagogiska arbetet till samsyn och tydlighet med omsorg f\u00f6r personalens h\u00e4lsa och trygghet.<\/li>\n\n\n\n<li>Personalen bygger goda och trygga relationer mellan samtliga i skolan. Det skapar \u00f6msesidig respekt n\u00e4r man blir sedd och lyssnad p\u00e5.<\/li>\n\n\n\n<li>En n\u00e4rvarande elevh\u00e4lsa \u00e4r navet i skolans arbete. Det skapar trygghet f\u00f6r b\u00e5de elever och personal n\u00e4r det finns en sj\u00e4lvklar struktur att v\u00e4nda sig till f\u00f6r omedelbart st\u00f6d och direkt lots vidare till expertis utanf\u00f6r skolan.<\/li>\n\n\n\n<li>Eleverna \u00e4r delaktiga i valet av arbetss\u00e4tt och trygghetsarbete.<\/li>\n\n\n\n<li>Ett omsorgsfullt fr\u00e4mjande och f\u00f6rebyggande arbete g\u00f6r risk- och friskbed\u00f6mningar, b\u00e5de av arbetsmilj\u00f6n och f\u00f6r individer.<\/li>\n\n\n\n<li>V\u00e5rdnadshavarna kan delta i trygghetsarbetet.<\/li>\n\n\n\n<li>Skolan organiserar personalledd rastverksamhet f\u00f6r elevernas fysiska aktivitet och relationsbygge.<\/li>\n<\/ul>\n\n\n\n<p><strong>Insamlingsstiftelsen M\u00e5ns Jenningers minnesfond&nbsp;&nbsp;&nbsp;&nbsp;<\/strong><\/p>\n\n\n\n<h1 class=\"wp-block-heading\"><\/h1>\n\n\n\n<div class=\"wp-block-columns is-layout-flex wp-container-core-columns-is-layout-9d6595d7 wp-block-columns-is-layout-flex\">\n<div class=\"wp-block-column is-layout-flow wp-block-column-is-layout-flow\"><\/div>\n\n\n\n<div class=\"wp-block-column is-layout-flow wp-block-column-is-layout-flow\"><\/div>\n<\/div>\n","protected":false},"excerpt":{"rendered":"<p>tyst och osynligKommer jag alltid finnas kvari allas hj\u00e4rtankommer se allas uppv\u00e4xtJag \u00e4lskar er allamen jag orkar inte mera En dikt av M\u00e5ns I skolan blev M\u00e5ns trakasserad, h\u00e5nad, utfryst, hotad och slagen. I sex \u00e5r. Rektor, l\u00e4rare och elever, ja alla visste vad som h\u00e4nde. Men inte vi f\u00f6r\u00e4ldrar. Blir man s\u00e5 f\u00f6rnedrad ber\u00e4ttar [&hellip;]<\/p>\n","protected":false},"author":1,"featured_media":0,"parent":0,"menu_order":0,"comment_status":"closed","ping_status":"open","template":"","meta":{"_themeisle_gutenberg_block_has_review":false,"footnotes":""},"class_list":["post-8","page","type-page","status-publish","hentry"],"_links":{"self":[{"href":"https:\/\/jenninger.se\/index.php?rest_route=\/wp\/v2\/pages\/8","targetHints":{"allow":["GET"]}}],"collection":[{"href":"https:\/\/jenninger.se\/index.php?rest_route=\/wp\/v2\/pages"}],"about":[{"href":"https:\/\/jenninger.se\/index.php?rest_route=\/wp\/v2\/types\/page"}],"author":[{"embeddable":true,"href":"https:\/\/jenninger.se\/index.php?rest_route=\/wp\/v2\/users\/1"}],"replies":[{"embeddable":true,"href":"https:\/\/jenninger.se\/index.php?rest_route=%2Fwp%2Fv2%2Fcomments&post=8"}],"version-history":[{"count":177,"href":"https:\/\/jenninger.se\/index.php?rest_route=\/wp\/v2\/pages\/8\/revisions"}],"predecessor-version":[{"id":2316,"href":"https:\/\/jenninger.se\/index.php?rest_route=\/wp\/v2\/pages\/8\/revisions\/2316"}],"wp:attachment":[{"href":"https:\/\/jenninger.se\/index.php?rest_route=%2Fwp%2Fv2%2Fmedia&parent=8"}],"curies":[{"name":"wp","href":"https:\/\/api.w.org\/{rel}","templated":true}]}}