{"id":767,"date":"2018-06-08T13:15:45","date_gmt":"2018-06-08T11:15:45","guid":{"rendered":"http:\/\/www.jenninger.se\/?page_id=767"},"modified":"2019-06-04T10:48:10","modified_gmt":"2019-06-04T08:48:10","slug":"minnesstipendium-2018-2","status":"publish","type":"page","link":"https:\/\/jenninger.se\/?page_id=767","title":{"rendered":"Minnesstipendium 2018"},"content":{"rendered":"<p>2018 g\u00e5r stipendiet ur M\u00e5ns Jenningers minnesfond till Maya Runhagen, 10 \u00e5r, i Uppsala med motiveringen att hon i handling visat att &#8221;alla i skolan har r\u00e4tt till trygghet och gemenskap&#8221;. Inslaget \u00e4r h\u00e4mtat ut SvT:s nyhetsprogram.<div style=\"width: 629px;\" class=\"wp-video\"><video class=\"wp-video-shortcode\" id=\"video-767-1\" width=\"629\" height=\"501\" preload=\"metadata\" controls=\"controls\"><source type=\"video\/mp4\" src=\"http:\/\/www.jenninger.se\/wp-content\/uploads\/2018\/06\/maya.mp4?_=1\" \/><a href=\"http:\/\/www.jenninger.se\/wp-content\/uploads\/2018\/06\/maya.mp4\">http:\/\/www.jenninger.se\/wp-content\/uploads\/2018\/06\/maya.mp4<\/a><\/video><\/div> L\u00e4s om Maya Runhagen h\u00e4r: <a href=\"https:\/\/www.svt.se\/nyheter\/lokalt\/uppsala\/10-ariga-forelasaren-maya-far-stipendium\">https:\/\/www.svt.se\/nyheter\/lokalt\/uppsala\/10-ariga-forelasaren-maya-far-stipendium<\/a><\/p>\n","protected":false},"excerpt":{"rendered":"<p>2018 g\u00e5r stipendiet ur M\u00e5ns Jenningers minnesfond till Maya Runhagen, 10 \u00e5r, i Uppsala med motiveringen att hon i handling visat att &#8221;alla i skolan har r\u00e4tt till trygghet och gemenskap&#8221;. Inslaget \u00e4r h\u00e4mtat ut SvT:s nyhetsprogram. L\u00e4s om Maya Runhagen h\u00e4r: https:\/\/www.svt.se\/nyheter\/lokalt\/uppsala\/10-ariga-forelasaren-maya-far-stipendium<\/p>\n","protected":false},"author":1,"featured_media":0,"parent":0,"menu_order":0,"comment_status":"closed","ping_status":"closed","template":"","meta":{"_themeisle_gutenberg_block_has_review":false,"footnotes":""},"class_list":["post-767","page","type-page","status-publish","hentry"],"_links":{"self":[{"href":"https:\/\/jenninger.se\/index.php?rest_route=\/wp\/v2\/pages\/767","targetHints":{"allow":["GET"]}}],"collection":[{"href":"https:\/\/jenninger.se\/index.php?rest_route=\/wp\/v2\/pages"}],"about":[{"href":"https:\/\/jenninger.se\/index.php?rest_route=\/wp\/v2\/types\/page"}],"author":[{"embeddable":true,"href":"https:\/\/jenninger.se\/index.php?rest_route=\/wp\/v2\/users\/1"}],"replies":[{"embeddable":true,"href":"https:\/\/jenninger.se\/index.php?rest_route=%2Fwp%2Fv2%2Fcomments&post=767"}],"version-history":[{"count":6,"href":"https:\/\/jenninger.se\/index.php?rest_route=\/wp\/v2\/pages\/767\/revisions"}],"predecessor-version":[{"id":1334,"href":"https:\/\/jenninger.se\/index.php?rest_route=\/wp\/v2\/pages\/767\/revisions\/1334"}],"wp:attachment":[{"href":"https:\/\/jenninger.se\/index.php?rest_route=%2Fwp%2Fv2%2Fmedia&parent=767"}],"curies":[{"name":"wp","href":"https:\/\/api.w.org\/{rel}","templated":true}]}}