{"id":512,"date":"2013-05-13T13:12:15","date_gmt":"2013-05-13T11:12:15","guid":{"rendered":"http:\/\/www.jenninger.se\/?page_id=512"},"modified":"2022-12-04T13:00:49","modified_gmt":"2022-12-04T12:00:49","slug":"vem-ar-mobbaren","status":"publish","type":"page","link":"https:\/\/jenninger.se\/?page_id=512","title":{"rendered":"Vad \u00e4r ungdomsdepression?"},"content":{"rendered":"<p>Som ton\u00e5ring k\u00e4mpar man mycket med sig sj\u00e4lv och sina relationer. Det \u00e4r ju d\u00e5 man ska l\u00e4mna barndomen med all sin trygghet och hitta sin framtid som stark, egen person. Det kan vara en sv\u00e5r tid n\u00e4r man sl\u00e4pper gamla relationer och s\u00f6ker nya. Men vi vuxna m\u00e5ste finnas d\u00e4r trots allt. H\u00e4r en lista p\u00e5 hur vi kan se, uppt\u00e4cka och f\u00f6rst\u00e5 n\u00e4r de beh\u00f6ver v\u00e5r hj\u00e4lp, men kanske mest k\u00e4nner oss avvisade. De sista kr\u00e4ver ett omedelbart ingripande om de upptr\u00e4der.<\/p>\n<p><strong>Tecken som kan tydas som ungdomsdepression:<\/strong><\/p>\n<p>\u00b4Anm\u00e4rkningsv\u00e4rt yttre beteende, aggressiv, fientlig h\u00e5llning<\/p>\n<p>\u00b4Anv\u00e4ndning av alkohol och\/eller andra droger<\/p>\n<p>\u00b4Pl\u00f6tsligt passivt beteende<\/p>\n<p>\u00b4\u00c4ndrade matvanor\/ vikt\u00f6kning eller viktminskning<\/p>\n<p>\u00b4\u00c4ndrade sovvanor, att man sover mer eller mindre \u00e4n vanligt<\/p>\n<p>\u00b4Uttryck f\u00f6r r\u00e4dsla att bli \u00f6vergiven<\/p>\n<p>\u00b4Personlighetsf\u00f6r\u00e4ndringar<\/p>\n\n\n<p>\u00b4H\u00e4ftiga lynneskast<\/p>\n\n\n\n<p>\u00b4\u00d6verdriven impulsivitet<\/p>\n\n\n\n<p>\u00b4S\u00e4mre studieresultat, skolk<\/p>\n\n\n\n<p>\u00b4Koncentrationssv\u00e5righeter<\/p>\n\n\n\n<p>\u00b4F\u00f6rlust av eller brist p\u00e5 v\u00e4nner<\/p>\n\n\n\n<p>\u00b4F\u00f6rlust av en viktig person eller sak i barnets liv<\/p>\n\n\n\n<p>\u00b4K\u00e4nsla av hoppl\u00f6shet<\/p>\n\n\n\n<p>\u00b4Fixering vid tankar p\u00e5 d\u00f6den, uttryck f\u00f6r d\u00f6dsl\u00e4ngtan<\/p>\n\n\n\n<p>\u00b4Tecken p\u00e5 att man vill skriva sitt testamente<\/p>\n","protected":false},"excerpt":{"rendered":"<p>Som ton\u00e5ring k\u00e4mpar man mycket med sig sj\u00e4lv och sina relationer. Det \u00e4r ju d\u00e5 man ska l\u00e4mna barndomen med all sin trygghet och hitta sin framtid som stark, egen person. Det kan vara en sv\u00e5r tid n\u00e4r man sl\u00e4pper gamla relationer och s\u00f6ker nya. Men vi vuxna m\u00e5ste finnas d\u00e4r trots allt. H\u00e4r en [&hellip;]<\/p>\n","protected":false},"author":1,"featured_media":0,"parent":469,"menu_order":0,"comment_status":"closed","ping_status":"open","template":"onecolumn-page.php","meta":{"_themeisle_gutenberg_block_has_review":false,"footnotes":""},"class_list":["post-512","page","type-page","status-publish","hentry"],"_links":{"self":[{"href":"https:\/\/jenninger.se\/index.php?rest_route=\/wp\/v2\/pages\/512","targetHints":{"allow":["GET"]}}],"collection":[{"href":"https:\/\/jenninger.se\/index.php?rest_route=\/wp\/v2\/pages"}],"about":[{"href":"https:\/\/jenninger.se\/index.php?rest_route=\/wp\/v2\/types\/page"}],"author":[{"embeddable":true,"href":"https:\/\/jenninger.se\/index.php?rest_route=\/wp\/v2\/users\/1"}],"replies":[{"embeddable":true,"href":"https:\/\/jenninger.se\/index.php?rest_route=%2Fwp%2Fv2%2Fcomments&post=512"}],"version-history":[{"count":4,"href":"https:\/\/jenninger.se\/index.php?rest_route=\/wp\/v2\/pages\/512\/revisions"}],"predecessor-version":[{"id":1362,"href":"https:\/\/jenninger.se\/index.php?rest_route=\/wp\/v2\/pages\/512\/revisions\/1362"}],"up":[{"embeddable":true,"href":"https:\/\/jenninger.se\/index.php?rest_route=\/wp\/v2\/pages\/469"}],"wp:attachment":[{"href":"https:\/\/jenninger.se\/index.php?rest_route=%2Fwp%2Fv2%2Fmedia&parent=512"}],"curies":[{"name":"wp","href":"https:\/\/api.w.org\/{rel}","templated":true}]}}