{"id":503,"date":"2013-05-13T12:57:54","date_gmt":"2013-05-13T10:57:54","guid":{"rendered":"http:\/\/www.jenninger.se\/?page_id=503"},"modified":"2022-12-04T12:59:39","modified_gmt":"2022-12-04T11:59:39","slug":"en-mobbad-berattar-inte","status":"publish","type":"page","link":"https:\/\/jenninger.se\/?page_id=503","title":{"rendered":"S\u00e5 vad g\u00f6r de framg\u00e5ngsrika skolorna?"},"content":{"rendered":"\n<p>Under de senaste \u00e5ren har M\u00e5ns Jenningers minnesfond uppm\u00e4rksammat flera skolor (se vilka under rubriken Minnesfonden) som arbetar med liknande koncept f\u00f6r trygghet och sammanhang som \u00e4r en f\u00f6ruts\u00e4ttning f\u00f6r elevernas och l\u00e4rarnas arbetsro och trygga utveckling. Deras erfarenheter tillsammans med skolans styrdokument och tillg\u00e4nglig forskning kan sammanfattas som minnesfondens manifest f\u00f6r hur v\u00e5ra skolor kan lyckas:<\/p>\n\n\n\n<ul class=\"wp-block-list\">\n<li><strong>\u00b4Att skolan grundar sitt arbete p\u00e5 att bygga goda och trygga relationer mellan samtliga som i skolan har sin arbetsplats. Att bli sedd och lyssnad p\u00e5 \u00e4r grunden till \u00f6msesidig respekt.<\/strong><\/li>\n\n\n\n<li><strong>\u00b4Att en n\u00e4rvarande elevh\u00e4lsa \u00e4r navet i skolans arbete. Det skapar trygghet f\u00f6r b\u00e5de elever och personal att det finns en sj\u00e4lvklar struktur att v\u00e4nda sig f\u00f6r omedelbart st\u00f6d och direkt lots vidare i samh\u00e4llet.<\/strong><\/li>\n\n\n\n<li><strong>\u00b4Att eleverna \u00e4r delaktiga i valet av arbetss\u00e4tt och trygghetsarbete.<\/strong><\/li>\n\n\n\n<li><strong>\u00b4Att ett omsorgsfullt fr\u00e4mjande och f\u00f6rebyggande arbete g\u00f6r risk- och friskbed\u00f6mningar, b\u00e5de av arbetsmilj\u00f6n och f\u00f6r individer.<\/strong><\/li>\n\n\n\n<li><strong>\u00b4Att v\u00e5rdnadshavare deltar i trygghetsarbetet.<\/strong><\/li>\n\n\n\n<li><strong>\u00b4Att personalen m\u00f6ter arbetsplatsen med samsyn och tydlighet.<\/strong><\/li>\n\n\n\n<li><strong>\u00b4Att skolan organiserar personalledd rastverksamhet f\u00f6r elevernas fysiska aktivitet och relationsbygge.<\/strong><\/li>\n<\/ul>\n","protected":false},"excerpt":{"rendered":"<p>Under de senaste \u00e5ren har M\u00e5ns Jenningers minnesfond uppm\u00e4rksammat flera skolor (se vilka under rubriken Minnesfonden) som arbetar med liknande koncept f\u00f6r trygghet och sammanhang som \u00e4r en f\u00f6ruts\u00e4ttning f\u00f6r elevernas och l\u00e4rarnas arbetsro och trygga utveckling. Deras erfarenheter tillsammans med skolans styrdokument och tillg\u00e4nglig forskning kan sammanfattas som minnesfondens manifest f\u00f6r hur v\u00e5ra skolor [&hellip;]<\/p>\n","protected":false},"author":1,"featured_media":0,"parent":469,"menu_order":0,"comment_status":"closed","ping_status":"open","template":"onecolumn-page.php","meta":{"_themeisle_gutenberg_block_has_review":false,"footnotes":""},"class_list":["post-503","page","type-page","status-publish","hentry"],"_links":{"self":[{"href":"https:\/\/jenninger.se\/index.php?rest_route=\/wp\/v2\/pages\/503","targetHints":{"allow":["GET"]}}],"collection":[{"href":"https:\/\/jenninger.se\/index.php?rest_route=\/wp\/v2\/pages"}],"about":[{"href":"https:\/\/jenninger.se\/index.php?rest_route=\/wp\/v2\/types\/page"}],"author":[{"embeddable":true,"href":"https:\/\/jenninger.se\/index.php?rest_route=\/wp\/v2\/users\/1"}],"replies":[{"embeddable":true,"href":"https:\/\/jenninger.se\/index.php?rest_route=%2Fwp%2Fv2%2Fcomments&post=503"}],"version-history":[{"count":4,"href":"https:\/\/jenninger.se\/index.php?rest_route=\/wp\/v2\/pages\/503\/revisions"}],"predecessor-version":[{"id":1731,"href":"https:\/\/jenninger.se\/index.php?rest_route=\/wp\/v2\/pages\/503\/revisions\/1731"}],"up":[{"embeddable":true,"href":"https:\/\/jenninger.se\/index.php?rest_route=\/wp\/v2\/pages\/469"}],"wp:attachment":[{"href":"https:\/\/jenninger.se\/index.php?rest_route=%2Fwp%2Fv2%2Fmedia&parent=503"}],"curies":[{"name":"wp","href":"https:\/\/api.w.org\/{rel}","templated":true}]}}