{"id":472,"date":"2013-05-13T12:27:03","date_gmt":"2013-05-13T10:27:03","guid":{"rendered":"http:\/\/www.jenninger.se\/?page_id=472"},"modified":"2023-05-18T11:12:21","modified_gmt":"2023-05-18T09:12:21","slug":"skollagen","status":"publish","type":"page","link":"https:\/\/jenninger.se\/?page_id=472","title":{"rendered":"Varf\u00f6r m\u00e5r s\u00e5 m\u00e5nga unga s\u00e5 d\u00e5ligt?"},"content":{"rendered":"<p>Det finns m\u00e5nga orsaker till psykisk oh\u00e4lsa bland v\u00e5ra unga. WHOs unders\u00f6kning vart fj\u00e4rde \u00e5r, Skolbarns h\u00e4lsovanor, visar att den blir allt s\u00e4mre. Och i Sverige \u00f6kar den mest.<\/p>\n<p>I enk\u00e4ten fr\u00e5gar man efter \u00e5tta olika besv\u00e4r de unga kan t\u00e4nkas k\u00e4nna igen. De fyra psykiska besv\u00e4ren \u00e4r: <i>varit irriterad eller p\u00e5 d\u00e5ligt hum\u00f6r, k\u00e4nt sig nere, k\u00e4nt sig nerv\u00f6s och haft sv\u00e5rt att somna.<\/i> &nbsp;De fyra somatiska besv\u00e4ren \u00e4r&nbsp;<i>huvudv\u00e4rk, ont i magen, ont i ryggen och yrsel.<\/i> Andelen elever som angett att de haft minst tv\u00e5 psykosomatiska besv\u00e4r i veckan under en sexm\u00e5nadersperiod har \u00f6kat kontinuerligt sedan mitten av 80-talet.<\/p>\n<p>De fr\u00e4msta orsakerna till oh\u00e4lsan unders\u00f6kningen pekar p\u00e5:<\/p>\n<p>\u00b4<b>Stress<\/b><\/p>\n<p>\u00b4<b>Kroppsfixering, sexualitet, k\u00f6nsidentitet, gruppidentitet<\/b><\/p>\n<p>\u00b4<b>Familj, fattigdom, tr\u00e5ngboddhet, arbetsl\u00f6shet<\/b><\/p>\n<p>\u00b4<b>Diskriminering<\/b><\/p>\n<p>\u00b4<b>Funktionsneds\u00e4ttning<\/b><\/p>\n<p>\u00b4<b>Oro f\u00f6r milj\u00f6, krig, familj och kompisar<\/b><\/p>\n<p>\u00b4<b>Kriminalitet, v\u00e5ld <\/b><\/p>\n<p>\u00b4<b>Mobbning<\/b><\/p>\n<h3>Den senaste rapporten Skolbarns h\u00e4lsovanor 2022:<\/h3>\n<p><a href=\"https:\/\/www.folkhalsomyndigheten.se\/folkhalsorapportering-statistik\/tolkad-rapportering\/skolbarns-halsovanor\/\">https:\/\/www.folkhalsomyndigheten.se\/folkhalsorapportering-statistik\/tolkad-rapportering\/skolbarns-halsovanor\/<\/a><\/p>\n\n\n<p><\/p>\n\n\n\n<p><strong>Debattartikel i GP 23-05-10. Bristen p\u00e5 fungerande elevh\u00e4lsa i skolan g\u00f6r att barn g\u00e5r under:<\/strong><\/p>\n\n\n\n<p><a href=\"https:\/\/www.gp.se\/debatt\/bristen-p%C3%A5-fungerande-elevh%C3%A4lsa-i-skolan-g%C3%B6r-att-barn-g%C3%A5r-under-1.99044589\">https:\/\/www.gp.se\/debatt\/bristen-p%C3%A5-fungerande-elevh%C3%A4lsa-i-skolan-g%C3%B6r-att-barn-g%C3%A5r-under-1.99044589<\/a><\/p>\n\n\n\n<p>N\u00e4r eleverna sj\u00e4lva ber\u00e4ttar bekr\u00e4ftar de inte bara orsakerna till stressen, de vet ocks\u00e5 var l\u00f6sningarna finns. Elever m\u00e5r bra n\u00e4r l\u00e4rarna m\u00e5r bra!<\/p>\n\n\n\n<p><a href=\"https:\/\/sverigesradio.se\/artikel\/farre-trivs-i-skolan-niorna-nellie-och-zelma-vet-varfor-ett-stort-problem?fbclid=iwar2uyynzlok2rqrkj4xjtxwm4oytxpspyrzozannizohpyrmpzvjvlm35t0\">https:\/\/sverigesradio.se\/artikel\/farre-trivs-i-skolan-niorna-nellie-och-zelma-vet-varfor-ett-stort-problem?fbclid=iwar2uyynzlok2rqrkj4xjtxwm4oytxpspyrzozannizohpyrmpzvjvlm35t0<\/a><\/p>\n","protected":false},"excerpt":{"rendered":"<p>Det finns m\u00e5nga orsaker till psykisk oh\u00e4lsa bland v\u00e5ra unga. WHOs unders\u00f6kning vart fj\u00e4rde \u00e5r, Skolbarns h\u00e4lsovanor, visar att den blir allt s\u00e4mre. Och i Sverige \u00f6kar den mest. I enk\u00e4ten fr\u00e5gar man efter \u00e5tta olika besv\u00e4r de unga kan t\u00e4nkas k\u00e4nna igen. De fyra psykiska besv\u00e4ren \u00e4r: varit irriterad eller p\u00e5 d\u00e5ligt hum\u00f6r, k\u00e4nt [&hellip;]<\/p>\n","protected":false},"author":1,"featured_media":0,"parent":469,"menu_order":0,"comment_status":"closed","ping_status":"open","template":"onecolumn-page.php","meta":{"_themeisle_gutenberg_block_has_review":false,"footnotes":""},"class_list":["post-472","page","type-page","status-publish","hentry"],"_links":{"self":[{"href":"https:\/\/jenninger.se\/index.php?rest_route=\/wp\/v2\/pages\/472","targetHints":{"allow":["GET"]}}],"collection":[{"href":"https:\/\/jenninger.se\/index.php?rest_route=\/wp\/v2\/pages"}],"about":[{"href":"https:\/\/jenninger.se\/index.php?rest_route=\/wp\/v2\/types\/page"}],"author":[{"embeddable":true,"href":"https:\/\/jenninger.se\/index.php?rest_route=\/wp\/v2\/users\/1"}],"replies":[{"embeddable":true,"href":"https:\/\/jenninger.se\/index.php?rest_route=%2Fwp%2Fv2%2Fcomments&post=472"}],"version-history":[{"count":11,"href":"https:\/\/jenninger.se\/index.php?rest_route=\/wp\/v2\/pages\/472\/revisions"}],"predecessor-version":[{"id":1934,"href":"https:\/\/jenninger.se\/index.php?rest_route=\/wp\/v2\/pages\/472\/revisions\/1934"}],"up":[{"embeddable":true,"href":"https:\/\/jenninger.se\/index.php?rest_route=\/wp\/v2\/pages\/469"}],"wp:attachment":[{"href":"https:\/\/jenninger.se\/index.php?rest_route=%2Fwp%2Fv2%2Fmedia&parent=472"}],"curies":[{"name":"wp","href":"https:\/\/api.w.org\/{rel}","templated":true}]}}