{"id":448,"date":"2013-05-13T11:12:35","date_gmt":"2013-05-13T09:12:35","guid":{"rendered":"http:\/\/www.jenninger.se\/?page_id=448"},"modified":"2013-05-13T11:12:35","modified_gmt":"2013-05-13T09:12:35","slug":"ur-skolverkets-beslut-torpskolan","status":"publish","type":"page","link":"https:\/\/jenninger.se\/?page_id=448","title":{"rendered":"Ur Skolverkets beslut, Torpskolan"},"content":{"rendered":"<p>&#8221;&#8212;Utredningen visar att skolan f\u00e5tt tydliga signaler om att M blev kr\u00e4nkt. De \u00e5tg\u00e4rder som vidtogs synes fr\u00e4mst och periodvis ha best\u00e5tt av samtal med de inblandade eleverna. Utredningen visar att skolorna inte vid n\u00e5got enda tillf\u00e4lle gjort en samlad analys av situationen baserad p\u00e5 en kartl\u00e4ggning av de faktiska omst\u00e4ndigheterna och inte heller arbetat metodiskt och systematiskt f\u00f6r att skyndsamt f\u00e5 stopp p\u00e5 kr\u00e4nkningarna av M. &#8212;&#8221;<\/p>\n<p>&#8221;&#8212;Tv\u00e4rtom \u00e4r det skolans ansvar att informera f\u00f6r\u00e4ldrar till s\u00e5v\u00e4l utsatta elever som elever som uts\u00e4tter andra f\u00f6r kr\u00e4nkande behandling. &#8212;&#8221;<\/p>\n","protected":false},"excerpt":{"rendered":"<p>&#8221;&#8212;Utredningen visar att skolan f\u00e5tt tydliga signaler om att M blev kr\u00e4nkt. De \u00e5tg\u00e4rder som vidtogs synes fr\u00e4mst och periodvis ha best\u00e5tt av samtal med de inblandade eleverna. Utredningen visar att skolorna inte vid n\u00e5got enda tillf\u00e4lle gjort en samlad analys av situationen baserad p\u00e5 en kartl\u00e4ggning av de faktiska omst\u00e4ndigheterna och inte heller arbetat [&hellip;]<\/p>\n","protected":false},"author":1,"featured_media":0,"parent":435,"menu_order":0,"comment_status":"open","ping_status":"open","template":"onecolumn-page.php","meta":{"_themeisle_gutenberg_block_has_review":false,"footnotes":""},"class_list":["post-448","page","type-page","status-publish","hentry"],"_links":{"self":[{"href":"https:\/\/jenninger.se\/index.php?rest_route=\/wp\/v2\/pages\/448","targetHints":{"allow":["GET"]}}],"collection":[{"href":"https:\/\/jenninger.se\/index.php?rest_route=\/wp\/v2\/pages"}],"about":[{"href":"https:\/\/jenninger.se\/index.php?rest_route=\/wp\/v2\/types\/page"}],"author":[{"embeddable":true,"href":"https:\/\/jenninger.se\/index.php?rest_route=\/wp\/v2\/users\/1"}],"replies":[{"embeddable":true,"href":"https:\/\/jenninger.se\/index.php?rest_route=%2Fwp%2Fv2%2Fcomments&post=448"}],"version-history":[{"count":1,"href":"https:\/\/jenninger.se\/index.php?rest_route=\/wp\/v2\/pages\/448\/revisions"}],"predecessor-version":[{"id":449,"href":"https:\/\/jenninger.se\/index.php?rest_route=\/wp\/v2\/pages\/448\/revisions\/449"}],"up":[{"embeddable":true,"href":"https:\/\/jenninger.se\/index.php?rest_route=\/wp\/v2\/pages\/435"}],"wp:attachment":[{"href":"https:\/\/jenninger.se\/index.php?rest_route=%2Fwp%2Fv2%2Fmedia&parent=448"}],"curies":[{"name":"wp","href":"https:\/\/api.w.org\/{rel}","templated":true}]}}