{"id":445,"date":"2013-05-13T11:11:44","date_gmt":"2013-05-13T09:11:44","guid":{"rendered":"http:\/\/www.jenninger.se\/?page_id=445"},"modified":"2013-05-13T11:11:44","modified_gmt":"2013-05-13T09:11:44","slug":"ur-skolverkets-beslut-almekarrsskolan","status":"publish","type":"page","link":"https:\/\/jenninger.se\/?page_id=445","title":{"rendered":"Ur Skolverkets beslut, Almek\u00e4rrsskolan"},"content":{"rendered":"<p>&#8221;&#8212;Under l\u00e4s\u00e5ret 2002\/2003 genomf\u00f6rde skolan 43 elevsamtal i fyra \u00e4renden, varav M f\u00f6rekom i 32. Av anteckningar fr\u00e5n samtalen med ett femtontal elever under perioden fr\u00e5n den 6 december 2002 till den 20 maj 2003 framg\u00e5r bl a att M blev utsatt f\u00f6r s\u00e5v\u00e4l fysiska, verbala som psykosociala kr\u00e4nkningar av ett antal elever&#8212;<\/p>\n<p>&#8212;Klassl\u00e4rare, specialpedagog eller rektor har inte bed\u00f6mt det vara aktuellt att ta upp M p\u00e5 n\u00e5gon elevv\u00e5rdskonferens eller att han var i behov av \u00e5tg\u00e4rdsprogram.&#8212;&#8221;<\/p>\n","protected":false},"excerpt":{"rendered":"<p>&#8221;&#8212;Under l\u00e4s\u00e5ret 2002\/2003 genomf\u00f6rde skolan 43 elevsamtal i fyra \u00e4renden, varav M f\u00f6rekom i 32. Av anteckningar fr\u00e5n samtalen med ett femtontal elever under perioden fr\u00e5n den 6 december 2002 till den 20 maj 2003 framg\u00e5r bl a att M blev utsatt f\u00f6r s\u00e5v\u00e4l fysiska, verbala som psykosociala kr\u00e4nkningar av ett antal elever&#8212; &#8212;Klassl\u00e4rare, specialpedagog [&hellip;]<\/p>\n","protected":false},"author":1,"featured_media":0,"parent":435,"menu_order":0,"comment_status":"open","ping_status":"open","template":"onecolumn-page.php","meta":{"_themeisle_gutenberg_block_has_review":false,"footnotes":""},"class_list":["post-445","page","type-page","status-publish","hentry"],"_links":{"self":[{"href":"https:\/\/jenninger.se\/index.php?rest_route=\/wp\/v2\/pages\/445","targetHints":{"allow":["GET"]}}],"collection":[{"href":"https:\/\/jenninger.se\/index.php?rest_route=\/wp\/v2\/pages"}],"about":[{"href":"https:\/\/jenninger.se\/index.php?rest_route=\/wp\/v2\/types\/page"}],"author":[{"embeddable":true,"href":"https:\/\/jenninger.se\/index.php?rest_route=\/wp\/v2\/users\/1"}],"replies":[{"embeddable":true,"href":"https:\/\/jenninger.se\/index.php?rest_route=%2Fwp%2Fv2%2Fcomments&post=445"}],"version-history":[{"count":1,"href":"https:\/\/jenninger.se\/index.php?rest_route=\/wp\/v2\/pages\/445\/revisions"}],"predecessor-version":[{"id":446,"href":"https:\/\/jenninger.se\/index.php?rest_route=\/wp\/v2\/pages\/445\/revisions\/446"}],"up":[{"embeddable":true,"href":"https:\/\/jenninger.se\/index.php?rest_route=\/wp\/v2\/pages\/435"}],"wp:attachment":[{"href":"https:\/\/jenninger.se\/index.php?rest_route=%2Fwp%2Fv2%2Fmedia&parent=445"}],"curies":[{"name":"wp","href":"https:\/\/api.w.org\/{rel}","templated":true}]}}