{"id":419,"date":"2013-05-13T10:36:47","date_gmt":"2013-05-13T08:36:47","guid":{"rendered":"http:\/\/www.jenninger.se\/?page_id=419"},"modified":"2013-05-13T10:36:47","modified_gmt":"2013-05-13T08:36:47","slug":"dikt-av-maria-franssonstipendiat-2008","status":"publish","type":"page","link":"https:\/\/jenninger.se\/?page_id=419","title":{"rendered":"Dikt av Maria Fransson,stipendiat 2008"},"content":{"rendered":"<p><strong>Maria Fransson i klass 8 i Stenkulans skola, fick ensam M\u00e5ns Minnesstipendium 2008. Vid Minnesstunden l\u00e4ste hon sj\u00e4lv upp denna dikt.<\/strong><\/p>\n<p>Det \u00e4r sv\u00e5rt att g\u00f6ra om k\u00e4nslor till ord men jag skall g\u00f6ra mitt b\u00e4sta.<\/p>\n<p>Jag trodde att jag aldrig skulle beh\u00f6va k\u00e4nna s\u00e5h\u00e4r.<\/p>\n<p>Varf\u00f6r skall man beh\u00f6va bli utsatt f\u00f6r mobbning pga av ett utseende?<\/p>\n<p>Varf\u00f6r skall man beh\u00f6va bli utsatt f\u00f6r mobbning<\/p>\n<p>\u00f6verhuvudtaget?<\/p>\n<p>Jag f\u00f6rst\u00e5r mig inte p\u00e5 dagens samh\u00e4lle.<\/p>\n<p>De flesta tycker att alla skall vara likadana och se ut p\u00e5 ett<\/p>\n<p>visst s\u00e4tt.<\/p>\n<p>Men varf\u00f6r blev vi skapta olika om alla skulle vara likadana?<\/p>\n<p>Jag kommer ih\u00e5g hur det var att alltid k\u00e4nna den d\u00e4r klumpen i<\/p>\n<p>magen innan skolan.<\/p>\n<p>Jag kommer ih\u00e5g alla gr\u00e5tattacker jag fick om kv\u00e4llarna.<\/p>\n<p>Jag kommer ih\u00e5g alla s\u00f6mnl\u00f6sa n\u00e4tter pga oro till att g\u00e5 till<\/p>\n<p>skolan n\u00e4sta dag.<\/p>\n<p>Jag kommer ih\u00e5g allt, hur kan ett antal m\u00e4nniskor g\u00f6ra s\u00e5 mot en<\/p>\n<p>m\u00e4nniska?<\/p>\n<p>Det \u00e4r fegt och allt best\u00e5r bara av avundsjuka.<\/p>\n<p>Alla dumma sakerna de sa, alla dumma sakerna de gjorde<\/p>\n<p>har fastnat<\/p>\n<p>i mina tankar och finns d\u00e4r hela tiden.<\/p>\n<p>Det g\u00f6r ont i hj\u00e4rtat varje g\u00e5ng jag ser n\u00e5gon som blir retad eller<\/p>\n<p>utsatt f\u00f6r mobbning.<\/p>\n<p>det k\u00e4nns som om n\u00e5gon stuckit en kniv i hj\u00e4rtat p\u00e5 mig, vridit<\/p>\n<p>om och g\u00e5tt d\u00e4rifr\u00e5n.<\/p>\n<p>Jag m\u00e5r bra nu tack vare min underbara familj,<\/p>\n<p>mamma och pappa som alltid fanns d\u00e4r f\u00f6r mig och lilla syster<\/p>\n<p>Helene<\/p>\n<p>som jag \u00e4lskar mest p\u00e5 jorden.<\/p>\n<p>Jag vill \u00e4ven tacka mina v\u00e4nner och nuvarande klasskamrater<\/p>\n<p>som har hj\u00e4lpt mig<\/p>\n<p>att l\u00e4gga det gamla bakom mig och hj\u00e4lpt mig att g\u00e5 vidare.<\/p>\n<p>Nu vill jag hj\u00e4lpa andra, vara en bra f\u00f6rebild.<\/p>\n<p>Jag m\u00e5r som sagt bra och tillsammans kan vi g\u00f6ra s\u00e5 att andra<\/p>\n<p>m\u00e4nniskor m\u00e5r b\u00e4ttre.<\/p>\n","protected":false},"excerpt":{"rendered":"<p>Maria Fransson i klass 8 i Stenkulans skola, fick ensam M\u00e5ns Minnesstipendium 2008. Vid Minnesstunden l\u00e4ste hon sj\u00e4lv upp denna dikt. Det \u00e4r sv\u00e5rt att g\u00f6ra om k\u00e4nslor till ord men jag skall g\u00f6ra mitt b\u00e4sta. Jag trodde att jag aldrig skulle beh\u00f6va k\u00e4nna s\u00e5h\u00e4r. Varf\u00f6r skall man beh\u00f6va bli utsatt f\u00f6r mobbning pga av [&hellip;]<\/p>\n","protected":false},"author":1,"featured_media":0,"parent":0,"menu_order":0,"comment_status":"open","ping_status":"open","template":"onecolumn-page.php","meta":{"_themeisle_gutenberg_block_has_review":false,"footnotes":""},"class_list":["post-419","page","type-page","status-publish","hentry"],"_links":{"self":[{"href":"https:\/\/jenninger.se\/index.php?rest_route=\/wp\/v2\/pages\/419","targetHints":{"allow":["GET"]}}],"collection":[{"href":"https:\/\/jenninger.se\/index.php?rest_route=\/wp\/v2\/pages"}],"about":[{"href":"https:\/\/jenninger.se\/index.php?rest_route=\/wp\/v2\/types\/page"}],"author":[{"embeddable":true,"href":"https:\/\/jenninger.se\/index.php?rest_route=\/wp\/v2\/users\/1"}],"replies":[{"embeddable":true,"href":"https:\/\/jenninger.se\/index.php?rest_route=%2Fwp%2Fv2%2Fcomments&post=419"}],"version-history":[{"count":1,"href":"https:\/\/jenninger.se\/index.php?rest_route=\/wp\/v2\/pages\/419\/revisions"}],"predecessor-version":[{"id":420,"href":"https:\/\/jenninger.se\/index.php?rest_route=\/wp\/v2\/pages\/419\/revisions\/420"}],"wp:attachment":[{"href":"https:\/\/jenninger.se\/index.php?rest_route=%2Fwp%2Fv2%2Fmedia&parent=419"}],"curies":[{"name":"wp","href":"https:\/\/api.w.org\/{rel}","templated":true}]}}