{"id":412,"date":"2013-05-13T10:31:00","date_gmt":"2013-05-13T08:31:00","guid":{"rendered":"http:\/\/www.jenninger.se\/?page_id=412"},"modified":"2022-10-28T13:09:05","modified_gmt":"2022-10-28T11:09:05","slug":"tradet-av-karl-asplund","status":"publish","type":"page","link":"https:\/\/jenninger.se\/?page_id=412","title":{"rendered":"Tr\u00e4det, av Karl Asplund"},"content":{"rendered":"\n<p><\/p>\n\n\n\n<h3 class=\"wp-block-heading\">Vad dumt det \u00e4r att tro, att man kan gl\u00f6mma,<\/h3>\n\n\n\n<h3 class=\"wp-block-heading\">och dumt att tro, att tiden l\u00e4ker s\u00e5ren.<\/h3>\n\n\n\n<h3 class=\"wp-block-heading\">Den stora sorgen &#8211; den \u00e4r intet s\u00e5r.<\/h3>\n\n\n\n<h3 class=\"wp-block-heading\">Den \u00e4r ett fr\u00f6, som f\u00f6ll i hj\u00e4rtats g\u00f6mma<\/h3>\n\n\n\n<h3 class=\"wp-block-heading\">och gror och v\u00e4xer till ett tr\u00e4d med \u00e5ren<\/h3>\n\n\n\n<h2 class=\"wp-block-heading\">och b\u00e4r en bitter blomning varje v\u00e5r.<\/h2>\n","protected":false},"excerpt":{"rendered":"<p>Vad dumt det \u00e4r att tro, att man kan gl\u00f6mma, och dumt att tro, att tiden l\u00e4ker s\u00e5ren. Den stora sorgen &#8211; den \u00e4r intet s\u00e5r. Den \u00e4r ett fr\u00f6, som f\u00f6ll i hj\u00e4rtats g\u00f6mma och gror och v\u00e4xer till ett tr\u00e4d med \u00e5ren och b\u00e4r en bitter blomning varje v\u00e5r.<\/p>\n","protected":false},"author":1,"featured_media":0,"parent":0,"menu_order":0,"comment_status":"open","ping_status":"open","template":"onecolumn-page.php","meta":{"_themeisle_gutenberg_block_has_review":false,"footnotes":""},"class_list":["post-412","page","type-page","status-publish","hentry"],"_links":{"self":[{"href":"https:\/\/jenninger.se\/index.php?rest_route=\/wp\/v2\/pages\/412","targetHints":{"allow":["GET"]}}],"collection":[{"href":"https:\/\/jenninger.se\/index.php?rest_route=\/wp\/v2\/pages"}],"about":[{"href":"https:\/\/jenninger.se\/index.php?rest_route=\/wp\/v2\/types\/page"}],"author":[{"embeddable":true,"href":"https:\/\/jenninger.se\/index.php?rest_route=\/wp\/v2\/users\/1"}],"replies":[{"embeddable":true,"href":"https:\/\/jenninger.se\/index.php?rest_route=%2Fwp%2Fv2%2Fcomments&post=412"}],"version-history":[{"count":4,"href":"https:\/\/jenninger.se\/index.php?rest_route=\/wp\/v2\/pages\/412\/revisions"}],"predecessor-version":[{"id":1607,"href":"https:\/\/jenninger.se\/index.php?rest_route=\/wp\/v2\/pages\/412\/revisions\/1607"}],"wp:attachment":[{"href":"https:\/\/jenninger.se\/index.php?rest_route=%2Fwp%2Fv2%2Fmedia&parent=412"}],"curies":[{"name":"wp","href":"https:\/\/api.w.org\/{rel}","templated":true}]}}