{"id":361,"date":"2013-05-13T09:44:25","date_gmt":"2013-05-13T07:44:25","guid":{"rendered":"http:\/\/www.jenninger.se\/?page_id=361"},"modified":"2013-05-13T09:44:25","modified_gmt":"2013-05-13T07:44:25","slug":"atle-burmans-dikt","status":"publish","type":"page","link":"https:\/\/jenninger.se\/?page_id=361","title":{"rendered":"Atle Burmans dikt"},"content":{"rendered":"<p><strong>N\u00e4r en blomma bryts av<br \/>\ni sin vackraste blom<br \/>\nd\u00e5 blir marken s\u00e5 trist<br \/>\noch s\u00e5 fruktansv\u00e4rt tom.<br \/>\nMen kanske \u00e4nd\u00e5<br \/>\natt det n\u00e5gonstans finns<br \/>\nen \u00e4ng eller undang\u00f6md skreva,<br \/>\ndit blommor som brutits f\u00f6r tidigt<br \/>\nf\u00e5r komma och forts\u00e4tta<br \/>\nv\u00e4xa och dofta och leva\u2026<\/strong><\/p>\n","protected":false},"excerpt":{"rendered":"<p>N\u00e4r en blomma bryts av i sin vackraste blom d\u00e5 blir marken s\u00e5 trist och s\u00e5 fruktansv\u00e4rt tom. Men kanske \u00e4nd\u00e5 att det n\u00e5gonstans finns en \u00e4ng eller undang\u00f6md skreva, dit blommor som brutits f\u00f6r tidigt f\u00e5r komma och forts\u00e4tta v\u00e4xa och dofta och leva\u2026<\/p>\n","protected":false},"author":1,"featured_media":0,"parent":0,"menu_order":0,"comment_status":"open","ping_status":"open","template":"onecolumn-page.php","meta":{"_themeisle_gutenberg_block_has_review":false,"footnotes":""},"class_list":["post-361","page","type-page","status-publish","hentry"],"_links":{"self":[{"href":"https:\/\/jenninger.se\/index.php?rest_route=\/wp\/v2\/pages\/361","targetHints":{"allow":["GET"]}}],"collection":[{"href":"https:\/\/jenninger.se\/index.php?rest_route=\/wp\/v2\/pages"}],"about":[{"href":"https:\/\/jenninger.se\/index.php?rest_route=\/wp\/v2\/types\/page"}],"author":[{"embeddable":true,"href":"https:\/\/jenninger.se\/index.php?rest_route=\/wp\/v2\/users\/1"}],"replies":[{"embeddable":true,"href":"https:\/\/jenninger.se\/index.php?rest_route=%2Fwp%2Fv2%2Fcomments&post=361"}],"version-history":[{"count":1,"href":"https:\/\/jenninger.se\/index.php?rest_route=\/wp\/v2\/pages\/361\/revisions"}],"predecessor-version":[{"id":362,"href":"https:\/\/jenninger.se\/index.php?rest_route=\/wp\/v2\/pages\/361\/revisions\/362"}],"wp:attachment":[{"href":"https:\/\/jenninger.se\/index.php?rest_route=%2Fwp%2Fv2%2Fmedia&parent=361"}],"curies":[{"name":"wp","href":"https:\/\/api.w.org\/{rel}","templated":true}]}}