{"id":317,"date":"2013-05-13T08:45:34","date_gmt":"2013-05-13T06:45:34","guid":{"rendered":"http:\/\/www.jenninger.se\/?page_id=317"},"modified":"2013-05-13T08:45:34","modified_gmt":"2013-05-13T06:45:34","slug":"kommunens-sa-kallade-utredning","status":"publish","type":"page","link":"https:\/\/jenninger.se\/?page_id=317","title":{"rendered":"Kommunens s\u00e5 kallade utredning"},"content":{"rendered":"<p><strong>-En s\u00e5n h\u00e4r sak f\u00e5r inte h\u00e4nda igen. Det \u00e4r n\u00e5got som kr\u00e4ver en ordentlig utredning, s\u00e4ger kommunstyrelsens ordf\u00f6rande Henrik Ripa (m) och g\u00f6r en j\u00e4mf\u00f6relse med stora flygolyckor och andra katastrofer. (Lerums Tidning 05 06 02)<\/strong><\/p>\n<p>Utredningen presenterades den 1 november 2005. M\u00e5ns n\u00e4mns i den endast som &#8221;den tragiska h\u00e4ndelsen&#8221;. Man gjorde aldrig n\u00e5gon utredning om M\u00e5ns, som utlovats. Ingen ansvarig, &#8221;syndabock&#8221;, har man hittat. Ingen ansvarig har gjort fel. Hur Almek\u00e4rrsskolan fungerar har man inte unders\u00f6kt. Utredarna har inte ens l\u00e4st Skolverkets utredning.<\/p>\n<p>\u00c4nd\u00e5 anser man att Torpskolans arbete mot kr\u00e4nkningar b\u00f6r f\u00f6rb\u00e4ttras p\u00e5 11 punkter!<\/p>\n<p>Ingen hade f\u00e5tt veta vad som h\u00e4nde M\u00e5ns i skolan, om inte Skolverket gjort sin utredning.<\/p>\n<p>Om inte M\u00e5ns f\u00f6r\u00e4ldrar gjort anm\u00e4lan till Skolverket hade allt fortsatt som vanligt. &#8221;-<em>Sj\u00e4lv tycker jag att vi bedriver ett bra arbete p\u00e5 v\u00e5r skola.<\/em>&#8221; Torpskolans rektor Ingalill Kjellstrand i GP 16 juni 2005<\/p>\n","protected":false},"excerpt":{"rendered":"<p>-En s\u00e5n h\u00e4r sak f\u00e5r inte h\u00e4nda igen. Det \u00e4r n\u00e5got som kr\u00e4ver en ordentlig utredning, s\u00e4ger kommunstyrelsens ordf\u00f6rande Henrik Ripa (m) och g\u00f6r en j\u00e4mf\u00f6relse med stora flygolyckor och andra katastrofer. (Lerums Tidning 05 06 02) Utredningen presenterades den 1 november 2005. M\u00e5ns n\u00e4mns i den endast som &#8221;den tragiska h\u00e4ndelsen&#8221;. Man gjorde aldrig [&hellip;]<\/p>\n","protected":false},"author":1,"featured_media":0,"parent":256,"menu_order":0,"comment_status":"open","ping_status":"open","template":"onecolumn-page.php","meta":{"_themeisle_gutenberg_block_has_review":false,"footnotes":""},"class_list":["post-317","page","type-page","status-publish","hentry"],"_links":{"self":[{"href":"https:\/\/jenninger.se\/index.php?rest_route=\/wp\/v2\/pages\/317","targetHints":{"allow":["GET"]}}],"collection":[{"href":"https:\/\/jenninger.se\/index.php?rest_route=\/wp\/v2\/pages"}],"about":[{"href":"https:\/\/jenninger.se\/index.php?rest_route=\/wp\/v2\/types\/page"}],"author":[{"embeddable":true,"href":"https:\/\/jenninger.se\/index.php?rest_route=\/wp\/v2\/users\/1"}],"replies":[{"embeddable":true,"href":"https:\/\/jenninger.se\/index.php?rest_route=%2Fwp%2Fv2%2Fcomments&post=317"}],"version-history":[{"count":1,"href":"https:\/\/jenninger.se\/index.php?rest_route=\/wp\/v2\/pages\/317\/revisions"}],"predecessor-version":[{"id":318,"href":"https:\/\/jenninger.se\/index.php?rest_route=\/wp\/v2\/pages\/317\/revisions\/318"}],"up":[{"embeddable":true,"href":"https:\/\/jenninger.se\/index.php?rest_route=\/wp\/v2\/pages\/256"}],"wp:attachment":[{"href":"https:\/\/jenninger.se\/index.php?rest_route=%2Fwp%2Fv2%2Fmedia&parent=317"}],"curies":[{"name":"wp","href":"https:\/\/api.w.org\/{rel}","templated":true}]}}