{"id":307,"date":"2013-05-13T08:27:01","date_gmt":"2013-05-13T06:27:01","guid":{"rendered":"http:\/\/www.jenninger.se\/?page_id=307"},"modified":"2013-05-13T08:27:01","modified_gmt":"2013-05-13T06:27:01","slug":"skolstrejk-och-foraldramoten","status":"publish","type":"page","link":"https:\/\/jenninger.se\/?page_id=307","title":{"rendered":"Skolstrejk och f\u00f6r\u00e4ldram\u00f6ten"},"content":{"rendered":"<p><strong>H\u00e4r ett avsnitt om M\u00e5ns v\u00e4rsta tid i 6:an med misshandel och gruppmobbning, samt v\u00e5ra f\u00f6rs\u00f6k att f\u00e5 hj\u00e4lp. Det \u00e4r h\u00e4mtat ur v\u00e5rt yttrande till Skolverket i augusti 2005 sedan vi f\u00e5tt l\u00e4sa Torpskolans version av vad som h\u00e4nde.<\/strong><\/p>\n<p><strong>M\u00e5ns skolstrejk<\/strong><\/p>\n<p>Kort tid efter dessa h\u00e4ndelser, antagligen i vecka 6, (borde finnas registrerat i Torpskolans fr\u00e5nvaroredovisning), s\u00e4ger M\u00e5ns pl\u00f6tsligt en morgon vid frukosten: \u201d-Jag g\u00e5r inte till den d\u00e4r j\u00e4vla skolan igen om jag inte f\u00e5r ta med mig min kniv!\u201d Han var oerh\u00f6rt uppr\u00f6rd, men ville inte g\u00e5 in p\u00e5 varf\u00f6r eller vem han i s\u00e5 fall skulle anv\u00e4nda kniven emot. Jag (M\u00e5ns pappa) ringde omedelbart till rektor K om meddelade henne att jag h\u00f6ll M\u00e5ns hemma tills man kunde garantera M\u00e5ns s\u00e4kerhet och trygga skolg\u00e5ng. Efter n\u00e5gra dagar b\u00f6rjade flickor i klassen att ringa p\u00e5 v\u00e5r d\u00f6rr och v\u00e4djade till M\u00e5ns att komma tillbaka. \u201d<em>\u2013XX och dom andra killarna \u00e4r inte kloka, strunta i dom s\u00e5 ska vi skydda dig<\/em>\u201d, sa de till M\u00e5ns. Pappa h\u00f6rde detta. De la ocks\u00e5 sm\u00e5 brev i brevl\u00e5dan till M\u00e5ns. Dessa har M\u00e5ns bevarat bland sina v\u00e4rdefullaste dyrgripar. Efter en vecka hemma ville M\u00e5ns f\u00f6rs\u00f6ka g\u00e5 tillbaka till Torpskolan igen. \u201d-<em>Tjejerna \u00e4r ju i all fall justa<\/em>\u201d, sa han. Fr\u00e5n rektor K finns ett mail (bil 14). Vi utlovas i det att allt ska bli bra f\u00f6r M\u00e5ns.<\/p>\n<p><strong>Tv\u00e5 f\u00f6r\u00e4ldram\u00f6ten<\/strong><\/p>\n<p> Den 26 februari 2004 hade klass 6 F f\u00f6r\u00e4ldram\u00f6te. Vi, M\u00e5ns f\u00f6r\u00e4ldrar, gick dit och f\u00f6rs\u00f6kte f\u00f6rbereda oss p\u00e5 hur diskussionen om oron och v\u00e5ldsamheterna i klassen skulle tas upp. H\u00e4r fanns ju en stor grupp f\u00f6r\u00f6vare, kanske hade fler \u00e4n M\u00e5ns utsatts, och, inte minst, en majoritet av elever som tvingats vara \u00e5sk\u00e5dare till gruppmobbning och misshandel. N\u00e4r vi f\u00f6rstod att l\u00e4rarna inte med ett ord t\u00e4nkte ber\u00f6ra h\u00e4ndelserna tog vi sj\u00e4lva till orda och ber\u00e4ttade f\u00f6r de andra f\u00f6r\u00e4ldrarna om vad som p\u00e5gick med M\u00e5ns. De flesta f\u00f6r\u00e4ldrarna var f\u00f6rst f\u00f6rstummade av vad vi ber\u00e4ttade. N\u00e5gon enstaka hade barn som ber\u00e4ttat lite hemma, men de allra flesta visade stor vrede \u00f6ver att inte ha f\u00e5tt veta n\u00e5gonting av detta. De kr\u00e4vde att f\u00e5 omedelbar information, vare sig deras barn var utsatt eller utsatte andra f\u00f6r liknande behandling. Ett nytt uppf\u00f6ljande m\u00f6te besl\u00f6ts h\u00e5llas den 2 mars, en vecka senare.<\/p>\n<p> N\u00e4r vi kom hem p\u00e5 kv\u00e4llen ber\u00e4ttade vi s\u00e5 noggrant som m\u00f6jligt f\u00f6r M\u00e5ns vad vi och andra sagt p\u00e5 m\u00f6tet. Han lyssnade noga och st\u00e4llde n\u00e5gra fr\u00e5gor. Sen satt han tyst l\u00e4nge och sa till sist: -Tack, mamma och pappa.<\/p>\n<p> Varf\u00f6r n\u00e4mner skolledningen p\u00e5 Torpskolan inte med ett ord i sin utredning att det var vi, M\u00e5ns f\u00f6r\u00e4ldrar, som tog initiativ till att till slut f\u00f6rs\u00f6ka f\u00e5 r\u00e4tsida p\u00e5 detta inferno som v\u00e5r pojke upplevde dagligen?<\/p>\n<p> Dagen efter f\u00f6r\u00e4ldram\u00f6tet ringde rektor I upp mig och var mycket arg f\u00f6r v\u00e5rt \u201dtilltag\u201d. Jag, M\u00e5ns pappa, hade n\u00e4mnt p\u00e5 m\u00f6tet att vi inte kunde se att skolan gjort n\u00e5gonting f\u00f6r att hj\u00e4lpa M\u00e5ns. (Det hade vi ju inte, ingen fr\u00e5n skolan hade ju kontaktat oss sedan november f\u00f6rutom mailet fr\u00e5n rektor K). Nu var det mitt fel, sa hon, att tv\u00e5 l\u00e4rare satt och gr\u00e4t p\u00e5 hennes expedition, och de och skolan hade ju redan gjort s\u00e5 mycket f\u00f6r M\u00e5ns.<\/p>\n<p>Den 2 mars 2004 var f\u00f6r\u00e4ldrarna i 6F kallade till ett uppf\u00f6ljande m\u00f6te. Fr\u00e5n detta m\u00f6te har uppenbarligen Torpskolan varken protokoll eller minnesanteckningar. Det h\u00f6lls i personalrummet p\u00e5 \u00f6vre v\u00e5ningen i skolan, och var synnerligen mangrant bes\u00f6kt. En grupp andra f\u00f6r\u00e4ldrar i den klassen har efter M\u00e5ns d\u00f6d kr\u00e4vt av rektor I att hon ska samla dessa f\u00f6r\u00e4ldrar igen, men hon har v\u00e4grat.  F\u00f6rst den 30 juni 2005 skriver rektor K minnesanteckningar fr\u00e5n detta m\u00f6te, och dessa inneh\u00e5ller s\u00e5 m\u00e5nga sakfel att det \u00e4r sv\u00e5rt att k\u00e4nna igen sig. Samtliga f\u00f6r\u00e4ldrar hade kallats, men rektor K minns att det bara var pojkarnas f\u00f6r\u00e4ldrar. Anledningen till m\u00f6tet skulle ocks\u00e5 vara att \u201dl\u00e4rarna tyckte att fr\u00e4mst pojkarna var oroliga, jobbiga och hade en otrevlig attityd\u201d. Intressant \u00e4r dock att hon minns \u201d<strong><em>att vi hade ingen aning om att M\u00e5ns skulle m\u00e5 s\u00e5 d\u00e5ligt och detta signalerade inte heller f\u00f6r\u00e4ldrarna<\/em>\u201d. Varf\u00f6r minns hon varken M\u00e5ns skolstrejk, knivhot, gruppv\u00e5ld, krossad mobiltelefon och glas\u00f6gon eller pappas \u201daggressiva\u201d brev och samtal?<\/strong><\/p>\n<p>P\u00e5 m\u00f6tet var f\u00f6r\u00e4ldrarna mycket uppr\u00f6rda efter att under veckan ha fr\u00e5gat sina barn om det vi ber\u00e4ttat om M\u00e5ns situation. Vi fick m\u00e4ngder av fr\u00e5gor, t ex: \u201d<em>-Min dotter s\u00e4ger att dom har sprungit flera stycken och jagat M\u00e5ns i korridoren, \u00e4r det sant<\/em>?\u201d Vi beh\u00f6vde knappast svara, f\u00f6r alla k\u00e4nde nu till hur det var. En kollektiv vrede riktades mot skolledningen f\u00f6r att man hemligh\u00f6ll s\u00e5 allvarliga uppgifter. \u201d<em>\u2013Nu har jag f\u00e5tt reda p\u00e5 att min grabb varit med och gjort detta, men varf\u00f6r i herrans namn har ni inte ringt hem tidigare s\u00e5 vi f\u00e5tt veta det?<\/em>\u201d var en av de m\u00e5nga fr\u00e5gor som st\u00e4lldes till rektor K och mobbningsteamet.<\/p>\n<p> Tiden efter dessa m\u00f6ten var mycket oroliga f\u00f6r oss. Vi hade ju k\u00f6rt \u00f6ver M\u00e5ns vilja att tysta ner hans utsatthet. Visserligen hade han tackat oss, men vi var mycket r\u00e4dda f\u00f6r repressalier. Han bedyrade att det var b\u00e4ttre och verkade ocks\u00e5 n\u00e5got s\u00e4krare. Efter en dryg vecka ringde dock rektor I upp M\u00e5ns pappa och meddelade att nu hade M\u00e5ns ocks\u00e5 visat vad han kunde: han hade spottat en kamrat i ansiktet. N\u00e4r jag fr\u00e5gade vidare visade det sig att M\u00e5ns f\u00f6r en g\u00e5ngs skull hunnit f\u00f6re klasskamraten S (<em>M\u00e5ns gamla v\u00e4rsta pl\u00e5goande sedan 2:an.<\/em> Nu tillagt f\u00f6rtydligande) ut p\u00e5 rasten till favoritplatsen p\u00e5 skateboardrampen. N\u00e4r S kom dit hade han blivit rasande och f\u00f6rs\u00f6kt dra ner M\u00e5ns d\u00e4rifr\u00e5n. N\u00e4r han inte lyckats, spottade han M\u00e5ns rakt i ansiktet och d\u00e5 hade M\u00e5ns spottat tillbaka!<\/p>\n","protected":false},"excerpt":{"rendered":"<p>H\u00e4r ett avsnitt om M\u00e5ns v\u00e4rsta tid i 6:an med misshandel och gruppmobbning, samt v\u00e5ra f\u00f6rs\u00f6k att f\u00e5 hj\u00e4lp. Det \u00e4r h\u00e4mtat ur v\u00e5rt yttrande till Skolverket i augusti 2005 sedan vi f\u00e5tt l\u00e4sa Torpskolans version av vad som h\u00e4nde. M\u00e5ns skolstrejk Kort tid efter dessa h\u00e4ndelser, antagligen i vecka 6, (borde finnas registrerat i [&hellip;]<\/p>\n","protected":false},"author":1,"featured_media":0,"parent":256,"menu_order":0,"comment_status":"open","ping_status":"open","template":"onecolumn-page.php","meta":{"_themeisle_gutenberg_block_has_review":false,"footnotes":""},"class_list":["post-307","page","type-page","status-publish","hentry"],"_links":{"self":[{"href":"https:\/\/jenninger.se\/index.php?rest_route=\/wp\/v2\/pages\/307","targetHints":{"allow":["GET"]}}],"collection":[{"href":"https:\/\/jenninger.se\/index.php?rest_route=\/wp\/v2\/pages"}],"about":[{"href":"https:\/\/jenninger.se\/index.php?rest_route=\/wp\/v2\/types\/page"}],"author":[{"embeddable":true,"href":"https:\/\/jenninger.se\/index.php?rest_route=\/wp\/v2\/users\/1"}],"replies":[{"embeddable":true,"href":"https:\/\/jenninger.se\/index.php?rest_route=%2Fwp%2Fv2%2Fcomments&post=307"}],"version-history":[{"count":1,"href":"https:\/\/jenninger.se\/index.php?rest_route=\/wp\/v2\/pages\/307\/revisions"}],"predecessor-version":[{"id":308,"href":"https:\/\/jenninger.se\/index.php?rest_route=\/wp\/v2\/pages\/307\/revisions\/308"}],"up":[{"embeddable":true,"href":"https:\/\/jenninger.se\/index.php?rest_route=\/wp\/v2\/pages\/256"}],"wp:attachment":[{"href":"https:\/\/jenninger.se\/index.php?rest_route=%2Fwp%2Fv2%2Fmedia&parent=307"}],"curies":[{"name":"wp","href":"https:\/\/api.w.org\/{rel}","templated":true}]}}