{"id":30,"date":"2013-05-10T07:59:28","date_gmt":"2013-05-10T05:59:28","guid":{"rendered":"http:\/\/www.jenninger.se\/?page_id=30"},"modified":"2022-12-04T12:57:48","modified_gmt":"2022-12-04T11:57:48","slug":"resor","status":"publish","type":"page","link":"https:\/\/jenninger.se\/?page_id=30","title":{"rendered":"Resor"},"content":{"rendered":"<p>M\u00e5ns \u00e4lskade resor. Korta eller l\u00e5nga. Resorna gav tillf\u00e4llen att uppt\u00e4cka och fundera \u00f6ver saker p\u00e5 v\u00e4gen. Mycket att prata om och diskutera.<\/p>\n<hr>\n<p><img loading=\"lazy\" decoding=\"async\" class=\"alignleft size-full wp-image-43\" src=\"http:\/\/www.jenninger.se\/wp-content\/uploads\/2013\/05\/kalmar-slott.jpg\" alt=\"kalmar-slott\" width=\"400\" height=\"233\" srcset=\"https:\/\/jenninger.se\/wp-content\/uploads\/2013\/05\/kalmar-slott.jpg 400w, https:\/\/jenninger.se\/wp-content\/uploads\/2013\/05\/kalmar-slott-300x174.jpg 300w\" sizes=\"auto, (max-width: 400px) 100vw, 400px\" \/> Historiska platser tyckte han om. Mycket att prata om. H\u00e4r vid Kalmar slott. Varf\u00f6r krigade vi mot danskarna? Dumt.<\/p>\n<hr>\n<p>M\u00e5ns pratade helst med vuxna. Hos favoriten morfar p\u00e5 \u00d6land.<br \/>\n<img loading=\"lazy\" decoding=\"async\" class=\"alignleft size-full wp-image-46\" src=\"http:\/\/www.jenninger.se\/wp-content\/uploads\/2013\/05\/morfar2.jpg\" alt=\"morfar2\" width=\"400\" height=\"546\" srcset=\"https:\/\/jenninger.se\/wp-content\/uploads\/2013\/05\/morfar2.jpg 400w, https:\/\/jenninger.se\/wp-content\/uploads\/2013\/05\/morfar2-219x300.jpg 219w\" sizes=\"auto, (max-width: 400px) 100vw, 400px\" \/><\/p>\n<hr>\n<p>Slussar \u00e4r kul! <img loading=\"lazy\" decoding=\"async\" class=\"alignleft size-full wp-image-48\" src=\"http:\/\/www.jenninger.se\/wp-content\/uploads\/2013\/05\/trollhattan.jpg\" alt=\"trollhattan\" width=\"400\" height=\"267\" srcset=\"https:\/\/jenninger.se\/wp-content\/uploads\/2013\/05\/trollhattan.jpg 400w, https:\/\/jenninger.se\/wp-content\/uploads\/2013\/05\/trollhattan-300x200.jpg 300w\" sizes=\"auto, (max-width: 400px) 100vw, 400px\" \/><\/p>\n<hr>\n<p>Legoland, R2D2 av legobitar<br \/>\n<img loading=\"lazy\" decoding=\"async\" class=\"alignleft size-full wp-image-52\" src=\"http:\/\/www.jenninger.se\/wp-content\/uploads\/2013\/05\/legoland.jpg\" alt=\"legoland\" width=\"400\" height=\"517\" srcset=\"https:\/\/jenninger.se\/wp-content\/uploads\/2013\/05\/legoland.jpg 400w, https:\/\/jenninger.se\/wp-content\/uploads\/2013\/05\/legoland-232x300.jpg 232w\" sizes=\"auto, (max-width: 400px) 100vw, 400px\" \/><\/p>\n<hr>\n<p><img loading=\"lazy\" decoding=\"async\" class=\"alignleft size-full wp-image-55\" src=\"http:\/\/www.jenninger.se\/wp-content\/uploads\/2013\/05\/lappland.jpg\" alt=\"lappland\" width=\"400\" height=\"265\" srcset=\"https:\/\/jenninger.se\/wp-content\/uploads\/2013\/05\/lappland.jpg 400w, https:\/\/jenninger.se\/wp-content\/uploads\/2013\/05\/lappland-300x198.jpg 300w\" sizes=\"auto, (max-width: 400px) 100vw, 400px\" \/> Bryta t\u00e4ljsten i Lappland<\/p>\n<hr>\n<p><img loading=\"lazy\" decoding=\"async\" class=\"aligncenter size-full wp-image-81\" src=\"http:\/\/www.jenninger.se\/wp-content\/uploads\/2013\/05\/2cv-066.jpg\" alt=\"2cv-066\" width=\"480\" height=\"640\" srcset=\"https:\/\/jenninger.se\/wp-content\/uploads\/2013\/05\/2cv-066.jpg 480w, https:\/\/jenninger.se\/wp-content\/uploads\/2013\/05\/2cv-066-225x300.jpg 225w\" sizes=\"auto, (max-width: 480px) 100vw, 480px\" \/><\/p>\n<p><img loading=\"lazy\" decoding=\"async\" class=\"aligncenter size-full wp-image-82\" src=\"http:\/\/www.jenninger.se\/wp-content\/uploads\/2013\/05\/2cv-051.jpg\" alt=\"2cv-051\" width=\"640\" height=\"480\" srcset=\"https:\/\/jenninger.se\/wp-content\/uploads\/2013\/05\/2cv-051.jpg 640w, https:\/\/jenninger.se\/wp-content\/uploads\/2013\/05\/2cv-051-300x225.jpg 300w\" sizes=\"auto, (max-width: 640px) 100vw, 640px\" \/><\/p>\n<p><img loading=\"lazy\" decoding=\"async\" class=\"aligncenter size-full wp-image-83\" src=\"http:\/\/www.jenninger.se\/wp-content\/uploads\/2013\/05\/2cv-056.jpg\" alt=\"2cv-056\" width=\"480\" height=\"640\" srcset=\"https:\/\/jenninger.se\/wp-content\/uploads\/2013\/05\/2cv-056.jpg 480w, https:\/\/jenninger.se\/wp-content\/uploads\/2013\/05\/2cv-056-225x300.jpg 225w\" sizes=\"auto, (max-width: 480px) 100vw, 480px\" \/><\/p>\n<h4>Boquinister, mycket att titta p\u00e5, glass hos Bertillon p\u00e5 l&#8217;\u00eele St Louis i Paris.<\/h4>\n","protected":false},"excerpt":{"rendered":"<p>M\u00e5ns \u00e4lskade resor. Korta eller l\u00e5nga. Resorna gav tillf\u00e4llen att uppt\u00e4cka och fundera \u00f6ver saker p\u00e5 v\u00e4gen. Mycket att prata om och diskutera. Historiska platser tyckte han om. Mycket att prata om. H\u00e4r vid Kalmar slott. Varf\u00f6r krigade vi mot danskarna? Dumt. M\u00e5ns pratade helst med vuxna. Hos favoriten morfar p\u00e5 \u00d6land. Slussar \u00e4r kul! [&hellip;]<\/p>\n","protected":false},"author":1,"featured_media":0,"parent":10,"menu_order":0,"comment_status":"closed","ping_status":"open","template":"onecolumn-page.php","meta":{"_themeisle_gutenberg_block_has_review":false,"footnotes":""},"class_list":["post-30","page","type-page","status-publish","hentry"],"_links":{"self":[{"href":"https:\/\/jenninger.se\/index.php?rest_route=\/wp\/v2\/pages\/30","targetHints":{"allow":["GET"]}}],"collection":[{"href":"https:\/\/jenninger.se\/index.php?rest_route=\/wp\/v2\/pages"}],"about":[{"href":"https:\/\/jenninger.se\/index.php?rest_route=\/wp\/v2\/types\/page"}],"author":[{"embeddable":true,"href":"https:\/\/jenninger.se\/index.php?rest_route=\/wp\/v2\/users\/1"}],"replies":[{"embeddable":true,"href":"https:\/\/jenninger.se\/index.php?rest_route=%2Fwp%2Fv2%2Fcomments&post=30"}],"version-history":[{"count":47,"href":"https:\/\/jenninger.se\/index.php?rest_route=\/wp\/v2\/pages\/30\/revisions"}],"predecessor-version":[{"id":1726,"href":"https:\/\/jenninger.se\/index.php?rest_route=\/wp\/v2\/pages\/30\/revisions\/1726"}],"up":[{"embeddable":true,"href":"https:\/\/jenninger.se\/index.php?rest_route=\/wp\/v2\/pages\/10"}],"wp:attachment":[{"href":"https:\/\/jenninger.se\/index.php?rest_route=%2Fwp%2Fv2%2Fmedia&parent=30"}],"curies":[{"name":"wp","href":"https:\/\/api.w.org\/{rel}","templated":true}]}}