{"id":293,"date":"2013-05-13T08:02:10","date_gmt":"2013-05-13T06:02:10","guid":{"rendered":"http:\/\/www.jenninger.se\/?page_id=293"},"modified":"2013-05-13T08:02:10","modified_gmt":"2013-05-13T06:02:10","slug":"overlamningen","status":"publish","type":"page","link":"https:\/\/jenninger.se\/?page_id=293","title":{"rendered":"\u00d6verl\u00e4mningen"},"content":{"rendered":"<p><span class=\"darkred\"><em>M\u00e5ns Jenninger, duktig men v\u00e4ldigt bekv\u00e4m, g\u00f6r s\u00e5 lite som m\u00f6jligt. Varit utsatt f\u00f6r mobbning (det har man jobbat med, blivit b\u00e4ttre, det har lagt sig) n\u00e4r han blir retad s\u00e5 blir han arg, talar sj\u00e4lv inte om n\u00e4r han \u00e4r utsatt utan andra larmar.<\/em><\/span> <strong>Speciall\u00e4raren p\u00e5 Almek\u00e4rrsskolan 22 mars 2003 <\/strong><\/p>\n<p> Dessa \u201domd\u00f6men\u201d \u00e4r daterade endast dagar efter de protokoll fr\u00e5n Almek\u00e4rrsskolan som inneh\u00e5ller meningar som: &#8211; &#8211; &#8211; &#8221;<span class=\"darkred\"><em>Alla dessa barn mobbar M\u00e5ns\u201d, \u201dHan heter (\u00f6knamn)&#8221;, &#8221;M\u00e5nga retar sig p\u00e5 hans beteende. Han har ofta en egen uppfattning.<\/em><\/span>&#8221;<\/p>\n<p> Rektor p\u00e5 Almek\u00e4rrsskolan s\u00e4ger att \u00f6verl\u00e4mning till Torpskolan endast sker muntligt. Rektor p\u00e5 Torpskolan, d\u00e4remot, uppgav offentligt p\u00e5 klassens f\u00f6r\u00e4ldram\u00f6te den 2 mars 2004, att hon minsann l\u00e4st \u00f6verl\u00e4mningsdokument fr\u00e5n Almek\u00e4rrsskolan, d\u00e4r M\u00e5ns beskrivs som orsak till de m\u00e5nga &#8221;konflikterna&#8221;. N\u00e5got s\u00e5dant dokument har vi inte sett.<\/p>\n","protected":false},"excerpt":{"rendered":"<p>M\u00e5ns Jenninger, duktig men v\u00e4ldigt bekv\u00e4m, g\u00f6r s\u00e5 lite som m\u00f6jligt. Varit utsatt f\u00f6r mobbning (det har man jobbat med, blivit b\u00e4ttre, det har lagt sig) n\u00e4r han blir retad s\u00e5 blir han arg, talar sj\u00e4lv inte om n\u00e4r han \u00e4r utsatt utan andra larmar. Speciall\u00e4raren p\u00e5 Almek\u00e4rrsskolan 22 mars 2003 Dessa \u201domd\u00f6men\u201d \u00e4r daterade [&hellip;]<\/p>\n","protected":false},"author":1,"featured_media":0,"parent":256,"menu_order":0,"comment_status":"open","ping_status":"open","template":"onecolumn-page.php","meta":{"_themeisle_gutenberg_block_has_review":false,"footnotes":""},"class_list":["post-293","page","type-page","status-publish","hentry"],"_links":{"self":[{"href":"https:\/\/jenninger.se\/index.php?rest_route=\/wp\/v2\/pages\/293","targetHints":{"allow":["GET"]}}],"collection":[{"href":"https:\/\/jenninger.se\/index.php?rest_route=\/wp\/v2\/pages"}],"about":[{"href":"https:\/\/jenninger.se\/index.php?rest_route=\/wp\/v2\/types\/page"}],"author":[{"embeddable":true,"href":"https:\/\/jenninger.se\/index.php?rest_route=\/wp\/v2\/users\/1"}],"replies":[{"embeddable":true,"href":"https:\/\/jenninger.se\/index.php?rest_route=%2Fwp%2Fv2%2Fcomments&post=293"}],"version-history":[{"count":1,"href":"https:\/\/jenninger.se\/index.php?rest_route=\/wp\/v2\/pages\/293\/revisions"}],"predecessor-version":[{"id":294,"href":"https:\/\/jenninger.se\/index.php?rest_route=\/wp\/v2\/pages\/293\/revisions\/294"}],"up":[{"embeddable":true,"href":"https:\/\/jenninger.se\/index.php?rest_route=\/wp\/v2\/pages\/256"}],"wp:attachment":[{"href":"https:\/\/jenninger.se\/index.php?rest_route=%2Fwp%2Fv2%2Fmedia&parent=293"}],"curies":[{"name":"wp","href":"https:\/\/api.w.org\/{rel}","templated":true}]}}