{"id":264,"date":"2013-05-10T17:17:08","date_gmt":"2013-05-10T15:17:08","guid":{"rendered":"http:\/\/www.jenninger.se\/?page_id=264"},"modified":"2013-05-10T17:17:08","modified_gmt":"2013-05-10T15:17:08","slug":"vad-hande-kompletteringar","status":"publish","type":"page","link":"https:\/\/jenninger.se\/?page_id=264","title":{"rendered":"Vad h\u00e4nde? Kompletteringar"},"content":{"rendered":"<p>Till Skolverket<br \/>\nAtt. Per-Olof Artberg<br \/>\n N\u00e5gra kompletteringar ang\u00e5ende sekretess till<br \/>\nSynpunkter p\u00e5 Lerums kommuns yttrande ang\u00e5ende v\u00e5r anm\u00e4lan om kr\u00e4nkande behandling av v\u00e5r son M\u00e5ns Jenninger i Almek\u00e4rrsskolan och Torpskolan.<br \/>\nDnr 51-2205:1827<\/p>\n<p><strong>Ang uppgifter om M\u00e5ns bror (namn)<br \/>\n N\u00e4r vi hade en telefonkontakt i f\u00f6rra veckan hade vi f\u00f6r\u00e4ldrar inte observerat de noteringar som finns i kommunens material om M\u00e5ns bror (namn) Dessa finns p\u00e5 sista sidan i Almek\u00e4rrsskolans yttrande samt p\u00e5 sista sidan i Almek\u00e4rrsskolans dokument i form av ett \u00e5tg\u00e4rdsprogram f\u00f6r (namn). Det m\u00e5ste vara ett grovt \u00f6vertramp av Almek\u00e4rrsskolan och Lerums kommun att ta med detta i utredningen. Naturligtvis vill vi inte att dessa uppgifter ska offentligg\u00f6ras!<\/strong><\/p>\n","protected":false},"excerpt":{"rendered":"<p>Till Skolverket Att. Per-Olof Artberg N\u00e5gra kompletteringar ang\u00e5ende sekretess till Synpunkter p\u00e5 Lerums kommuns yttrande ang\u00e5ende v\u00e5r anm\u00e4lan om kr\u00e4nkande behandling av v\u00e5r son M\u00e5ns Jenninger i Almek\u00e4rrsskolan och Torpskolan. Dnr 51-2205:1827 Ang uppgifter om M\u00e5ns bror (namn) N\u00e4r vi hade en telefonkontakt i f\u00f6rra veckan hade vi f\u00f6r\u00e4ldrar inte observerat de noteringar som finns [&hellip;]<\/p>\n","protected":false},"author":1,"featured_media":0,"parent":256,"menu_order":0,"comment_status":"open","ping_status":"open","template":"onecolumn-page.php","meta":{"_themeisle_gutenberg_block_has_review":false,"footnotes":""},"class_list":["post-264","page","type-page","status-publish","hentry"],"_links":{"self":[{"href":"https:\/\/jenninger.se\/index.php?rest_route=\/wp\/v2\/pages\/264","targetHints":{"allow":["GET"]}}],"collection":[{"href":"https:\/\/jenninger.se\/index.php?rest_route=\/wp\/v2\/pages"}],"about":[{"href":"https:\/\/jenninger.se\/index.php?rest_route=\/wp\/v2\/types\/page"}],"author":[{"embeddable":true,"href":"https:\/\/jenninger.se\/index.php?rest_route=\/wp\/v2\/users\/1"}],"replies":[{"embeddable":true,"href":"https:\/\/jenninger.se\/index.php?rest_route=%2Fwp%2Fv2%2Fcomments&post=264"}],"version-history":[{"count":1,"href":"https:\/\/jenninger.se\/index.php?rest_route=\/wp\/v2\/pages\/264\/revisions"}],"predecessor-version":[{"id":265,"href":"https:\/\/jenninger.se\/index.php?rest_route=\/wp\/v2\/pages\/264\/revisions\/265"}],"up":[{"embeddable":true,"href":"https:\/\/jenninger.se\/index.php?rest_route=\/wp\/v2\/pages\/256"}],"wp:attachment":[{"href":"https:\/\/jenninger.se\/index.php?rest_route=%2Fwp%2Fv2%2Fmedia&parent=264"}],"curies":[{"name":"wp","href":"https:\/\/api.w.org\/{rel}","templated":true}]}}