{"id":242,"date":"2013-05-10T11:35:54","date_gmt":"2013-05-10T09:35:54","guid":{"rendered":"http:\/\/www.jenninger.se\/?page_id=242"},"modified":"2022-12-06T21:43:44","modified_gmt":"2022-12-06T20:43:44","slug":"depression","status":"publish","type":"page","link":"https:\/\/jenninger.se\/?page_id=242","title":{"rendered":"Depression"},"content":{"rendered":"<p><strong>Man kan ju s\u00e4llan se utanp\u00e5 att en m\u00e4nniska \u00e4r deprimerad. Speciellt ungdomsdepressioner liknar vanligt ton\u00e5rsbeteende. Men n\u00e4r man misst\u00e4nker att n\u00e5gon lider av det som kallas&nbsp;klinisk depression, dvs har haft minst fem av f\u00f6ljande symptom oavbrutet under en tv\u00e5veckorsperiod, \u00e4r det viktigt att ta det p\u00e5 allvar och s\u00f6ka hj\u00e4lp.<\/strong><\/p>\n<p><strong>Tecken p\u00e5 sk klinisk depression:<\/strong><\/p>\n<ul>\n<li>\u00e4r nedst\u00e4md eller ledsen<\/li>\n<li>har tappat intresset f\u00f6r flertalet aktiviteter<\/li>\n<li>kan inte gl\u00e4djas<\/li>\n<li>har st\u00f6rd s\u00f6mn<\/li>\n<li>har f\u00f6rlorat eller f\u00e5tt \u00f6kad aptit alternativt minskat eller \u00f6kat kraftigt i vikt<\/li>\n<li>k\u00e4nner sig extremt tr\u00f6tt<\/li>\n<li>har minskad f\u00f6rm\u00e5ga att t\u00e4nka, koncentrera sig och fatta beslut<\/li>\n<li>sk\u00f6ter vardagssysslor l\u00e5ngsamt och tr\u00f6gt eller \u00e4r rastl\u00f6s\/kan inte sitta still<\/li>\n<li>k\u00e4nner sig v\u00e4rdel\u00f6s och hyser obefogade skuldk\u00e4nslor<\/li>\n<\/ul>\n<p>Uppgifter fr\u00e5n f\u00f6reningen Balans. Se l\u00e4nk nedan<\/p>\n<p><a href=\"http:\/\/www.foreningenbalans.se\/\" target=\"_blank\" rel=\"noopener\">http:\/\/www.foreningenbalans.se\/<\/a><\/p>\n","protected":false},"excerpt":{"rendered":"<p>Man kan ju s\u00e4llan se utanp\u00e5 att en m\u00e4nniska \u00e4r deprimerad. Speciellt ungdomsdepressioner liknar vanligt ton\u00e5rsbeteende. Men n\u00e4r man misst\u00e4nker att n\u00e5gon lider av det som kallas&nbsp;klinisk depression, dvs har haft minst fem av f\u00f6ljande symptom oavbrutet under en tv\u00e5veckorsperiod, \u00e4r det viktigt att ta det p\u00e5 allvar och s\u00f6ka hj\u00e4lp. Tecken p\u00e5 sk klinisk [&hellip;]<\/p>\n","protected":false},"author":1,"featured_media":0,"parent":209,"menu_order":0,"comment_status":"closed","ping_status":"open","template":"onecolumn-page.php","meta":{"_themeisle_gutenberg_block_has_review":false,"footnotes":""},"class_list":["post-242","page","type-page","status-publish","hentry"],"_links":{"self":[{"href":"https:\/\/jenninger.se\/index.php?rest_route=\/wp\/v2\/pages\/242","targetHints":{"allow":["GET"]}}],"collection":[{"href":"https:\/\/jenninger.se\/index.php?rest_route=\/wp\/v2\/pages"}],"about":[{"href":"https:\/\/jenninger.se\/index.php?rest_route=\/wp\/v2\/types\/page"}],"author":[{"embeddable":true,"href":"https:\/\/jenninger.se\/index.php?rest_route=\/wp\/v2\/users\/1"}],"replies":[{"embeddable":true,"href":"https:\/\/jenninger.se\/index.php?rest_route=%2Fwp%2Fv2%2Fcomments&post=242"}],"version-history":[{"count":4,"href":"https:\/\/jenninger.se\/index.php?rest_route=\/wp\/v2\/pages\/242\/revisions"}],"predecessor-version":[{"id":1753,"href":"https:\/\/jenninger.se\/index.php?rest_route=\/wp\/v2\/pages\/242\/revisions\/1753"}],"up":[{"embeddable":true,"href":"https:\/\/jenninger.se\/index.php?rest_route=\/wp\/v2\/pages\/209"}],"wp:attachment":[{"href":"https:\/\/jenninger.se\/index.php?rest_route=%2Fwp%2Fv2%2Fmedia&parent=242"}],"curies":[{"name":"wp","href":"https:\/\/api.w.org\/{rel}","templated":true}]}}