{"id":230,"date":"2013-05-10T11:16:34","date_gmt":"2013-05-10T09:16:34","guid":{"rendered":"http:\/\/www.jenninger.se\/?page_id=230"},"modified":"2013-05-10T11:21:55","modified_gmt":"2013-05-10T09:21:55","slug":"om-sorg","status":"publish","type":"page","link":"https:\/\/jenninger.se\/?page_id=230","title":{"rendered":"Om sorg"},"content":{"rendered":"<p><strong>N\u00e5gon blir kvar n\u00e4r en m\u00e4nniska tar sitt liv<\/strong>    Solveig B\u00f6hle 1990 efterlevande ber\u00e4ttar om sorg, skuldk\u00e4nslor och saknad<\/p>\n<p><strong>Efter stormen: n\u00e4r n\u00e5gon i ens n\u00e4rhet tar sitt liv<\/strong>  G Lloyd Carr 1991 om upplevelsen av sorg och saknad efter suicid<\/p>\n<p><strong>V\u00e5ga leva vidare efter en sv\u00e5r f\u00f6rlust<\/strong> Melba Colgrave 1998 Vill ge tr\u00f6st och st\u00f6d n\u00e4r livet k\u00e4nns sv\u00e5rt<\/p>\n<p><strong>Sm\u00e5 barns sorg<\/strong>  Atle Dyregrov  1999 om sorgereaktioner i olika \u00e5ldrar<\/p>\n<p><strong>Barns sorg<\/strong> Atle Dyregrov &#038; Elin Hordvik 2000 Ger r\u00e5d till familj och v\u00e4nner som drabbats<\/p>\n<p><strong>N\u00e4r en \u00e4lskad d\u00f6r<\/strong>   Per Ericson 1986  samtal med anh\u00f6riga<\/p>\n<p><strong>Det g\u00e5r att leva vidare<\/strong>  Margit Ferm 2002 NASP  En rapport om sorg n\u00e4r n\u00e5gon som st\u00e5r n\u00e4ra tagit sitt liv<\/p>\n<p><strong>Aldrig i livet. N\u00e4r n\u00e5gon i familjen tagit sitt liv. Ungdomar ber\u00e4ttar.<\/strong>  G\u00f6ran Gyllensw\u00e4rd 1997 R\u00e4dda Barnens centrum f\u00f6r ungdomar. Om ton\u00e5ringar som mist en anh\u00f6rig genom suicid<\/p>\n<p><strong>N\u00e4r d\u00f6den drabbar oss<\/strong>  Antologi Red Kari Ronge 1988 om sorg och sm\u00e4rta och hur livet m\u00e5ste g\u00e5 vidare<\/p>\n<p><strong>F\u00f6r levande och d\u00f6da<\/strong>   G\u00f6sta Karf  1999  Cordia.  Om att bearbeta sorg. F\u00f6rfattaren skriver om hur det k\u00e4nns att f\u00f6rlora ett barn, sorg ,skuld, omgivningens reaktioner.<\/p>\n<p><strong>Gr\u00e5ta har sin tid<\/strong>    G\u00f6sta Josefsson<\/p>\n<p> <strong>Anteckningar under dagar av sorg<\/strong>   CS Lewis,  Libris  f\u00f6rlag Malm\u00f6 1979. Originalets titel &#8221; A<br \/>\n> Grief Observed&#8221;. Religi\u00f6st-kristet anslag. Djupt personlig. <strong>L\u00e4sv\u00e4rd<\/strong>.<\/p>\n<p><strong>SPES<\/strong>&#8217; litteraturlista om sorg och suicid: <a href=\"http:\/\/www.spes.se\" target=\"_blank\">http:\/\/www.spes.se<\/a><\/p>\n<p><strong>N\u00e4rmare ljuset<\/strong> Melville Morse NoK 1991, \u00f6vers G\u00f6ran Grip Om barns n\u00e4ra-d\u00f6denupplevelser<\/p>\n<p><strong>F\u00f6rvandlad av ljuset<\/strong> Melville Morse NoK 1991, \u00f6vers G\u00f6ran Grip Om barns och vuxnas n\u00e4ra-d\u00f6denupplevelser<\/p>\n","protected":false},"excerpt":{"rendered":"<p>N\u00e5gon blir kvar n\u00e4r en m\u00e4nniska tar sitt liv Solveig B\u00f6hle 1990 efterlevande ber\u00e4ttar om sorg, skuldk\u00e4nslor och saknad Efter stormen: n\u00e4r n\u00e5gon i ens n\u00e4rhet tar sitt liv G Lloyd Carr 1991 om upplevelsen av sorg och saknad efter suicid V\u00e5ga leva vidare efter en sv\u00e5r f\u00f6rlust Melba Colgrave 1998 Vill ge tr\u00f6st och [&hellip;]<\/p>\n","protected":false},"author":1,"featured_media":0,"parent":209,"menu_order":0,"comment_status":"open","ping_status":"open","template":"onecolumn-page.php","meta":{"_themeisle_gutenberg_block_has_review":false,"footnotes":""},"class_list":["post-230","page","type-page","status-publish","hentry"],"_links":{"self":[{"href":"https:\/\/jenninger.se\/index.php?rest_route=\/wp\/v2\/pages\/230","targetHints":{"allow":["GET"]}}],"collection":[{"href":"https:\/\/jenninger.se\/index.php?rest_route=\/wp\/v2\/pages"}],"about":[{"href":"https:\/\/jenninger.se\/index.php?rest_route=\/wp\/v2\/types\/page"}],"author":[{"embeddable":true,"href":"https:\/\/jenninger.se\/index.php?rest_route=\/wp\/v2\/users\/1"}],"replies":[{"embeddable":true,"href":"https:\/\/jenninger.se\/index.php?rest_route=%2Fwp%2Fv2%2Fcomments&post=230"}],"version-history":[{"count":3,"href":"https:\/\/jenninger.se\/index.php?rest_route=\/wp\/v2\/pages\/230\/revisions"}],"predecessor-version":[{"id":233,"href":"https:\/\/jenninger.se\/index.php?rest_route=\/wp\/v2\/pages\/230\/revisions\/233"}],"up":[{"embeddable":true,"href":"https:\/\/jenninger.se\/index.php?rest_route=\/wp\/v2\/pages\/209"}],"wp:attachment":[{"href":"https:\/\/jenninger.se\/index.php?rest_route=%2Fwp%2Fv2%2Fmedia&parent=230"}],"curies":[{"name":"wp","href":"https:\/\/api.w.org\/{rel}","templated":true}]}}