{"id":2172,"date":"2024-10-01T10:31:20","date_gmt":"2024-10-01T08:31:20","guid":{"rendered":"https:\/\/jenninger.se\/?page_id=2172"},"modified":"2025-11-20T11:00:42","modified_gmt":"2025-11-20T10:00:42","slug":"film-och-lankar-till-texter","status":"publish","type":"page","link":"https:\/\/jenninger.se\/?page_id=2172","title":{"rendered":"Filmer och l\u00e4nkar"},"content":{"rendered":"\n<p>SvT inslag i Aktuellt om Fyrvallagymnasiet i \u00d6stersund 6 maj 2005:  <a href=\"https:\/\/www.svt.se\/nyheter\/lokalt\/jamtland\/fyrvallas-jobb-for-gemenskap-far-utmarkelse?fbclid=IwY2xjawKTu99leHRuA2FlbQIxMQBicmlkETFnREJORnFnbjJ0alFpNEdGAR5MQKsMFPoC1HqIInE31h6p2S4b4-6Q7PJnbP3d5t7gU_luIeAqmwAOBXnV-Q_aem_FVh1pgtV-ePE2xtK65kdAw\">https:\/\/www.svt.se\/nyheter\/lokalt\/jamtland\/fyrvallas-jobb-for-gemenskap-far-utmarkelse?fbclid=IwY2xjawKTu99leHRuA2FlbQIxMQBicmlkETFnREJORnFnbjJ0alFpNEdGAR5MQKsMFPoC1HqIInE31h6p2S4b4-6Q7PJnbP3d5t7gU_luIeAqmwAOBXnV-Q_aem_FVh1pgtV-ePE2xtK65kdAw<\/a><\/p>\n\n\n\n<ul class=\"wp-block-list\">\n<li><strong>Scensamtal Hur skapar vi trygghet och goda relationer i skolan? <\/strong>M\u00fcnchenbryggeriet 29 april 2025. Gustav Sundh, Pia Rehn, Jonas Nilsson, Elinor Torp. Moderator \u00e4r Anna Sterlinger Alring<\/li>\n<\/ul>\n\n\n\n<p><\/p>\n\n\n\n<p>1. Jonas Nilsson om den oj\u00e4mlika relationen, det \u00e4r vi som b\u00e4r ansvaret: <a href=\"https:\/\/www.youtube.com\/watch?v=g-bZAqd4dEU\">https:\/\/www.youtube.com\/watch?v=g-bZAqd4dEU<\/a><\/p>\n\n\n\n<p>2. Gustav Sundh, man kan inte fejka relationen eller ge sig:<a href=\"https:\/\/www.youtube.com\/watch?v=aklAt8WLQ7w&amp;t=31s\">https:\/\/www.youtube.com\/watch?v=aklAt8WLQ7w&amp;t=31s<\/a><\/p>\n\n\n\n<p>3. Elinor Torp, skolan Sveriges st\u00f6rsta arbetsplats m\u00e5ste f\u00f6lja lagarna!<a href=\"https:\/\/www.youtube.com\/watch?v=IAdMYWpSs8k\">https:\/\/www.youtube.com\/watch?v=IAdMYWpSs8k<\/a><\/p>\n\n\n\n<p>4. Pia Rehn, om fr\u00e4mjande, f\u00f6rtroende och f\u00f6r\u00e4ldramedverkan <a href=\"https:\/\/www.youtube.com\/watch?v=4by0SQCaQYc\">https:\/\/www.youtube.com\/watch?v=4by0SQCaQYc<\/a><\/p>\n\n\n\n<p>5. Vad \u00e4r viktigast, alla sammanfattar. Skolan ska f\u00f6lja styrdokumenten <a href=\"https:\/\/www.youtube.com\/watch?v=VDucifj_OgM&amp;t=522s\">https:\/\/www.youtube.com\/watch?v=VDucifj_OgM&amp;t=522s<\/a><\/p>\n\n\n\n<p><\/p>\n\n\n\n<figure class=\"wp-block-embed is-type-video is-provider-youtube wp-block-embed-youtube wp-embed-aspect-16-9 wp-has-aspect-ratio\"><div class=\"wp-block-embed__wrapper\">\n<iframe loading=\"lazy\" title=\"Friends - Bevingade Ord\" width=\"629\" height=\"354\" src=\"https:\/\/www.youtube.com\/embed\/vAfrU38cZDY?feature=oembed\" frameborder=\"0\" allow=\"accelerometer; autoplay; clipboard-write; encrypted-media; gyroscope; picture-in-picture; web-share\" referrerpolicy=\"strict-origin-when-cross-origin\" allowfullscreen><\/iframe>\n<\/div><figcaption class=\"wp-element-caption\">Friends gjorde en film om M\u00e5ns. Jag sj\u00e4lv fick g\u00f6ra speakertext och r\u00f6st. Texterna i bilderna \u00e4r gjorda med M\u00e5ns egen handstil.<\/figcaption><\/figure>\n\n\n\n<p><\/p>\n\n\n\n<figure class=\"wp-block-embed is-type-video is-provider-vimeo wp-block-embed-vimeo wp-embed-aspect-16-9 wp-has-aspect-ratio\"><div class=\"wp-block-embed__wrapper\">\n<iframe loading=\"lazy\" title=\"Om Vi Klarar Oss Genom Natten (Pilot)\" src=\"https:\/\/player.vimeo.com\/video\/113276382?dnt=1&amp;app_id=122963\" width=\"629\" height=\"354\" frameborder=\"0\" allow=\"autoplay; fullscreen; picture-in-picture; clipboard-write; encrypted-media; web-share\" referrerpolicy=\"strict-origin-when-cross-origin\"><\/iframe>\n<\/div><figcaption class=\"wp-element-caption\">Jonas Embring gjorde 2011 pilotfilmen om M\u00e5ns som f\u00f6rberedelse till en l\u00e5ngfilm, men finansieringen r\u00e4ckte inte. Men pilotfilmen f\u00e5ngar M\u00e5ns verklighet i skolan, hans dr\u00f6mmar och st\u00e4ndiga engagemang och faktiskt, en v\u00e4nskap. Tack Jonas<\/figcaption><\/figure>\n\n\n\n<p><\/p>\n\n\n\n<figure class=\"wp-block-embed is-type-video is-provider-youtube wp-block-embed-youtube wp-embed-aspect-4-3 wp-has-aspect-ratio\"><div class=\"wp-block-embed__wrapper\">\n<iframe loading=\"lazy\" title=\"M\u00e5ns tog sitt liv efter flera \u00e5rs mobbning\" width=\"629\" height=\"472\" src=\"https:\/\/www.youtube.com\/embed\/5sPfTpZxzO0?feature=oembed\" frameborder=\"0\" allow=\"accelerometer; autoplay; clipboard-write; encrypted-media; gyroscope; picture-in-picture; web-share\" referrerpolicy=\"strict-origin-when-cross-origin\" allowfullscreen><\/iframe>\n<\/div><figcaption class=\"wp-element-caption\">I Nyhetsmorgon TV4 2006. Torpskolan och Lerums kommun har avb\u00f6jt medverkan<\/figcaption><\/figure>\n\n\n\n<figure class=\"wp-block-embed is-type-video is-provider-youtube wp-block-embed-youtube wp-embed-aspect-16-9 wp-has-aspect-ratio\"><div class=\"wp-block-embed__wrapper\">\n<iframe loading=\"lazy\" title=\"M\u00e5ns tog sitt liv 13 \u00e5r gammal - Nyhetsmorgon (TV4)\" width=\"629\" height=\"354\" src=\"https:\/\/www.youtube.com\/embed\/RazeV-tlM4M?feature=oembed\" frameborder=\"0\" allow=\"accelerometer; autoplay; clipboard-write; encrypted-media; gyroscope; picture-in-picture; web-share\" referrerpolicy=\"strict-origin-when-cross-origin\" allowfullscreen><\/iframe>\n<\/div><figcaption class=\"wp-element-caption\">Nyhetsmorgon TV4 2014.<\/figcaption><\/figure>\n\n\n\n<p><\/p>\n\n\n\n<p><a href=\"https:\/\/www.youtube.com\/watch?v=6o5dj_x2tP8&amp;t=21s\">https:\/\/www.youtube.com\/watch?v=6o5dj_x2tP8&amp;t=21s<\/a><\/p>\n\n\n\n<figure class=\"wp-block-embed is-type-video is-provider-youtube wp-block-embed-youtube wp-embed-aspect-16-9 wp-has-aspect-ratio\"><div class=\"wp-block-embed__wrapper\">\n<iframe loading=\"lazy\" title=\"Malma burgaren - V\u00e4stmanlands Televisioin\" width=\"629\" height=\"354\" src=\"https:\/\/www.youtube.com\/embed\/v2Y1D18YUUw?feature=oembed\" frameborder=\"0\" allow=\"accelerometer; autoplay; clipboard-write; encrypted-media; gyroscope; picture-in-picture; web-share\" referrerpolicy=\"strict-origin-when-cross-origin\" allowfullscreen><\/iframe>\n<\/div><figcaption class=\"wp-element-caption\">I pandemin 2020 fick stipendiet delas ut b\u00e5de p\u00e5 distans OCH p\u00e5 plats i Kolsva. Jag reste till Malm\u00f6 och Tareq Taylor lagade till en &#8221;Malmaburgare&#8221; till Malmaskolan, d\u00e4r rektorerna tog emot diplom och ett kuvert med insamlade pengar.<\/figcaption><\/figure>\n\n\n\n<h4 class=\"wp-block-heading\">Debattartikel om elevh\u00e4lsa i GP 23-05-10<\/h4>\n\n\n\n<p><a href=\"https:\/\/www.gp.se\/debatt\/bristen-p%C3%A5-fungerande-elevh%C3%A4lsa-i-skolan-g%C3%B6r-att-barn-g%C3%A5r-under-1.99044589\">https:\/\/www.gp.se\/debatt\/bristen-p%C3%A5-fungerande-elevh%C3%A4lsa-i-skolan-g%C3%B6r-att-barn-g%C3%A5r-under-1.99044589<\/a><\/p>\n\n\n\n<p><strong>Debattartikel i Vi l\u00e4rare 2023-08 30, Sluta kalla det mobbning!<\/strong> <a href=\"https:\/\/www.vilarare.se\/nyheter\/vi-larare-debatt\/debatt-sluta-kalla-det-for-mobbning\/?fbclid=IwAR2PHY3lSygKOvDWrdX70zDyeLhZNeIjZJi49ViKTX-mvFw_ndWjPxXsY9Q\">https:\/\/www.vilarare.se\/nyheter\/vi-larare-debatt\/debatt-sluta-kalla-det-for-mobbning\/?fbclid=IwAR2PHY3lSygKOvDWrdX70zDyeLhZNeIjZJi49ViKTX-mvFw_ndWjPxXsY9Q<\/a><\/p>\n\n\n\n<figure class=\"wp-block-image size-large\"><img loading=\"lazy\" decoding=\"async\" width=\"1024\" height=\"683\" src=\"https:\/\/jenninger.se\/wp-content\/uploads\/2024\/11\/Utkast-5-begaran-om-bidrag-copy-1024x683.jpg\" alt=\"\" class=\"wp-image-2203\" srcset=\"https:\/\/jenninger.se\/wp-content\/uploads\/2024\/11\/Utkast-5-begaran-om-bidrag-copy-1024x683.jpg 1024w, https:\/\/jenninger.se\/wp-content\/uploads\/2024\/11\/Utkast-5-begaran-om-bidrag-copy-300x200.jpg 300w, https:\/\/jenninger.se\/wp-content\/uploads\/2024\/11\/Utkast-5-begaran-om-bidrag-copy-768x512.jpg 768w, https:\/\/jenninger.se\/wp-content\/uploads\/2024\/11\/Utkast-5-begaran-om-bidrag-copy-1536x1024.jpg 1536w, https:\/\/jenninger.se\/wp-content\/uploads\/2024\/11\/Utkast-5-begaran-om-bidrag-copy-900x600.jpg 900w, https:\/\/jenninger.se\/wp-content\/uploads\/2024\/11\/Utkast-5-begaran-om-bidrag-copy-1280x853.jpg 1280w, https:\/\/jenninger.se\/wp-content\/uploads\/2024\/11\/Utkast-5-begaran-om-bidrag-copy.jpg 1800w\" sizes=\"auto, (max-width: 1024px) 100vw, 1024px\" \/><\/figure>\n\n\n\n<p><\/p>\n\n\n\n<p>En ung tjej, ZSC, skrev en l\u00e5t till M\u00e5ns: Bullying kills. Atomicsolo 9837<\/p>\n\n\n\n<p><a href=\"https:\/\/suno.com\/playlist\/330d3d05-a524-4093-a031-f8c0318e78d5\">https:\/\/suno.com\/playlist\/330d3d05-a524-4093-a031-f8c0318e78d5<\/a><\/p>\n\n\n\n<p><\/p>\n","protected":false},"excerpt":{"rendered":"<p>SvT inslag i Aktuellt om Fyrvallagymnasiet i \u00d6stersund 6 maj 2005: https:\/\/www.svt.se\/nyheter\/lokalt\/jamtland\/fyrvallas-jobb-for-gemenskap-far-utmarkelse?fbclid=IwY2xjawKTu99leHRuA2FlbQIxMQBicmlkETFnREJORnFnbjJ0alFpNEdGAR5MQKsMFPoC1HqIInE31h6p2S4b4-6Q7PJnbP3d5t7gU_luIeAqmwAOBXnV-Q_aem_FVh1pgtV-ePE2xtK65kdAw 1. Jonas Nilsson om den oj\u00e4mlika relationen, det \u00e4r vi som b\u00e4r ansvaret: https:\/\/www.youtube.com\/watch?v=g-bZAqd4dEU 2. Gustav Sundh, man kan inte fejka relationen eller ge sig:https:\/\/www.youtube.com\/watch?v=aklAt8WLQ7w&amp;t=31s 3. Elinor Torp, skolan Sveriges st\u00f6rsta arbetsplats m\u00e5ste f\u00f6lja lagarna!https:\/\/www.youtube.com\/watch?v=IAdMYWpSs8k 4. Pia Rehn, om fr\u00e4mjande, f\u00f6rtroende och f\u00f6r\u00e4ldramedverkan [&hellip;]<\/p>\n","protected":false},"author":1,"featured_media":0,"parent":0,"menu_order":0,"comment_status":"closed","ping_status":"closed","template":"","meta":{"_themeisle_gutenberg_block_has_review":false,"footnotes":""},"class_list":["post-2172","page","type-page","status-publish","hentry"],"_links":{"self":[{"href":"https:\/\/jenninger.se\/index.php?rest_route=\/wp\/v2\/pages\/2172","targetHints":{"allow":["GET"]}}],"collection":[{"href":"https:\/\/jenninger.se\/index.php?rest_route=\/wp\/v2\/pages"}],"about":[{"href":"https:\/\/jenninger.se\/index.php?rest_route=\/wp\/v2\/types\/page"}],"author":[{"embeddable":true,"href":"https:\/\/jenninger.se\/index.php?rest_route=\/wp\/v2\/users\/1"}],"replies":[{"embeddable":true,"href":"https:\/\/jenninger.se\/index.php?rest_route=%2Fwp%2Fv2%2Fcomments&post=2172"}],"version-history":[{"count":23,"href":"https:\/\/jenninger.se\/index.php?rest_route=\/wp\/v2\/pages\/2172\/revisions"}],"predecessor-version":[{"id":2408,"href":"https:\/\/jenninger.se\/index.php?rest_route=\/wp\/v2\/pages\/2172\/revisions\/2408"}],"wp:attachment":[{"href":"https:\/\/jenninger.se\/index.php?rest_route=%2Fwp%2Fv2%2Fmedia&parent=2172"}],"curies":[{"name":"wp","href":"https:\/\/api.w.org\/{rel}","templated":true}]}}