{"id":209,"date":"2013-05-10T10:45:23","date_gmt":"2013-05-10T08:45:23","guid":{"rendered":"http:\/\/www.jenninger.se\/?page_id=209"},"modified":"2013-05-10T10:45:23","modified_gmt":"2013-05-10T08:45:23","slug":"veta-mer","status":"publish","type":"page","link":"https:\/\/jenninger.se\/?page_id=209","title":{"rendered":"Veta mer"},"content":{"rendered":"<h3>Vi vet alldeles f\u00f6r lite!<\/h3>\n<p><strong><span class=\"red\">Mobbning &#8211; utanf\u00f6rskap &#8211; depression &#8211; suicid. Det g\u00e5r att stoppa med kunskap.<\/span><\/p>\n<p>Alla kan lyssna. Alla kan bry sig om. Alla kan l\u00e4ra sig.<\/p>\n<p>Man kan l\u00e4ra sig p\u00e5 kurser och i b\u00f6cker. Det finns gott om m\u00f6jligheter.<\/p>\n<p><span class=\"red\">Dessa sidor \u00e4r bara en b\u00f6rjan.<\/span><\/p>\n<p>Ca 1500  m\u00e4nniskor tar sina liv varje \u00e5r i Sverige, 3,5 g\u00e5nger s\u00e5 m\u00e5nga som d\u00f6r i trafiken, n\u00e4stan tv\u00e5 Estonia om \u00e5ret.<\/p>\n<p>N\u00e4stan alla dessa m\u00e4nniskor kunde ha r\u00e4ddats. Det \u00e4r tystnaden och okunnigheten som \u00e4r farliga. <\/p>\n<p>Suicid \u00e4r n\u00e4stan alltid ett n\u00f6drop, en panikhandling. Det handlar ytterst s\u00e4llan om att vilja sluta leva. &#8221;Sj\u00e4lvmord&#8221; \u00e4r d\u00e4rf\u00f6r inte ett bra ord.<\/strong><\/p>\n<h3>NASP- <a href=\"http:\/\/ki.se\/ki\/jsp\/polopoly.jsp?d=28729\" target=\"_blank\">Nationellt centrum f\u00f6r suicidprevention vid Karolinska hinstitutet<\/a>. H\u00e4r finns kunskap!<\/h3>\n","protected":false},"excerpt":{"rendered":"<p>Vi vet alldeles f\u00f6r lite! Mobbning &#8211; utanf\u00f6rskap &#8211; depression &#8211; suicid. Det g\u00e5r att stoppa med kunskap. Alla kan lyssna. Alla kan bry sig om. Alla kan l\u00e4ra sig. Man kan l\u00e4ra sig p\u00e5 kurser och i b\u00f6cker. Det finns gott om m\u00f6jligheter. Dessa sidor \u00e4r bara en b\u00f6rjan. Ca 1500 m\u00e4nniskor tar sina [&hellip;]<\/p>\n","protected":false},"author":1,"featured_media":0,"parent":0,"menu_order":0,"comment_status":"open","ping_status":"open","template":"onecolumn-page.php","meta":{"_themeisle_gutenberg_block_has_review":false,"footnotes":""},"class_list":["post-209","page","type-page","status-publish","hentry"],"_links":{"self":[{"href":"https:\/\/jenninger.se\/index.php?rest_route=\/wp\/v2\/pages\/209","targetHints":{"allow":["GET"]}}],"collection":[{"href":"https:\/\/jenninger.se\/index.php?rest_route=\/wp\/v2\/pages"}],"about":[{"href":"https:\/\/jenninger.se\/index.php?rest_route=\/wp\/v2\/types\/page"}],"author":[{"embeddable":true,"href":"https:\/\/jenninger.se\/index.php?rest_route=\/wp\/v2\/users\/1"}],"replies":[{"embeddable":true,"href":"https:\/\/jenninger.se\/index.php?rest_route=%2Fwp%2Fv2%2Fcomments&post=209"}],"version-history":[{"count":1,"href":"https:\/\/jenninger.se\/index.php?rest_route=\/wp\/v2\/pages\/209\/revisions"}],"predecessor-version":[{"id":210,"href":"https:\/\/jenninger.se\/index.php?rest_route=\/wp\/v2\/pages\/209\/revisions\/210"}],"wp:attachment":[{"href":"https:\/\/jenninger.se\/index.php?rest_route=%2Fwp%2Fv2%2Fmedia&parent=209"}],"curies":[{"name":"wp","href":"https:\/\/api.w.org\/{rel}","templated":true}]}}