{"id":183,"date":"2013-05-10T10:05:00","date_gmt":"2013-05-10T08:05:00","guid":{"rendered":"http:\/\/www.jenninger.se\/?page_id=183"},"modified":"2023-09-04T17:36:42","modified_gmt":"2023-09-04T15:36:42","slug":"good-charlotte-hold-on","status":"publish","type":"page","link":"https:\/\/jenninger.se\/?page_id=183","title":{"rendered":"Good Charlotte &#8211; Hold On"},"content":{"rendered":"<p><strong>Good Charlotte var M\u00e5ns favoritband. L\u00e5ten och videon Hold On har bandet gjort som st\u00f6d f\u00f6r systerorganisationer i USA till Suicide Zero och Mind i Sverige som arbetar f\u00f6r att m\u00e4nniskor inte ska v\u00e4lja den yttersta utv\u00e4gen. I sitt testamente skriver M\u00e5ns att han vill att vi ser p\u00e5 deras video som han lyssnade p\u00e5. Ofta! <a href=\"https:\/\/www.youtube.com\/watch?v=gobdU5Pycvg&amp;t=11s&amp;ab_channel=GoodCharlotteVEVO\">https:\/\/www.youtube.com\/watch?v=gobdU5Pycvg&amp;t=11s&amp;ab_channel=GoodCharlotteVEVO<\/a><\/strong><\/p>\n\n\n<figure class=\"wp-block-image size-full is-resized is-style-default\"><img loading=\"lazy\" decoding=\"async\" src=\"https:\/\/jenninger.se\/wp-content\/uploads\/2022\/10\/gruppbild-redigerad.jpg\" alt=\"\" class=\"wp-image-1466\" style=\"width:493px;height:316px\" width=\"493\" height=\"316\"\/><figcaption class=\"wp-element-caption\"><strong>M\u00e5ns skrev i sitt testamente att han \u00f6nskade sig Good Charlottes autografer p\u00e5 sin grav. Familjen reste till konserthallen Vega i K\u00f6penhamn och tr\u00e4ffade  dem. D\u00e4r skrev de sina autografer och h\u00e4lsningar till M\u00e5ns.<\/strong><\/figcaption><\/figure>\n\n\n\n<figure class=\"wp-block-image size-full is-resized is-style-default\"><img loading=\"lazy\" decoding=\"async\" src=\"https:\/\/jenninger.se\/wp-content\/uploads\/2022\/10\/autograferna.jpg\" alt=\"\" class=\"wp-image-1467\" style=\"width:491px;height:405px\" width=\"491\" height=\"405\"\/><\/figure>\n\n\n\n<h2 class=\"wp-block-heading\"><strong>13 i April <\/strong><\/h2>\n\n\n\n<p><a href=\"https:\/\/open.spotify.com\/track\/6MEZ2PkqwhyfZre2cz2I3U?fbclid=IwAR27f-m-WX_LZN3viIhYlcByh9TJnJZtHDoqqnqgFyeuVdA_sIVtTdHrhow\">https:\/\/open.spotify.com\/track\/6MEZ2PkqwhyfZre2cz2I3U?fbclid=IwAR27f-m-WX_LZN3viIhYlcByh9TJnJZtHDoqqnqgFyeuVdA_sIVtTdHrhow<\/a><\/p>\n\n\n\n<p><strong>Visan skrevs av Rikard Wolff, musiken av Mikael Wiehe. Rikard sj\u00f6ng den p\u00e5 minnesstunden 2009 i tingshuset i Lerum. <\/strong><\/p>\n\n\n\n<figure class=\"wp-block-image size-large\"><img loading=\"lazy\" decoding=\"async\" width=\"768\" height=\"1024\" src=\"https:\/\/jenninger.se\/wp-content\/uploads\/2013\/05\/015-768x1024.jpg\" alt=\"\" class=\"wp-image-677\" srcset=\"https:\/\/jenninger.se\/wp-content\/uploads\/2013\/05\/015-768x1024.jpg 768w, https:\/\/jenninger.se\/wp-content\/uploads\/2013\/05\/015-225x300.jpg 225w, https:\/\/jenninger.se\/wp-content\/uploads\/2013\/05\/015.jpg 1944w\" sizes=\"auto, (max-width: 768px) 100vw, 768px\" \/><\/figure>\n","protected":false},"excerpt":{"rendered":"<p>Good Charlotte var M\u00e5ns favoritband. L\u00e5ten och videon Hold On har bandet gjort som st\u00f6d f\u00f6r systerorganisationer i USA till Suicide Zero och Mind i Sverige som arbetar f\u00f6r att m\u00e4nniskor inte ska v\u00e4lja den yttersta utv\u00e4gen. I sitt testamente skriver M\u00e5ns att han vill att vi ser p\u00e5 deras video som han lyssnade p\u00e5. [&hellip;]<\/p>\n","protected":false},"author":1,"featured_media":0,"parent":10,"menu_order":0,"comment_status":"open","ping_status":"open","template":"onecolumn-page.php","meta":{"_themeisle_gutenberg_block_has_review":false,"footnotes":""},"class_list":["post-183","page","type-page","status-publish","hentry"],"_links":{"self":[{"href":"https:\/\/jenninger.se\/index.php?rest_route=\/wp\/v2\/pages\/183","targetHints":{"allow":["GET"]}}],"collection":[{"href":"https:\/\/jenninger.se\/index.php?rest_route=\/wp\/v2\/pages"}],"about":[{"href":"https:\/\/jenninger.se\/index.php?rest_route=\/wp\/v2\/types\/page"}],"author":[{"embeddable":true,"href":"https:\/\/jenninger.se\/index.php?rest_route=\/wp\/v2\/users\/1"}],"replies":[{"embeddable":true,"href":"https:\/\/jenninger.se\/index.php?rest_route=%2Fwp%2Fv2%2Fcomments&post=183"}],"version-history":[{"count":14,"href":"https:\/\/jenninger.se\/index.php?rest_route=\/wp\/v2\/pages\/183\/revisions"}],"predecessor-version":[{"id":2023,"href":"https:\/\/jenninger.se\/index.php?rest_route=\/wp\/v2\/pages\/183\/revisions\/2023"}],"up":[{"embeddable":true,"href":"https:\/\/jenninger.se\/index.php?rest_route=\/wp\/v2\/pages\/10"}],"wp:attachment":[{"href":"https:\/\/jenninger.se\/index.php?rest_route=%2Fwp%2Fv2%2Fmedia&parent=183"}],"curies":[{"name":"wp","href":"https:\/\/api.w.org\/{rel}","templated":true}]}}