{"id":157,"date":"2013-05-10T09:45:07","date_gmt":"2013-05-10T07:45:07","guid":{"rendered":"http:\/\/www.jenninger.se\/?page_id=157"},"modified":"2013-05-10T09:45:07","modified_gmt":"2013-05-10T07:45:07","slug":"sagt-om-mans-5","status":"publish","type":"page","link":"https:\/\/jenninger.se\/?page_id=157","title":{"rendered":"Sagt om M\u00e5ns 5"},"content":{"rendered":"<p><strong>Denna ins\u00e4ndare har varit inf\u00f6rd i Expressen, Dagen, Lerums Tidning m fl lokaltidningar.<\/strong><\/p>\n<h3>Jag vet hur det k\u00e4nns att bli mobbad, M\u00e5ns<\/h3>\n<p>Jag s\u00e5g det i dina \u00f6gon p\u00e5 tv n\u00e4r de filmade ditt portr\u00e4tt hemma i vardagsrummet i Lerum. Stora sn\u00e4lla \u00f6gon tittade in i kameran och trots nitarmbanden och den tuffa frisyren f\u00f6rstod jag direkt. Du \u00e4r en av oss, alla vi som vet hur det k\u00e4nns n\u00e4r k\u00e4nsligheten sitter utanp\u00e5 och mobbarna har en m\u00e5ltavla stor som en fotbollsplan d\u00e4r det bara \u00e4r att kasta in bollen.<\/p>\n<p>Varf\u00f6r m\u00e5ste en tretton\u00e5rig pojke i Lerum ta sitt liv innan n\u00e5gon f\u00f6rst\u00e5r?<\/p>\n<p>Sj\u00e4lv var jag lyckligt lottad och fick byta skola till en milj\u00f6 d\u00e4r det fanns mer tolerans och st\u00f6rre utrymme f\u00f6r min k\u00e4nslighet och beg\u00e5vning. F\u00f6r det handlar faktiskt om det. M\u00e5ns pappa ber\u00e4ttade att M\u00e5ns \u00e4lskade musik. Att han hade sjungit h\u00f6gst av alla p\u00e5 musiken och v\u00e4grat vara cool och spela tuff. Han ber\u00e4ttade ocks\u00e5 att M\u00e5ns hade en s\u00e4rskild k\u00e4nsla f\u00f6r dem som hade det sv\u00e5rt, att han alltid ville att alla skulle vara med. Att han var sn\u00e4ll.<br \/>\nVi \u00e4r m\u00e5nga som blivit mobbade i skolan, eller bara k\u00e4nt oss utanf\u00f6r. Sj\u00e4lv har jag ofta sett det som att jag st\u00e5tt lite vid sidan av och betraktat verkligheten d\u00e4r alla andra befunnit sig. Numera ser jag det som en tillg\u00e5ng. Att aldrig k\u00e4nna att man passar in blir om man v\u00e4nder p\u00e5 det att alltid passa in. Och det var det jag s\u00e5g i M\u00e5ns \u00f6gon.<\/p>\n<p>Det \u00e4r tufft att vara k\u00e4nslig. Att vara \u00f6ppen om sina k\u00e4nslor och ha l\u00e4tt att ta in andras problem och r\u00e4dslor. Det \u00e4r en beg\u00e5vning som \u00e4r mycket sv\u00e5rhanterlig. Vi lever i en v\u00e4rld d\u00e4r det bara \u00e4r prestationer och resultat som r\u00e4knas. Medm\u00e4nsklighet, empati och f\u00f6rm\u00e5gan att lyssna kan i en s\u00e5n v\u00e4rld bli ett handikapp och i andras \u00f6gon ocks\u00e5 ett vapen.<\/p>\n<p>F\u00f6r det var du som var farlig M\u00e5ns, dina mobbare visste det. De visste att du kunde k\u00e4nna in dem och att du hade en speciell beg\u00e5vning att f\u00f6rst\u00e5 vad som egentligen var viktigt. <\/p>\n<p>Som nybliven mamma t\u00e4nker jag ofta p\u00e5 vad jag ska l\u00e4ra min son n\u00e4r han blir \u00e4ldre. Ska jag l\u00e4ra honom att bli tuff och cool och inte vara k\u00e4nslig f\u00f6r andra runt omkring? Eller ska jag l\u00e5ta honom bli en ansvarsk\u00e4nnande, empatisk och livsbejakande kille, en som jag tyckte att jag kunde se n\u00e4r jag s\u00e5g kortet p\u00e5 dig M\u00e5ns i tv-rutan?<br \/>\nSj\u00e4lvklart ska mobbarna inte f\u00e5 vinna. Men de \u00e4r m\u00e5nga i dag, och det som kr\u00e4vs \u00e4r att vi b\u00f6rjar prata med varandra. Att vara k\u00e4nslig \u00e4r n\u00e5got fint, inte ett karakt\u00e4rsfel.<\/p>\n<p>Det \u00e4r dags att vi som \u00e4r vuxna tar ett ordentligt ansvar f\u00f6r oss sj\u00e4lva och v\u00e5ra barn. Det handlar inte bara om att skapa antimobbningsgrupper i skolan, det handlar om ett helt samh\u00e4lles signaler till generationen efter. Vad ska barn och ungdomar tro n\u00e4r tv:n \u00e4r full med relationsmobbning, n\u00e4ringslivet fullt med strukturell och ekonomisk mobbning, och politiken full av pajkastning? Det \u00e4r ingen annans ansvar det \u00e4r ditt och mitt.<\/p>\n<p>T\u00e4nk p\u00e5 de d\u00e4r \u00f6gonen i Lerum n\u00e4sta g\u00e5ng n\u00e5gon hotar din prestige eller str\u00e4cker ut en hand. H\u00e5na inte det som \u00e4r annorlunda och fr\u00e5ga dig sj\u00e4lv varf\u00f6r du k\u00e4nner dig hotad innan du bara skrattar med. Kanske slipper d\u00e5 n\u00e5gon annan tretton\u00e5ring ta sitt liv innan n\u00e5gon f\u00f6rst\u00e5r.<\/p>\n<p><strong>Ulrika Palmblad<\/strong><\/p>\n","protected":false},"excerpt":{"rendered":"<p>Denna ins\u00e4ndare har varit inf\u00f6rd i Expressen, Dagen, Lerums Tidning m fl lokaltidningar. Jag vet hur det k\u00e4nns att bli mobbad, M\u00e5ns Jag s\u00e5g det i dina \u00f6gon p\u00e5 tv n\u00e4r de filmade ditt portr\u00e4tt hemma i vardagsrummet i Lerum. Stora sn\u00e4lla \u00f6gon tittade in i kameran och trots nitarmbanden och den tuffa frisyren f\u00f6rstod [&hellip;]<\/p>\n","protected":false},"author":1,"featured_media":0,"parent":10,"menu_order":0,"comment_status":"open","ping_status":"open","template":"onecolumn-page.php","meta":{"_themeisle_gutenberg_block_has_review":false,"footnotes":""},"class_list":["post-157","page","type-page","status-publish","hentry"],"_links":{"self":[{"href":"https:\/\/jenninger.se\/index.php?rest_route=\/wp\/v2\/pages\/157","targetHints":{"allow":["GET"]}}],"collection":[{"href":"https:\/\/jenninger.se\/index.php?rest_route=\/wp\/v2\/pages"}],"about":[{"href":"https:\/\/jenninger.se\/index.php?rest_route=\/wp\/v2\/types\/page"}],"author":[{"embeddable":true,"href":"https:\/\/jenninger.se\/index.php?rest_route=\/wp\/v2\/users\/1"}],"replies":[{"embeddable":true,"href":"https:\/\/jenninger.se\/index.php?rest_route=%2Fwp%2Fv2%2Fcomments&post=157"}],"version-history":[{"count":1,"href":"https:\/\/jenninger.se\/index.php?rest_route=\/wp\/v2\/pages\/157\/revisions"}],"predecessor-version":[{"id":158,"href":"https:\/\/jenninger.se\/index.php?rest_route=\/wp\/v2\/pages\/157\/revisions\/158"}],"up":[{"embeddable":true,"href":"https:\/\/jenninger.se\/index.php?rest_route=\/wp\/v2\/pages\/10"}],"wp:attachment":[{"href":"https:\/\/jenninger.se\/index.php?rest_route=%2Fwp%2Fv2%2Fmedia&parent=157"}],"curies":[{"name":"wp","href":"https:\/\/api.w.org\/{rel}","templated":true}]}}