{"id":153,"date":"2013-05-10T09:40:59","date_gmt":"2013-05-10T07:40:59","guid":{"rendered":"http:\/\/www.jenninger.se\/?page_id=153"},"modified":"2013-05-10T09:42:11","modified_gmt":"2013-05-10T07:42:11","slug":"sagt-om-mans-4","status":"publish","type":"page","link":"https:\/\/jenninger.se\/?page_id=153","title":{"rendered":"Sagt om M\u00e5ns 4"},"content":{"rendered":"<h3>Tal av Bo Scharping vid avskedsstunden f\u00f6r M\u00e5ns i Lekhuset p\u00e5 N\u00e4\u00e4s 19 maj 2005.<\/h3>\n<p>K\u00e4ra Anne-Marie, k\u00e4re Claes, k\u00e4ra Kasper, k\u00e4ra v\u00e4nner.<\/p>\n<p>Vi har samlats h\u00e4r i dag f\u00f6r att ta farv\u00e4l av M\u00e5ns. Vi \u00e4r m\u00e5nga h\u00e4r och det k\u00e4nns bra att s\u00e5 m\u00e5nga slutit upp. En s\u00e5dan h\u00e4r stund \u00e4r fylld av begrundan \u00f6ver livet och \u00f6ver tillvaron. En \u00e4lskad son, en bror, ett barnbarn, en kompis och en skolkamrat finns inte l\u00e4ngre bland oss. Och vi vet och k\u00e4nner att vi har en stor sorg att hantera. Vi m\u00e5ste f\u00f6rst\u00e5 \u2013 vilket k\u00e4nns n\u00e4stan om\u00f6jligt \u2013 och vi m\u00e5ste framf\u00f6r allt acceptera det som har h\u00e4nt. M\u00e5ns var som ett bloss som lyste starkt i natten, som lyste intensivt och som pl\u00f6tsligt slocknade. Och vi st\u00e5r kvar h\u00e4r.<\/p>\n<p> M\u00e5ns var en ovanlig kille. Han hade intressen som man kanske inte i f\u00f6rsta hand f\u00f6rknippar med en tretton\u00e5ring. F\u00f6r honom var det intressantare att veta n\u00e5gonting om Bockstensmannen \u00e4n att till exempel spela fotboll. Idrott var helt enkelt inte hans grej. Och det fanns folk som hade lite sv\u00e5rt med det.<\/p>\n<p> M\u00e5ns var spontan, glad och \u00f6ppen och hade n\u00e4ra till skratt. Han var rastl\u00f6s och intensiv. Han ville l\u00e4ra k\u00e4nna v\u00e4rlden, han ville l\u00e4ra sig saker och han var inte r\u00e4dd f\u00f6r att tala om vad han visste. Och det fanns folk som hade lite sv\u00e5rt f\u00f6r det ocks\u00e5. Det var nog s\u00e5 m\u00e5nga s\u00e5g honom, en glad, spontan kille som visste en del. Att det ocks\u00e5 fanns en annan M\u00e5ns var nog sv\u00e5rare att se.<\/p>\n<p>Jag \u00e4r inte s\u00e4ker p\u00e5 att M\u00e5ns alltid gillade att g\u00e5 i skolan. Han hade nog hellre suttit n\u00e5gonstans i Frankrike och pratat med Joel, s\u00e5ngaren i Good Charlotte. De hade varit kl\u00e4dda i svart, \u00e4tit croissanter och druckit Orangina. Utanf\u00f6r hade det st\u00e5tt en Citro\u00ebn 2CV parkerad. Jag tror inte att Joel k\u00f6r Citro\u00ebn, men jag vet att M\u00e5ns hade gillat om han gjort det.<\/p>\n<p>F\u00f6r M\u00e5ns var musik viktig. Han sj\u00f6ng g\u00e4rna, var tons\u00e4ker och gillade all slags musik \u2013 fr\u00e5n Evert Taube till politiska s\u00e5nger, fr\u00e5n v\u00e4rldsmusik till det \u00e4lskade punkbandet Good Charlotte. Han spelade g\u00e4rna sj\u00e4lv, f\u00f6rst trombon och senare elbas, mycket elbas. Hna kunde nog ha blivit en betydande musiker.<\/p>\n<p>M\u00e5ns var n\u00e5got av en individualist, en ensamvarg, som han sj\u00e4lv sa. Han v\u00e5gade vara sig sj\u00e4lv. Och det \u00e4r n\u00e5gonting som kr\u00e4ver stort mod i dagens samh\u00e4lle. Det h\u00e4r \u00e4r n\u00e5got som jag tycker \u00e4r viktigt och som vi ska ta till oss. Modet, att v\u00e5ga vara sig sj\u00e4lv. D\u00e4r var M\u00e5ns ett f\u00f6red\u00f6me. Vi lever i ett samh\u00e4lle som verkar bli allt mer konformistiskt, d\u00e4r m\u00e4nniskor st\u00f6ps i formar och d\u00e4r m\u00e5nga lever efter mallar. Avst\u00e5ndet mellan oss tenderar att \u00f6ka i st\u00e4llet f\u00f6r att minska. D\u00e5 kr\u00e4vs det mod f\u00f6r att v\u00e5ga vara fri, att v\u00e5ga vara tillsammans.<\/p>\n<p>Tage Daniel sson skrev en g\u00e5ng:<br \/>\n<em>En droppe droppad i livets \u00e4lv<br \/>\nHar ingen kraft till att flyta sj\u00e4lv.<br \/>\nDet st\u00e4lls krav p\u00e5 varenda droppe:<br \/>\nHj\u00e4lp till att h\u00e5lla de andra oppe!<\/em><\/p>\n<p>S\u00e5 borde det vara, s\u00e5 m\u00e5ste det vara. Ingen ton\u00e5ring ska beh\u00f6va drabbas av f\u00f6rtvivlan och v\u00e4lja den v\u00e4g M\u00e5ns valde. F\u00f6r det fanns en annan M\u00e5ns, en grubblande kille som hade sv\u00e5rt att tala om sina innersta k\u00e4nslor. Werner Herzogs film Kaspar Hauser inleds med citatet: \u201dIngen h\u00f6rde skriet av tystnad.\u201d L\u00e5t oss \u00f6verbrygga den tystnaden. L\u00e5t oss komma n\u00e4rmare varandra. L\u00e5t oss tala med varandra. L\u00e5t oss vara modiga, precis som M\u00e5ns var.<br \/>\nL\u00e5t oss minnas M\u00e5ns smittande skratt, l\u00e5t oss inspireras av hans nyfikenhet p\u00e5 livet och hans intensitet.<\/p>\n<p>M\u00e5ns, nu \u00e4r det dags att s\u00e4ga farv\u00e4l.<\/p>\n<p>Vi kommer aldrig att gl\u00f6mma dig.<\/p>\n<p>Jag kommer att plantera tre fr\u00f6n till ditt minne h\u00e4r i sk\u00e5len.<\/p>\n<p><strong>Vid minnesstunden spelades:<\/strong><\/p>\n<p>Tears in heaven                     Eric Clapton<\/p>\n<p>Wounded                              Good Charlotte<\/p>\n<p>Lilla f\u00e5gel bl\u00e5                         Staffan Hellstrand<\/p>\n<p>Imagine                                John Lennon<\/p>\n<p>Nabina                                  Orchestre National de Barb\u00e8s<br \/>\n\u00c4lska mig f\u00f6r den jag \u00e4r         Benny Andersson<br \/>\nNocturne                               Evert Taube<br \/>\nFritiof i Arkadien                    Evert Taube<\/p>\n<p><strong> Musiken framf\u00f6rdes av Pelle Jageby och Kulturskolan i Lerum<\/strong><\/p>\n","protected":false},"excerpt":{"rendered":"<p>Tal av Bo Scharping vid avskedsstunden f\u00f6r M\u00e5ns i Lekhuset p\u00e5 N\u00e4\u00e4s 19 maj 2005. K\u00e4ra Anne-Marie, k\u00e4re Claes, k\u00e4ra Kasper, k\u00e4ra v\u00e4nner. Vi har samlats h\u00e4r i dag f\u00f6r att ta farv\u00e4l av M\u00e5ns. Vi \u00e4r m\u00e5nga h\u00e4r och det k\u00e4nns bra att s\u00e5 m\u00e5nga slutit upp. En s\u00e5dan h\u00e4r stund \u00e4r fylld av [&hellip;]<\/p>\n","protected":false},"author":1,"featured_media":0,"parent":10,"menu_order":0,"comment_status":"open","ping_status":"open","template":"onecolumn-page.php","meta":{"_themeisle_gutenberg_block_has_review":false,"footnotes":""},"class_list":["post-153","page","type-page","status-publish","hentry"],"_links":{"self":[{"href":"https:\/\/jenninger.se\/index.php?rest_route=\/wp\/v2\/pages\/153","targetHints":{"allow":["GET"]}}],"collection":[{"href":"https:\/\/jenninger.se\/index.php?rest_route=\/wp\/v2\/pages"}],"about":[{"href":"https:\/\/jenninger.se\/index.php?rest_route=\/wp\/v2\/types\/page"}],"author":[{"embeddable":true,"href":"https:\/\/jenninger.se\/index.php?rest_route=\/wp\/v2\/users\/1"}],"replies":[{"embeddable":true,"href":"https:\/\/jenninger.se\/index.php?rest_route=%2Fwp%2Fv2%2Fcomments&post=153"}],"version-history":[{"count":2,"href":"https:\/\/jenninger.se\/index.php?rest_route=\/wp\/v2\/pages\/153\/revisions"}],"predecessor-version":[{"id":155,"href":"https:\/\/jenninger.se\/index.php?rest_route=\/wp\/v2\/pages\/153\/revisions\/155"}],"up":[{"embeddable":true,"href":"https:\/\/jenninger.se\/index.php?rest_route=\/wp\/v2\/pages\/10"}],"wp:attachment":[{"href":"https:\/\/jenninger.se\/index.php?rest_route=%2Fwp%2Fv2%2Fmedia&parent=153"}],"curies":[{"name":"wp","href":"https:\/\/api.w.org\/{rel}","templated":true}]}}