{"id":149,"date":"2013-05-10T09:36:20","date_gmt":"2013-05-10T07:36:20","guid":{"rendered":"http:\/\/www.jenninger.se\/?page_id=149"},"modified":"2013-05-10T09:37:09","modified_gmt":"2013-05-10T07:37:09","slug":"sagt-om-mans-3","status":"publish","type":"page","link":"https:\/\/jenninger.se\/?page_id=149","title":{"rendered":"Sagt om M\u00e5ns 3"},"content":{"rendered":"<h3>Vad h\u00e5ller dom p\u00e5 med i skolan? Liza Marklunds kr\u00f6nika i Expressen den 16 oktober 2005.<\/h3>\n<p>M\u00e5ns Jenninger var 13 \u00e5r d\u00e5 han tog livet av sig, mobbad till d\u00f6ds av sina skolkamrater. Jag har l\u00e4st om M\u00e5ns i Expressen i veckan, sett bilderna av hans f\u00f6rtvivlade f\u00f6r\u00e4ldrar, f\u00f6rst\u00e5tt att skolverket utrett fr\u00e5gan och kommit fram till att b\u00e5de Almek\u00e4rrsskolan och Torpskolan i Lerum &#8221;brustit p\u00e5 m\u00e5nga punkter&#8221;.<br \/>\nJo tack, &#8221;brustit p\u00e5 m\u00e5nga punkter&#8221; \u00e4r bara f\u00f6rnamnet. Skolorna har haft 100 sidor med dokumentation om mobbningen men har \u00e4nd\u00e5 inte lyckats f\u00e5 stopp p\u00e5 den. Min initiala reaktion \u00e4r att rektorerna f\u00f6r b\u00e4gge skolorna omedelbart borde f\u00e5 sparken och bel\u00e4ggas med yrkesf\u00f6rbud.<\/p>\n<p>F\u00e5 saker g\u00f6r mig lika f\u00f6rtvivlad och f\u00f6rbannad som att barn pl\u00e5gas, och jag tror de flesta h\u00e5ller med mig. Att f\u00e5 veta att skolorna mest koncentrerat sig p\u00e5 vad M\u00e5ns gjort eller sagt, inte hur pl\u00e5goandarna betett sig, har nog f\u00f6tt samma tankar hos andra som hos mig:<br \/>\nHur \u00e4r detta m\u00f6jligt? \u00c4r skolledningarna inte kloka? Vad h\u00e5ller de p\u00e5 med hela dagarna? Sitter de bara och l\u00e4gger scheman och stryker i budgeten?F\u00f6rmodligen \u00e4r det precis s\u00e5. En unge som blir pl\u00e5gad \u00e4r ett jobbigt avbrott i rutinerna. Som vuxen vill man vara konstruktiv och objektiv, om man nu m\u00e5ste h\u00e5lla p\u00e5 och reda ut br\u00e5k p\u00e5 skolg\u00e5rden s\u00e5 vill man g\u00f6ra det snabbt och effektivt.<\/p>\n<p>N\u00e5, vad har h\u00e4nt? Vad gjorde han? Men vad gjorde du d\u00e5? Varf\u00f6r sa du s\u00e5? Det \u00e4r l\u00e4tt att se dem framf\u00f6r sig, den morska rektorn som ska tala barnen tillr\u00e4tta. Vem tror ni \u00e4r mest uppr\u00f6rd? M\u00e5ns f\u00f6rst\u00e5s, han har precis blivit utsatt f\u00f6r n\u00e5got f\u00f6rf\u00e4rligt. Han \u00e4r ledsen och har kanske ont.<br \/>\nVem har sv\u00e5rast att tala och formulera sig? M\u00e5ns igen, han \u00e4r r\u00e4dd f\u00f6r de andra barnen, det \u00e4r han som anklagar, det \u00e4r han som tar strid. Vem \u00e4r mest angel\u00e4gen om att f\u00e5 saken ur v\u00e4rlden och f\u00e5 springa d\u00e4rifr\u00e5n? Mobbarna f\u00f6rst\u00e5s. De sitter d\u00e4r, stor\u00f6gda och oskyldiga som lamm, f\u00f6rst\u00e5r inte vad M\u00e5ns pratar om, det var ju han som<\/p>\n<p>Det \u00e4r i exakt det l\u00e4get skolledning m\u00e5ste ta sitt ansvar. Det \u00e4r d\u00e5 de vuxna m\u00e5ste se igenom strukturerna och de inblandades bevekelsegrunder: Om man upplever att man blir mobbad &#8211; d\u00e5 blir man mobbad. Det \u00e4r ens egen erfarenhet som r\u00e4knas &#8211; inte mobbarnas eller n\u00e5gon annans utomst\u00e5ende bed\u00f6mning.<br \/>\nD\u00e4r har ni situationen som skolledningen SKULLE ha rett ut. M\u00e5ns \u00e4r mobbad, vi m\u00e5ste f\u00e5 de andra att sluta med det. V\u00e4grar de, s\u00e5 m\u00e5ste de bort fr\u00e5n skolan. Det som sker rent psykiskt med mobbade barn kan f\u00f6rmodligen j\u00e4mf\u00f6ras med den \u00e5ngest, skam och otrygghet som misshandlade kvinnor och tortyroffer beskriver. T\u00e4nk er den situationen:<br \/>\nN\u00e5 Carlos, varf\u00f6r blev du torterad? Var det inte lite ditt eget fel? Varf\u00f6r sa du emot Pinochet? Varf\u00f6r h\u00f6ll du inte bara tyst?<\/p>\n<p>Man kan, som sagt, bli v\u00e4ldigt arg p\u00e5 skolledningen, men det finns n\u00e5got som \u00e4r \u00e4nnu sv\u00e5rare att t\u00e4nka p\u00e5: barnen som drev M\u00e5ns i d\u00f6den. De som slog honom i huvudet n\u00e4r han l\u00e5g ner p\u00e5 skolg\u00e5rden, de som p\u00e5 18 olika s\u00e4tt beskrev hur han skulle avr\u00e4ttas, de som gjorde till en sport att pl\u00e5ga honom \u00e5r ut och \u00e5r in. H\u00e4r f\u00e5r man h\u00e5lla i sig f\u00f6r att inte l\u00f6pa amok i huvudet, tankarna rusar runt: Hur \u00e4r de skapta, de satans sadisterna? Vad finns i deras hj\u00e4rtan? Har de \u00f6verhuvudtaget r\u00e4tt att andas?!<\/p>\n<p>Mobbarna som drev M\u00e5ns i d\u00f6den \u00e4r f\u00f6rmodligen helt vanliga barn som \u00e4lskas av sina f\u00f6r\u00e4ldrar, som slarvar med l\u00e4xorna ibland men klarar sig hyfsat bra i plugget. Jag hoppas att de inser vad de har gjort, att de best\u00e4mmer sig f\u00f6r att aldrig n\u00e5gonsin g\u00f6ra n\u00e5got liknande, och att de f\u00e5r hj\u00e4lp att g\u00e5 vidare. Det \u00e4r ju ingen tr\u00f6st f\u00f6r M\u00e5ns och hans f\u00f6r\u00e4ldrar, men vi m\u00e5ste minnas en sak:<br \/>\nDe som mobbas i skolan g\u00e5r det ofta v\u00e4ldigt bra f\u00f6r i livet.<br \/>\nDet \u00e4r mobbarna som blir misslyckade och utslagna<\/p>\n","protected":false},"excerpt":{"rendered":"<p>Vad h\u00e5ller dom p\u00e5 med i skolan? Liza Marklunds kr\u00f6nika i Expressen den 16 oktober 2005. M\u00e5ns Jenninger var 13 \u00e5r d\u00e5 han tog livet av sig, mobbad till d\u00f6ds av sina skolkamrater. Jag har l\u00e4st om M\u00e5ns i Expressen i veckan, sett bilderna av hans f\u00f6rtvivlade f\u00f6r\u00e4ldrar, f\u00f6rst\u00e5tt att skolverket utrett fr\u00e5gan och kommit [&hellip;]<\/p>\n","protected":false},"author":1,"featured_media":0,"parent":10,"menu_order":0,"comment_status":"open","ping_status":"open","template":"onecolumn-page.php","meta":{"_themeisle_gutenberg_block_has_review":false,"footnotes":""},"class_list":["post-149","page","type-page","status-publish","hentry"],"_links":{"self":[{"href":"https:\/\/jenninger.se\/index.php?rest_route=\/wp\/v2\/pages\/149","targetHints":{"allow":["GET"]}}],"collection":[{"href":"https:\/\/jenninger.se\/index.php?rest_route=\/wp\/v2\/pages"}],"about":[{"href":"https:\/\/jenninger.se\/index.php?rest_route=\/wp\/v2\/types\/page"}],"author":[{"embeddable":true,"href":"https:\/\/jenninger.se\/index.php?rest_route=\/wp\/v2\/users\/1"}],"replies":[{"embeddable":true,"href":"https:\/\/jenninger.se\/index.php?rest_route=%2Fwp%2Fv2%2Fcomments&post=149"}],"version-history":[{"count":2,"href":"https:\/\/jenninger.se\/index.php?rest_route=\/wp\/v2\/pages\/149\/revisions"}],"predecessor-version":[{"id":152,"href":"https:\/\/jenninger.se\/index.php?rest_route=\/wp\/v2\/pages\/149\/revisions\/152"}],"up":[{"embeddable":true,"href":"https:\/\/jenninger.se\/index.php?rest_route=\/wp\/v2\/pages\/10"}],"wp:attachment":[{"href":"https:\/\/jenninger.se\/index.php?rest_route=%2Fwp%2Fv2%2Fmedia&parent=149"}],"curies":[{"name":"wp","href":"https:\/\/api.w.org\/{rel}","templated":true}]}}