{"id":1461,"date":"2022-10-13T10:19:25","date_gmt":"2022-10-13T08:19:25","guid":{"rendered":"https:\/\/jenninger.se\/?page_id=1461"},"modified":"2022-11-21T17:43:54","modified_gmt":"2022-11-21T16:43:54","slug":"musik","status":"publish","type":"page","link":"https:\/\/jenninger.se\/?page_id=1461","title":{"rendered":"Musik"},"content":{"rendered":"\n<figure class=\"wp-block-image size-full is-resized is-style-default\"><img loading=\"lazy\" decoding=\"async\" src=\"https:\/\/jenninger.se\/wp-content\/uploads\/2022\/10\/Kopia-av-trombon.jpg\" alt=\"\" class=\"wp-image-1470\" width=\"301\" height=\"710\"\/><figcaption><strong>M\u00e5ns var musik. Lyssna, spela, alltid. Och sjunga, kristallklart och tons\u00e4kert. Med kulturskolan fick han f\u00f6rst spela trombon, bytte sen till elbas och gitarr. Han stod alltid utanf\u00f6r d\u00f6rren till elbaslektionen och v\u00e4ntade p\u00e5 <\/strong>l\u00e4rarna.<\/figcaption><\/figure>\n\n\n\n<figure class=\"wp-block-image size-full is-style-default\"><img loading=\"lazy\" decoding=\"async\" width=\"400\" height=\"280\" src=\"https:\/\/jenninger.se\/wp-content\/uploads\/2013\/05\/diplom.jpg\" alt=\"\" class=\"wp-image-180\" srcset=\"https:\/\/jenninger.se\/wp-content\/uploads\/2013\/05\/diplom.jpg 400w, https:\/\/jenninger.se\/wp-content\/uploads\/2013\/05\/diplom-300x210.jpg 300w\" sizes=\"auto, (max-width: 400px) 100vw, 400px\" \/><figcaption>I \u00e5k 4 vann M\u00e5ns Kulturskolans f\u00f6rsta pris i musikkunskap. Priset blev ett trumset till Almek\u00e4rrsskolan.<\/figcaption><\/figure>\n","protected":false},"excerpt":{"rendered":"","protected":false},"author":1,"featured_media":0,"parent":0,"menu_order":0,"comment_status":"closed","ping_status":"closed","template":"","meta":{"_themeisle_gutenberg_block_has_review":false,"footnotes":""},"class_list":["post-1461","page","type-page","status-publish","hentry"],"_links":{"self":[{"href":"https:\/\/jenninger.se\/index.php?rest_route=\/wp\/v2\/pages\/1461","targetHints":{"allow":["GET"]}}],"collection":[{"href":"https:\/\/jenninger.se\/index.php?rest_route=\/wp\/v2\/pages"}],"about":[{"href":"https:\/\/jenninger.se\/index.php?rest_route=\/wp\/v2\/types\/page"}],"author":[{"embeddable":true,"href":"https:\/\/jenninger.se\/index.php?rest_route=\/wp\/v2\/users\/1"}],"replies":[{"embeddable":true,"href":"https:\/\/jenninger.se\/index.php?rest_route=%2Fwp%2Fv2%2Fcomments&post=1461"}],"version-history":[{"count":5,"href":"https:\/\/jenninger.se\/index.php?rest_route=\/wp\/v2\/pages\/1461\/revisions"}],"predecessor-version":[{"id":1668,"href":"https:\/\/jenninger.se\/index.php?rest_route=\/wp\/v2\/pages\/1461\/revisions\/1668"}],"wp:attachment":[{"href":"https:\/\/jenninger.se\/index.php?rest_route=%2Fwp%2Fv2%2Fmedia&parent=1461"}],"curies":[{"name":"wp","href":"https:\/\/api.w.org\/{rel}","templated":true}]}}