{"id":146,"date":"2013-05-10T09:34:40","date_gmt":"2013-05-10T07:34:40","guid":{"rendered":"http:\/\/www.jenninger.se\/?page_id=146"},"modified":"2022-12-04T12:58:46","modified_gmt":"2022-12-04T11:58:46","slug":"sagt-om-mans-2","status":"publish","type":"page","link":"https:\/\/jenninger.se\/?page_id=146","title":{"rendered":"Sagt om M\u00e5ns 2"},"content":{"rendered":"<h3>Ett av flera tusen brev till M\u00e5ns Minneslund p\u00e5 Lunarstorm.<\/h3>\n<p>Onsdag 5:e oktober 2005,<br \/>\nFr\u00e5n en flicka<\/p>\n<p><em>M\u00e5ns jag saknar dej! jag mins den dagen d\u00e5 vi satt utan f\u00f6r skolan och pratade, du sa v\u00e4rkligen att du m\u00e5dde bra men jag visste ju att det inte va helt sant, n\u00e4r du gick f\u00f6r bi cafet i skolan skrek alla \u00e5t dej , och jag gick bakom dej och bad dom andra h\u00e5lla k\u00e4ften, m\u00e5ns jag hoppas att du e glad f\u00f6r att jag hj\u00e4lpte dej lite ! sedan kom dagen d\u00e5 viu fick reda p\u00e5 att du va i himelen, jag gr\u00e4t s\u00e5 mycke , klarade inte av all ingen hadde satt stop f\u00f6r mobbingen! n\u00e4r det va dacks f\u00f6r minnestund f\u00e4r dej k\u00f6pte jag 10 r\u00f6da rosor som betyder k\u00e4rlek och 5 vita som betyder sorg! R.I.P \/\/en som bryr sig<\/em><\/p>\n","protected":false},"excerpt":{"rendered":"<p>Ett av flera tusen brev till M\u00e5ns Minneslund p\u00e5 Lunarstorm. Onsdag 5:e oktober 2005, Fr\u00e5n en flicka M\u00e5ns jag saknar dej! jag mins den dagen d\u00e5 vi satt utan f\u00f6r skolan och pratade, du sa v\u00e4rkligen att du m\u00e5dde bra men jag visste ju att det inte va helt sant, n\u00e4r du gick f\u00f6r bi [&hellip;]<\/p>\n","protected":false},"author":1,"featured_media":0,"parent":10,"menu_order":0,"comment_status":"closed","ping_status":"open","template":"onecolumn-page.php","meta":{"_themeisle_gutenberg_block_has_review":false,"footnotes":""},"class_list":["post-146","page","type-page","status-publish","hentry"],"_links":{"self":[{"href":"https:\/\/jenninger.se\/index.php?rest_route=\/wp\/v2\/pages\/146","targetHints":{"allow":["GET"]}}],"collection":[{"href":"https:\/\/jenninger.se\/index.php?rest_route=\/wp\/v2\/pages"}],"about":[{"href":"https:\/\/jenninger.se\/index.php?rest_route=\/wp\/v2\/types\/page"}],"author":[{"embeddable":true,"href":"https:\/\/jenninger.se\/index.php?rest_route=\/wp\/v2\/users\/1"}],"replies":[{"embeddable":true,"href":"https:\/\/jenninger.se\/index.php?rest_route=%2Fwp%2Fv2%2Fcomments&post=146"}],"version-history":[{"count":2,"href":"https:\/\/jenninger.se\/index.php?rest_route=\/wp\/v2\/pages\/146\/revisions"}],"predecessor-version":[{"id":1729,"href":"https:\/\/jenninger.se\/index.php?rest_route=\/wp\/v2\/pages\/146\/revisions\/1729"}],"up":[{"embeddable":true,"href":"https:\/\/jenninger.se\/index.php?rest_route=\/wp\/v2\/pages\/10"}],"wp:attachment":[{"href":"https:\/\/jenninger.se\/index.php?rest_route=%2Fwp%2Fv2%2Fmedia&parent=146"}],"curies":[{"name":"wp","href":"https:\/\/api.w.org\/{rel}","templated":true}]}}