{"id":1443,"date":"2022-10-08T10:26:55","date_gmt":"2022-10-08T08:26:55","guid":{"rendered":"https:\/\/jenninger.se\/?page_id=1443"},"modified":"2026-04-27T10:25:28","modified_gmt":"2026-04-27T08:25:28","slug":"kontakt","status":"publish","type":"page","link":"https:\/\/jenninger.se\/?page_id=1443","title":{"rendered":"Om oss \/ Kontakt"},"content":{"rendered":"\n<h2 class=\"wp-block-heading\"><strong>Vad \u00e4r M\u00e5ns Jenningers minnesfond?<\/strong><\/h2>\n\n\n\n<h4 class=\"wp-block-heading\"><strong>Stiftelsens syfte och verksamhet<\/strong><\/h4>\n\n\n\n<p>M\u00e5ns Jenningers minnesfond \u00e4r en registrerad insamlingsstiftelse som hedrar M\u00e5ns Jenningers minne genom att uppm\u00e4rksamma och premiera skolor som \u00e4r f\u00f6rebilder med ett strukturerat arbete f\u00f6r trygghet och gemenskap f\u00f6r alla. Mer information finns p\u00e5 hemsidan www.jenninger.se.<\/p>\n\n\n\n<h4 class=\"wp-block-heading\"><strong>Organisation och ideellt arbete<\/strong><\/h4>\n\n\n\n<p>Stiftelsens organisationsnummer \u00e4r 802482-1806 med bankgiro 105-5953 och Swish 1232367266 f\u00f6r insamlingen. Styrelsen arbetar helt ideellt, all arbetsinsats sker utan ers\u00e4ttning och allt fokus ligger p\u00e5 att st\u00f6dja skolornas trygghetsarbete.<\/p>\n\n\n\n<h4 class=\"wp-block-heading\"><strong>Ekonomi och fasta utgifter<\/strong><\/h4>\n\n\n\n<p>Stiftelsens fasta utgifter som m\u00e5ste betalas:<\/p>\n\n\n\n<ul class=\"wp-block-list\">\n<li>L\u00e4nsstyrelsen i V. G\u00f6taland: 600 kr per \u00e5r<\/li>\n\n\n\n<li>Nordea: 1300 kr per \u00e5r<\/li>\n\n\n\n<li>Swish: 720 kr per \u00e5r samt 2 kr per inbetalning<\/li>\n\n\n\n<li>S.k. 90-konto har vi <strong>inte.<\/strong> Det kostar 5000kr att s\u00f6ka samt 5000 kr i \u00e5rlig avgift.<\/li>\n<\/ul>\n\n\n\n<h4 class=\"wp-block-heading\"><strong>Revision och redovisning<\/strong><\/h4>\n\n\n\n<p>Stiftelsen har en auktoriserad revisor. Den senaste \u00e5rsredovisningen finns h\u00e4r: <a href=\"file:\/\/\/C:\/Users\/claes\/OneDrive\/Skrivbord\/STIFTELSE\/2025\/%C3%85rsredovisning%202024\/241231%20%C3%85rsredovisning-1.pdf\">file:\/\/\/C:\/Users\/claes\/OneDrive\/Skrivbord\/STIFTELSE\/2025\/%C3%85rsredovisning%202024\/241231%20%C3%85rsredovisning-1.pdf<\/a><\/p>\n\n\n\n<p><strong>Kontakta stiftelsen:<\/strong><\/p>\n\n\n\n<p><strong>Hemsidan: <\/strong><a href=\"http:\/\/www.jenninger.se\"><strong>www.jenninger.se<\/strong><\/a><\/p>\n\n\n\n<p><strong>E-post: <\/strong><a href=\"mailto:mansstiftelse@gmail.com\"><strong>mansstiftelse@gmail.com<\/strong><\/a><strong><\/strong><\/p>\n\n\n\n<p><img loading=\"lazy\" decoding=\"async\" width=\"28\" height=\"28\" src=\"blob:https:\/\/jenninger.se\/ed846ee0-bba6-47a1-b6f1-5074e93c2e36\"><a href=\"https:\/\/www.facebook.com\/groups\/132741930820296\"><strong>(1) M\u00e5ns Jenningers minnesfond | Facebook<\/strong><\/a><\/p>\n\n\n\n<p><img loading=\"lazy\" decoding=\"async\" width=\"32\" height=\"32\" src=\"blob:https:\/\/jenninger.se\/d049e555-b937-4afc-a477-919a6df98164\"><a href=\"http:\/\/www.linkedin.com\/in\/claes-jenninger-517652257\"><strong>www.linkedin.com\/in\/claes-jenninger-517652257<\/strong><\/a><strong><\/strong><\/p>\n\n\n\n<figure class=\"wp-block-image size-full\"><img loading=\"lazy\" decoding=\"async\" width=\"245\" height=\"145\" src=\"https:\/\/jenninger.se\/wp-content\/uploads\/2026\/02\/image-1.jpeg\" alt=\"\" class=\"wp-image-2419\"\/><\/figure>\n\n\n\n<p><em>M\u00e5ns 10 \u00e5r, p\u00e5 Solklinten, h\u00f6gsta punkten p\u00e5 Tj\u00f6rn. Nyfiken, intresserad av allt.<\/em> &#8211;<em>Hur det k\u00e4nns att vara m\u00e5s? M\u00e5ste testa!<\/em><\/p>\n\n\n\n<p>Den 14 augusti 2022 grundades M\u00e5ns Jenningers minnesfond som en insamlingsstiftelse, godk\u00e4nd av L\u00e4nsstyrelsen och Skatteverket, och antogs dess stadgar. Enligt 2 \u00a7 i stadgarna skall insamlingsstiftelsen premiera \u201dn\u00e5gon eller n\u00e5gra som i handling har visat att alla i skolan har r\u00e4tt till trygghet och gemenskap\u201d. Minst en g\u00e5ng varje \u00e5r, p\u00e5 M\u00e5ns d\u00f6dsdag den 25 april, ska fonden tilldela minst en mottagare ett diplom samt den summa pengar styrelsen beslutar om.<\/p>\n\n\n\n<h2 class=\"wp-block-heading ticss-55eb5e2d\">Styrelsen 2025-2027<\/h2>\n\n\n\n<p>Styrelsen utg\u00f6rs av Claes Jenninger ordf\u00f6rande, Desir\u00e9e Lilja kass\u00f6r\/f\u00f6rvaltare, Anna Sterlinger Ahlring sekreterare och en vakant.<\/p>\n\n\n\n<figure class=\"wp-block-image size-full is-resized\"><img loading=\"lazy\" decoding=\"async\" width=\"584\" height=\"430\" src=\"https:\/\/jenninger.se\/wp-content\/uploads\/2025\/12\/Claes-Visby-1-1.jpg\" alt=\"\" class=\"wp-image-2413\" style=\"width:212px;height:auto\" srcset=\"https:\/\/jenninger.se\/wp-content\/uploads\/2025\/12\/Claes-Visby-1-1.jpg 584w, https:\/\/jenninger.se\/wp-content\/uploads\/2025\/12\/Claes-Visby-1-1-300x221.jpg 300w\" sizes=\"auto, (max-width: 584px) 100vw, 584px\" \/><\/figure>\n\n\n\n<p><strong>Claes Jenninger, ordf\u00f6rande<\/strong><\/p>\n\n\n\n<ol style=\"list-style-type:1\" class=\"wp-block-list\">\n<li>Jag har fyra barn. Numera 58, 52 och 31 \u00e5r gamla. M\u00e5ns blev bara 13. Motvilligt gled jag in p\u00e5 l\u00e4rarbanan. Men efter n\u00e5gra \u00e5r p\u00e5 grundskolan fann jag trollformeln f\u00f6r detta fantastiska yrke, att arbeta med barns och ungas kreativitet, att bygga min undervisning kring deras ber\u00e4ttande. N\u00e4r debatten i samh\u00e4llet talade om videov\u00e5ld och f\u00f6rbud, b\u00f6rjade jag arbeta med att skapa film i skolan. Vidareutbildade mig och efter det blev jag frilans och l\u00e4rare p\u00e5 &nbsp;gymnasiets medieprogram och kurser p\u00e5 utbildningar.<\/li>\n\n\n\n<li>-Kan du inte starta en fond? sa pr\u00e4sten i kommunens POSOM-grupp i kaoset n\u00e4r M\u00e5ns hade tagit sitt liv. S\u00e5 blev det. Men i all tystnad f\u00f6rstod jag att mina erfarenheter som b\u00e5de pappa och l\u00e4rare var viktiga. Min okunnighet och oerfarenhet delade jag ju med de allra flesta andra. Vi vill att fler ska f\u00f6rst\u00e5 hur sk\u00f6rt livet \u00e4r och hur mycket trygghet v\u00e5ra unga beh\u00f6ver. De \u00e4r v\u00e5rt allra st\u00f6rsta kapital.<\/li>\n\n\n\n<li>Det viktigaste i livet \u00e4r livet! Uppleva och reflektera! Se och lyssna! Jag \u00e4lskar utmaningar, som att str\u00e4cka ut p\u00e5 fj\u00e4llhedar eller att hugga min ved; att f\u00e5 en trasig motor att fungera eller att l\u00e4sa fantastiska b\u00f6cker och se filmer som ger mig f\u00f6rst\u00e5else f\u00f6r m\u00e4nniskor och h\u00e4ndelser. Mest av allt tror jag att vi alla beh\u00f6ver inse b\u00e5de v\u00e5r litenhet och v\u00e5r storhet. Vi kan!<\/li>\n<\/ol>\n\n\n\n<figure class=\"wp-block-embed is-type-video is-provider-youtube wp-block-embed-youtube wp-embed-aspect-16-9 wp-has-aspect-ratio\"><div class=\"wp-block-embed__wrapper\">\n<iframe loading=\"lazy\" title=\"M\u00e5ns tog sitt liv 13 \u00e5r gammal - Nyhetsmorgon (TV4)\" width=\"629\" height=\"354\" src=\"https:\/\/www.youtube.com\/embed\/RazeV-tlM4M?start=55&#038;feature=oembed\" frameborder=\"0\" allow=\"accelerometer; autoplay; clipboard-write; encrypted-media; gyroscope; picture-in-picture; web-share\" referrerpolicy=\"strict-origin-when-cross-origin\" allowfullscreen><\/iframe>\n<\/div><\/figure>\n\n\n\n<figure class=\"wp-block-image size-full is-resized\"><img loading=\"lazy\" decoding=\"async\" width=\"303\" height=\"303\" src=\"https:\/\/jenninger.se\/wp-content\/uploads\/2025\/01\/desiree.jpg\" alt=\"\" class=\"wp-image-2215\" style=\"width:369px;height:auto\" srcset=\"https:\/\/jenninger.se\/wp-content\/uploads\/2025\/01\/desiree.jpg 303w, https:\/\/jenninger.se\/wp-content\/uploads\/2025\/01\/desiree-300x300.jpg 300w, https:\/\/jenninger.se\/wp-content\/uploads\/2025\/01\/desiree-150x150.jpg 150w, https:\/\/jenninger.se\/wp-content\/uploads\/2025\/01\/desiree-88x88.jpg 88w\" sizes=\"auto, (max-width: 303px) 100vw, 303px\" \/><\/figure>\n\n\n\n<p><strong>Desir\u00e9e Lilja. Kass\u00f6r\/f\u00f6rvaltare<\/strong><\/p>\n\n\n\n<p>Jag heter Desir\u00e9e Lilja och \u00e4r mamma till Karolina som inte orkade leva, 12 \u00e5r gammal.Efter Karolinas bortg\u00e5ng har mitt liv f\u00f6r\u00e4ndrats och omkullkastats 100%.&nbsp;<\/p>\n\n\n\n<p>Nu l\u00e4gger jag det mesta av min privata tid till att f\u00f6rs\u00f6ka p\u00e5verka s\u00e5 att skolor ska&nbsp;fungera f\u00f6r alla barn. Speciellt vill jag lyfta autistska flickor som inte st\u00f6r i klassrummet, men som g\u00e5r s\u00f6nder inombords i dagens skola och dess st\u00f6kiga milj\u00f6.<\/p>\n\n\n\n<p>I \u00f6vrigt s\u00e5 umg\u00e5s jag med v\u00e4nner. (Ber\u00e4ttelsen om vad som h\u00e4nde Karolina i skolan skriver Elinor Torp i sin bok Flickan i korridoren, Mondial f\u00f6rlag 2024).<\/p>\n\n\n\n<figure class=\"wp-block-image size-full is-resized\"><img loading=\"lazy\" decoding=\"async\" width=\"526\" height=\"528\" src=\"https:\/\/jenninger.se\/wp-content\/uploads\/2025\/01\/Karolina.jpg\" alt=\"\" class=\"wp-image-2218\" style=\"width:224px;height:auto\" srcset=\"https:\/\/jenninger.se\/wp-content\/uploads\/2025\/01\/Karolina.jpg 526w, https:\/\/jenninger.se\/wp-content\/uploads\/2025\/01\/Karolina-300x300.jpg 300w, https:\/\/jenninger.se\/wp-content\/uploads\/2025\/01\/Karolina-150x150.jpg 150w, https:\/\/jenninger.se\/wp-content\/uploads\/2025\/01\/Karolina-88x88.jpg 88w\" sizes=\"auto, (max-width: 526px) 100vw, 526px\" \/><\/figure>\n\n\n\n<p><strong>Anna Sterlinger Ahlring.&nbsp;Sekreterare<\/strong><\/p>\n\n\n\n<figure class=\"wp-block-image size-full is-resized\"><img loading=\"lazy\" decoding=\"async\" width=\"782\" height=\"521\" src=\"https:\/\/jenninger.se\/wp-content\/uploads\/2025\/07\/Anna-Sterlinger-2-1.jpeg\" alt=\"\" class=\"wp-image-2377\" style=\"width:450px;height:auto\" srcset=\"https:\/\/jenninger.se\/wp-content\/uploads\/2025\/07\/Anna-Sterlinger-2-1.jpeg 782w, https:\/\/jenninger.se\/wp-content\/uploads\/2025\/07\/Anna-Sterlinger-2-1-300x200.jpeg 300w, https:\/\/jenninger.se\/wp-content\/uploads\/2025\/07\/Anna-Sterlinger-2-1-768x512.jpeg 768w\" sizes=\"auto, (max-width: 782px) 100vw, 782px\" \/><\/figure>\n\n\n\n<p><strong>L\u00e4rare, f\u00f6rel\u00e4sare, moderator och f\u00f6rfattare fr\u00e5n Stockholm.<\/strong><\/p>\n\n\n\n<p>Jag har arbetat som l\u00e4rare sedan 2002, men har alltid engagerat mig i skola, l\u00e4rande, l\u00e4rarrollen och utbildningsfr\u00e5gor p\u00e5 flera olika s\u00e4tt \u2013 vid sidan av min l\u00e4rarbana.<\/p>\n\n\n\n<p>Jag har exempelvis arbetat p\u00e5 barn- och utbildningsf\u00f6rvaltningen i Huddinge, med ett projekt vi kallade ELIT. Det handlade om att arbeta tillsammans med l\u00e4rare i l\u00e4ngre utvecklingsprocesser, d\u00e4r vi utforskade hur vi kunde kombinera IT och entrepren\u00f6riellt l\u00e4rande i kommunens skolor. Jag har \u00e4ven arbetat p\u00e5 Ung F\u00f6retagsamhets nationella kansli som grundskoleansvarig.<\/p>\n\n\n\n<p>\u00c5r 2015 startade jag, tillsammans med Philip och Anna,&nbsp;<em>Philips &amp; Annas L\u00e4rarpodcast<\/em>&nbsp;\u2013 Sveriges f\u00f6rsta skolpodd, som ocks\u00e5 blev den st\u00f6rsta. Under sex \u00e5r och \u00f6ver 300 avsnitt lyfte vi fram goda exempel fr\u00e5n skolans v\u00e4rld, med fokus p\u00e5 det som fungerar och det positiva. F\u00f6r detta arbete mottog vi \u00e4ven utm\u00e4rkelsen&nbsp;<em>\u00c5rets insats inom offentlig sektor<\/em>.<\/p>\n\n\n\n<p>Jag har ocks\u00e5 arbetat p\u00e5 Gothia Kompetens, d\u00e4r jag varit ansvarig f\u00f6r processutbildningar inom t.ex. ledarskap riktat mot l\u00e4rare.<\/p>\n\n\n\n<p>2015 grundades L\u00e4rargalan, d\u00e4r jag sedan starten haft en plats i styrelsen. Idag \u00e4r den en del av Stiftelsen Beata, vars syfte \u00e4r att lyfta vikten av l\u00e4raryrket<\/p>\n\n\n\n<p>Sist men inte minst skriver jag b\u00f6cker f\u00f6r och med l\u00e4rare. Tillsammans med min kollega Karin Boberg har jag skrivit:<\/p>\n\n\n\n<ul class=\"wp-block-list\">\n<li><em>Att \u00e4ga klassrummet<\/em>&nbsp;\u2013 om ledarskap<\/li>\n\n\n\n<li><em>Att \u00e4ga l\u00e4raryrket<\/em>&nbsp;\u2013 riktad till nya i yrket<\/li>\n\n\n\n<li><em>Att \u00e4ga undervisningen<\/em>&nbsp;\u2013 om motivation i undervisningen<br>Nu arbetar vi med v\u00e5r fj\u00e4rde bok, och f\u00f6rel\u00e4ser ocks\u00e5 regelbundet utifr\u00e5n dessa teman.<\/li>\n<\/ul>\n\n\n\n<p>Men fr\u00e4mst \u00e4r jag l\u00e4rare. N\u00e4stan varje dag, vecka efter vecka, \u00e5r efter \u00e5r, m\u00f6ter jag dem som betyder allra mest \u2013 v\u00e5ra elever. Jag \u00e4r en l\u00e4rare som brinner f\u00f6r undervisning och utbildning, f\u00f6r b\u00e5de barn, unga och vuxna.<\/p>\n\n\n\n<p>Just d\u00e4rf\u00f6r \u00e4r jag ocks\u00e5 extra stolt \u00f6ver att vara en del av&nbsp;<em>M\u00e5ns Jenningers minnesfond<\/em>. Alla elever ska ha en sj\u00e4lvklar och trygg plats i skolan. Alla ska f\u00e5 en skolg\u00e5ng d\u00e4r kunskap och undervisning st\u00e5r i fokus \u2013 inte r\u00e4dslan f\u00f6r att vara d\u00e4r. Varje elev f\u00f6rtj\u00e4nar en vardag som \u00e4r s\u00e4ker, trygg och inkluderande.<\/p>\n\n\n\n<h3 class=\"wp-block-heading\">Fouzi Benbouzid<\/h3>\n\n\n\n<figure class=\"wp-block-image size-full\"><img loading=\"lazy\" decoding=\"async\" width=\"381\" height=\"387\" src=\"https:\/\/jenninger.se\/wp-content\/uploads\/2026\/04\/Fouzi-1.jpg\" alt=\"\" class=\"wp-image-2431\" srcset=\"https:\/\/jenninger.se\/wp-content\/uploads\/2026\/04\/Fouzi-1.jpg 381w, https:\/\/jenninger.se\/wp-content\/uploads\/2026\/04\/Fouzi-1-295x300.jpg 295w, https:\/\/jenninger.se\/wp-content\/uploads\/2026\/04\/Fouzi-1-88x88.jpg 88w\" sizes=\"auto, (max-width: 381px) 100vw, 381px\" \/><\/figure>\n\n\n\n<p>Fouzi \u00e4r en engagerad och relationsskapande ledare med stark f\u00f6rankring i skolans v\u00e4rld. Som certifierad trainer i CPS, modell utvecklad av Dr Ross Greene arbetar han med att st\u00e4rka organisationer f\u00f6r att s\u00e4kra delaktighet och inflytande i samtliga processer i en verksamhet.<br>Ut\u00f6ver sitt arbete i skolan \u00e4r Fouzi grundare av Lilla Koala, en barnbok som speglar hans engagemang f\u00f6r barns utveckling och l\u00e4rande.<\/p>\n\n\n\n<figure class=\"wp-block-image size-full is-resized\"><img loading=\"lazy\" decoding=\"async\" width=\"400\" height=\"400\" src=\"https:\/\/jenninger.se\/wp-content\/uploads\/2023\/04\/Anna-Hedin-Goran.jpg\" alt=\"\" class=\"wp-image-1874\" style=\"width:226px;height:auto\" srcset=\"https:\/\/jenninger.se\/wp-content\/uploads\/2023\/04\/Anna-Hedin-Goran.jpg 400w, https:\/\/jenninger.se\/wp-content\/uploads\/2023\/04\/Anna-Hedin-Goran-300x300.jpg 300w, https:\/\/jenninger.se\/wp-content\/uploads\/2023\/04\/Anna-Hedin-Goran-150x150.jpg 150w, https:\/\/jenninger.se\/wp-content\/uploads\/2023\/04\/Anna-Hedin-Goran-88x88.jpg 88w\" sizes=\"auto, (max-width: 400px) 100vw, 400px\" \/><\/figure>\n\n\n\n<h4 class=\"wp-block-heading\">Anna Hedin G\u00f6ran, Kung\u00e4lvs redovisningsbyr\u00e5 \u00e4r v\u00e5r revisor.<\/h4>\n\n\n\n<h2 class=\"wp-block-heading\">Kontakta oss!<\/h2>\n\n\n\n<p>Du kan kontakta Insamlingsstiftelsen M\u00e5ns Jenningers minnesfond genom att mejla till:<\/p>\n\n\n\n<p><strong><a href=\"mailto:mansstiftelse@gmail.com\">mansstiftelse@gmail.com<\/a><\/strong><\/p>\n\n\n\n<p>Du f\u00e5r f\u00f6rst ett automatsvar att ditt mail kommit fram. Sen tar vi kontakt.<\/p>\n\n\n\n<p>V\u00e4lkommen ocks\u00e5 till minnesfondens Facebooksida som du hittar h\u00e4r: <a rel=\"noreferrer noopener\" href=\"https:\/\/www.facebook.com\/groups\/132741930820296\" target=\"_blank\">https:\/\/www.facebook.com\/groups\/132741930820296<\/a><\/p>\n\n\n\n<p>H\u00e4r p\u00e5g\u00e5r dagligen ett brett samtal, diskussion och information om vad vi kan g\u00f6ra f\u00f6r barns och ungas psykiska h\u00e4lsa. M\u00e5nga inl\u00e4gg om hur vi i praktiken kan f\u00f6r\u00e4ndra skolan s\u00e5 att den spelar den centrala roll som den kan spela f\u00f6r trygghet och gemenskap.<\/p>\n\n\n\n<p><strong>Information om varum\u00e4rke<\/strong><\/p>\n\n\n\n<p>Insamlingsstiftelsen \u00e4r varum\u00e4rkesskyddad. Styrelsens skriftliga godk\u00e4nnande kr\u00e4vs f\u00f6r insamlingar i insamlingsstiftelsens namn och skall granskas av stiftelsens revisor. Man f\u00e5r g\u00e4rna citera texter fr\u00e5n hemsidan, men med k\u00e4llh\u00e4nvisning.<\/p>\n\n\n\n<figure class=\"wp-block-image size-full\"><img loading=\"lazy\" decoding=\"async\" width=\"509\" height=\"260\" src=\"https:\/\/jenninger.se\/wp-content\/uploads\/2022\/10\/reg-varumarke-1.jpg\" alt=\"\" class=\"wp-image-1548\"\/><\/figure>\n\n\n\n<p>Varum\u00e4rket har M\u00e5ns sj\u00e4lv gjort som sin signatur p\u00e5 en oljem\u00e5lning han gjorde i skolan.<\/p>\n\n\n\n<p><strong>\u00d6vriga uppgifter<\/strong><\/p>\n\n\n\n<p>Insamlingsstiftelsen M\u00e5ns Jenningers minnesfond \u00e4r registrerad hos L\u00e4nsstyrelsen i V\u00e4stra G\u00f6talands l\u00e4n och har organisationsnummer 802482-1806.<\/p>\n\n\n","protected":false},"excerpt":{"rendered":"<p>Vad \u00e4r M\u00e5ns Jenningers minnesfond? Stiftelsens syfte och verksamhet M\u00e5ns Jenningers minnesfond \u00e4r en registrerad insamlingsstiftelse som hedrar M\u00e5ns Jenningers minne genom att uppm\u00e4rksamma och premiera skolor som \u00e4r f\u00f6rebilder med ett strukturerat arbete f\u00f6r trygghet och gemenskap f\u00f6r alla. Mer information finns p\u00e5 hemsidan www.jenninger.se. Organisation och ideellt arbete Stiftelsens organisationsnummer \u00e4r 802482-1806 med [&hellip;]<\/p>\n","protected":false},"author":1,"featured_media":0,"parent":0,"menu_order":0,"comment_status":"closed","ping_status":"closed","template":"","meta":{"_themeisle_gutenberg_block_has_review":false,"footnotes":""},"class_list":["post-1443","page","type-page","status-publish","hentry"],"_links":{"self":[{"href":"https:\/\/jenninger.se\/index.php?rest_route=\/wp\/v2\/pages\/1443","targetHints":{"allow":["GET"]}}],"collection":[{"href":"https:\/\/jenninger.se\/index.php?rest_route=\/wp\/v2\/pages"}],"about":[{"href":"https:\/\/jenninger.se\/index.php?rest_route=\/wp\/v2\/types\/page"}],"author":[{"embeddable":true,"href":"https:\/\/jenninger.se\/index.php?rest_route=\/wp\/v2\/users\/1"}],"replies":[{"embeddable":true,"href":"https:\/\/jenninger.se\/index.php?rest_route=%2Fwp%2Fv2%2Fcomments&post=1443"}],"version-history":[{"count":61,"href":"https:\/\/jenninger.se\/index.php?rest_route=\/wp\/v2\/pages\/1443\/revisions"}],"predecessor-version":[{"id":2432,"href":"https:\/\/jenninger.se\/index.php?rest_route=\/wp\/v2\/pages\/1443\/revisions\/2432"}],"wp:attachment":[{"href":"https:\/\/jenninger.se\/index.php?rest_route=%2Fwp%2Fv2%2Fmedia&parent=1443"}],"curies":[{"name":"wp","href":"https:\/\/api.w.org\/{rel}","templated":true}]}}