{"id":1432,"date":"2022-10-05T17:51:35","date_gmt":"2022-10-05T15:51:35","guid":{"rendered":"https:\/\/jenninger.se\/?page_id=1432"},"modified":"2025-11-20T11:04:59","modified_gmt":"2025-11-20T10:04:59","slug":"nyheter","status":"publish","type":"page","link":"https:\/\/jenninger.se\/?page_id=1432","title":{"rendered":"V\u00e5ra ambassad\u00f6rer"},"content":{"rendered":"\n<div class=\"wp-block-media-text is-stacked-on-mobile\"><figure class=\"wp-block-media-text__media\"><img loading=\"lazy\" decoding=\"async\" width=\"237\" height=\"355\" src=\"https:\/\/jenninger.se\/wp-content\/uploads\/2024\/08\/mariawimannystaende.jpg\" alt=\"\" class=\"wp-image-2152 size-full\" srcset=\"https:\/\/jenninger.se\/wp-content\/uploads\/2024\/08\/mariawimannystaende.jpg 237w, https:\/\/jenninger.se\/wp-content\/uploads\/2024\/08\/mariawimannystaende-200x300.jpg 200w\" sizes=\"auto, (max-width: 237px) 100vw, 237px\" \/><\/figure><div class=\"wp-block-media-text__content\">\n<h2 class=\"wp-block-heading\"><strong>Maria Wiman <\/strong><\/h2>\n\n\n\n<p>Maria Wiman \u00e4r v\u00e4lk\u00e4nd f\u00f6r de allra flesta som \u00e4r verksamma i skolans v\u00e4rld. Kolumnist, f\u00f6rfattare och f\u00f6rel\u00e4sare. Och inte minst l\u00e4rare! Hennes med forskning faktasp\u00e4ckade b\u00f6cker: <a href=\"https:\/\/www.adlibris.com\/se\/sok?q=wiman+maria\">https:\/\/www.adlibris.com\/se\/sok?q=wiman+maria<\/a> Varje fredag en artikel, eller snarare rapport, fr\u00e5n klassrumsgolvet i tidningen Vi l\u00e4rare: <a href=\"https:\/\/www.vilarare.se\/tag\/maria-wiman\/\">https:\/\/www.vilarare.se\/tag\/maria-wiman\/<\/a><\/p>\n\n\n\n<figure class=\"wp-block-embed is-type-video is-provider-youtube wp-block-embed-youtube wp-embed-aspect-16-9 wp-has-aspect-ratio\"><div class=\"wp-block-embed__wrapper\">\n<iframe loading=\"lazy\" title=\"Maria Wiman: Om jag var skolminister skulle jag... | Internetdagarna 2022\" width=\"629\" height=\"354\" src=\"https:\/\/www.youtube.com\/embed\/Usu1dpV_NaU?feature=oembed\" frameborder=\"0\" allow=\"accelerometer; autoplay; clipboard-write; encrypted-media; gyroscope; picture-in-picture; web-share\" referrerpolicy=\"strict-origin-when-cross-origin\" allowfullscreen><\/iframe>\n<\/div><figcaption class=\"wp-element-caption\">Lyssna h\u00e4r p\u00e5 Marias programf\u00f6rklaring till varf\u00f6r skolan \u00e4r den viktigaste institutionen f\u00f6r hela v\u00e5rt samh\u00e4lle. H\u00e4r ber\u00e4ttar hon varf\u00f6r, och vad som beh\u00f6vs f\u00f6r att skolan ska bli den trygga platsen som alla v\u00e5ra barn, v\u00e5ra l\u00e4rare och inte minst f\u00f6r\u00e4ldrar l\u00e4ngtar efter!<\/figcaption><\/figure>\n<\/div><\/div>\n\n\n\n<h2 class=\"wp-block-heading\"><strong>Gustav Sundh, &#8221;skolg\u00e5rdsl\u00e4raren!&#8221;<\/strong><\/h2>\n\n\n\n<figure class=\"wp-block-image size-full is-resized\"><img loading=\"lazy\" decoding=\"async\" width=\"225\" height=\"225\" src=\"https:\/\/jenninger.se\/wp-content\/uploads\/2025\/11\/Gustav-Sundh-vand.jpg\" alt=\"\" class=\"wp-image-2398\" style=\"width:284px;height:auto\" srcset=\"https:\/\/jenninger.se\/wp-content\/uploads\/2025\/11\/Gustav-Sundh-vand.jpg 225w, https:\/\/jenninger.se\/wp-content\/uploads\/2025\/11\/Gustav-Sundh-vand-150x150.jpg 150w, https:\/\/jenninger.se\/wp-content\/uploads\/2025\/11\/Gustav-Sundh-vand-88x88.jpg 88w\" sizes=\"auto, (max-width: 225px) 100vw, 225px\" \/><\/figure>\n\n\n\n<p>Gustav Sundh \u00e4r den v\u00e4lk\u00e4nde fritidsledaren &#8221;skolg\u00e5rdsl\u00e4raren&#8221;, f\u00f6rfattaren och f\u00f6rel\u00e4saren som alltid st\u00e5r p\u00e5 barnets sida. Hans insatser i skolmilj\u00f6n \u00e4r vida k\u00e4nda med aktiviteter, boden med utl\u00e5ningssaker, systemen med ansvarsbyggande rutiner och allt s\u00e5dant som s\u00e4llan finns med i &#8221;rastverksamhet&#8221;. Men viktigast \u00e4r att se och h\u00f6ra varje barn. S\u00e4rskilt har det blivit med de udda, kantst\u00f6dda barnen, de som inte l\u00e4ngre litar p\u00e5 oss vuxna. Lyckligtvis skriver Gustav ocks\u00e5 om dem, s\u00e5 alla kan l\u00e4sa! <a href=\"https:\/\/www.facebook.com\/search\/top?q=skolg%C3%A5rdsl%C3%A4raren%20gustav%20sundh\">https:\/\/www.facebook.com\/search\/top?q=skolg%C3%A5rdsl%C3%A4raren%20gustav%20sundh<\/a><\/p>\n\n\n\n<p><\/p>\n\n\n\n<p><\/p>\n\n\n\n<h2 class=\"wp-block-heading\">Nominera n\u00e5gon eller n\u00e5gra till Minnesfonden!<\/h2>\n\n\n\n<p>\u00c5ret om kan man l\u00e4mna f\u00f6rslag till styrelsen p\u00e5 vem\/vilka du vill ska premieras. Stiftelsens e-postadress \u00e4r: <strong><a href=\"mailto:mansstiftelse@gmail.com\">mansstiftelse@gmail.com<\/a><\/strong>. <\/p>\n\n\n\n<p>Gl\u00f6m inte ange namn, adress, telefonnummer och &#8211; i f\u00f6rekommande fall &#8211; hemsida.<\/p>\n\n\n\n<p><strong>Syftet med fonden \u00e4r  att lyfta fram f\u00f6red\u00f6men, f\u00f6rebilder f\u00f6r andra. Tidigare \u00e5rs mottagare av fondens stipendium har p\u00e5 m\u00e5nga olika s\u00e4tt hittat v\u00e4gar och utformningar. D\u00e4r hittar man  m\u00e5nga gemensamma drag men med lokala, starka variationer. Till exempel:<\/strong><\/p>\n\n\n\n<ol style=\"list-style-type:1\" class=\"wp-block-list\">\n<li>Att skolan grundar sitt arbete p\u00e5 att bygga goda och trygga relationer mellan samtliga som i skolan har sin arbetsplats. Att bli sedd och lyssnad p\u00e5 \u00e4r grunden f\u00f6r \u00f6msesidig respekt.<\/li>\n\n\n\n<li>Att en n\u00e4rvarande elevh\u00e4lsa \u00e4r navet i skolans arbete. Det skapar trygghet f\u00f6r b\u00e5de elever och personal att det finns en sj\u00e4lvklar struktur att v\u00e4nda sig till f\u00f6r omedelbart st\u00f6d och direkt lots vidare i samh\u00e4llet.<\/li>\n\n\n\n<li>Att eleverna \u00e4r delaktiga i valet av arbetss\u00e4tt och trygghetsarbete.<\/li>\n\n\n\n<li>Att ett omsorgsfullt fr\u00e4mjande och f\u00f6rebyggande arbete g\u00f6r risk- och friskbed\u00f6mningar, b\u00e5de av arbetsmilj\u00f6n och f\u00f6r individer.<\/li>\n\n\n\n<li>Att v\u00e5rdnadshavare deltar i trygghetsarbetet.<\/li>\n\n\n\n<li>Att hela personalen m\u00f6ter problem med samsyn och tydlighet.<\/li>\n\n\n\n<li>Att skolan organiserar personalledd rastverksamhet f\u00f6r elevernas fysiska aktivitet och relationsbygge.<\/li>\n<\/ol>\n\n\n\n<div class=\"wp-block-columns is-layout-flex wp-container-core-columns-is-layout-9d6595d7 wp-block-columns-is-layout-flex\">\n<div class=\"wp-block-column is-layout-flow wp-block-column-is-layout-flow\">\n<figure class=\"wp-block-gallery has-nested-images columns-default is-cropped wp-block-gallery-1 is-layout-flex wp-block-gallery-is-layout-flex\"><\/figure>\n<\/div>\n\n\n\n<div class=\"wp-block-column is-layout-flow wp-block-column-is-layout-flow\">\n<p><\/p>\n\n\n\n<p><\/p>\n<\/div>\n<\/div>\n\n\n\n<ol style=\"list-style-type:1\" class=\"wp-block-list\">\n<li><\/li>\n<\/ol>\n\n\n\n\n\n\n\n<figure class=\"wp-block-gallery has-nested-images columns-default is-cropped wp-block-gallery-2 is-layout-flex wp-block-gallery-is-layout-flex\"><\/figure>\n\n\n\n<figure class=\"wp-block-gallery has-nested-images columns-default is-cropped wp-block-gallery-3 is-layout-flex wp-block-gallery-is-layout-flex\"><\/figure>\n","protected":false},"excerpt":{"rendered":"<p>Gustav Sundh, &#8221;skolg\u00e5rdsl\u00e4raren!&#8221; Gustav Sundh \u00e4r den v\u00e4lk\u00e4nde fritidsledaren &#8221;skolg\u00e5rdsl\u00e4raren&#8221;, f\u00f6rfattaren och f\u00f6rel\u00e4saren som alltid st\u00e5r p\u00e5 barnets sida. Hans insatser i skolmilj\u00f6n \u00e4r vida k\u00e4nda med aktiviteter, boden med utl\u00e5ningssaker, systemen med ansvarsbyggande rutiner och allt s\u00e5dant som s\u00e4llan finns med i &#8221;rastverksamhet&#8221;. Men viktigast \u00e4r att se och h\u00f6ra varje barn. S\u00e4rskilt har [&hellip;]<\/p>\n","protected":false},"author":1,"featured_media":0,"parent":0,"menu_order":0,"comment_status":"open","ping_status":"closed","template":"","meta":{"_themeisle_gutenberg_block_has_review":false,"footnotes":""},"class_list":["post-1432","page","type-page","status-publish","hentry"],"_links":{"self":[{"href":"https:\/\/jenninger.se\/index.php?rest_route=\/wp\/v2\/pages\/1432","targetHints":{"allow":["GET"]}}],"collection":[{"href":"https:\/\/jenninger.se\/index.php?rest_route=\/wp\/v2\/pages"}],"about":[{"href":"https:\/\/jenninger.se\/index.php?rest_route=\/wp\/v2\/types\/page"}],"author":[{"embeddable":true,"href":"https:\/\/jenninger.se\/index.php?rest_route=\/wp\/v2\/users\/1"}],"replies":[{"embeddable":true,"href":"https:\/\/jenninger.se\/index.php?rest_route=%2Fwp%2Fv2%2Fcomments&post=1432"}],"version-history":[{"count":51,"href":"https:\/\/jenninger.se\/index.php?rest_route=\/wp\/v2\/pages\/1432\/revisions"}],"predecessor-version":[{"id":2409,"href":"https:\/\/jenninger.se\/index.php?rest_route=\/wp\/v2\/pages\/1432\/revisions\/2409"}],"wp:attachment":[{"href":"https:\/\/jenninger.se\/index.php?rest_route=%2Fwp%2Fv2%2Fmedia&parent=1432"}],"curies":[{"name":"wp","href":"https:\/\/api.w.org\/{rel}","templated":true}]}}