{"id":139,"date":"2013-05-10T09:30:49","date_gmt":"2013-05-10T07:30:49","guid":{"rendered":"http:\/\/www.jenninger.se\/?page_id=139"},"modified":"2022-12-04T12:58:31","modified_gmt":"2022-12-04T11:58:31","slug":"sagt-om-mans-1","status":"publish","type":"page","link":"https:\/\/jenninger.se\/?page_id=139","title":{"rendered":"Sagt om M\u00e5ns 1"},"content":{"rendered":"<h3>2005-05-08 M\u00e5ns Jenninger in memoriam (ur Autog\u00ebnial nr 206)<\/h3>\n<p><a href=\"http:\/\/www.jenninger.se\/om-mans\/sagt-om-mans-1\/thumb2_20051213152709\/\" rel=\"attachment wp-att-140\"><img loading=\"lazy\" decoding=\"async\" src=\"http:\/\/www.jenninger.se\/wp-content\/uploads\/2013\/05\/thumb2_20051213152709.jpg\" alt=\"thumb2_20051213152709\" class=\"alignright size-full wp-image-140\" width=\"250\" height=\"250\" srcset=\"https:\/\/jenninger.se\/wp-content\/uploads\/2013\/05\/thumb2_20051213152709.jpg 250w, https:\/\/jenninger.se\/wp-content\/uploads\/2013\/05\/thumb2_20051213152709-150x150.jpg 150w\" sizes=\"auto, (max-width: 250px) 100vw, 250px\" \/><\/a> M\u00e5ns Jenninger \u00e4r d\u00f6d. En stor liten frankofil och citro\u00ebnist finns inte l\u00e4ngre. Han skulle egentligen ha suttit p\u00e5 ett caf\u00e9 i Frankrike med en croissant och en Orangina i sommar och myst. Men s\u00e5 blir det inte. M\u00e5ns blev 13 \u00e5r.<\/p>\n<p>Det \u00e4r med stort, stort vemod jag minns tillbaka p\u00e5 2 CV-m\u00f6tet i Italien. Hur vi satt i den ljumma sommarnatten och tj\u00f4tade. Det handlade om allt mellan himmel och jord, om hur \u00e4ppelmustf\u00f6rs\u00e4ljningen hade g\u00e5tt, vart man skulle resa, hur man skulle g\u00f6ra med ditt eller datt. Tusen tankar och funderingar. Vad roligt det var. Glatt och frejdigt delade M\u00e5ns med sig av sina tankar till dem som satte sig ned f\u00f6r att snacka en stund. Jag tror att han trivdes som b\u00e4st p\u00e5 resande fot och g\u00e4rna bland andra citro\u00ebnister. Det \u00e4r d\u00e5 sj\u00e4lva tusan! M\u00e5ns hade ju massor av resor kvar att g\u00f6ra. Han hade fler m\u00e4nniskor att m\u00f6ta, fler m\u00e4nniskor som skulle uppskattat en speciell kille som M\u00e5ns. Men just d\u00e4r och just d\u00e5 orkade han inte st\u00e5 ut med den m\u00f6rka och sv\u00e5ra delen av sin verklighet. Om han \u00e4nd\u00e5 hade delat med sig av den sidan ocks\u00e5.<\/p>\n<p>Vi s\u00f6rjer med Ammi, Claes och Kasper. Och jag b\u00e4r alltid med mig ett minne av M\u00e5ns p\u00e5 v\u00e5ra resor. I fickan. Nyckelringen i form av en HY fick vi av M\u00e5ns.<\/p>\n<p>Text: Lorentz \u00d6sterling      Foto: Hans G Anderson<\/p>\n","protected":false},"excerpt":{"rendered":"<p>2005-05-08 M\u00e5ns Jenninger in memoriam (ur Autog\u00ebnial nr 206) M\u00e5ns Jenninger \u00e4r d\u00f6d. En stor liten frankofil och citro\u00ebnist finns inte l\u00e4ngre. Han skulle egentligen ha suttit p\u00e5 ett caf\u00e9 i Frankrike med en croissant och en Orangina i sommar och myst. Men s\u00e5 blir det inte. M\u00e5ns blev 13 \u00e5r. Det \u00e4r med stort, [&hellip;]<\/p>\n","protected":false},"author":1,"featured_media":0,"parent":10,"menu_order":0,"comment_status":"closed","ping_status":"open","template":"onecolumn-page.php","meta":{"_themeisle_gutenberg_block_has_review":false,"footnotes":""},"class_list":["post-139","page","type-page","status-publish","hentry"],"_links":{"self":[{"href":"https:\/\/jenninger.se\/index.php?rest_route=\/wp\/v2\/pages\/139","targetHints":{"allow":["GET"]}}],"collection":[{"href":"https:\/\/jenninger.se\/index.php?rest_route=\/wp\/v2\/pages"}],"about":[{"href":"https:\/\/jenninger.se\/index.php?rest_route=\/wp\/v2\/types\/page"}],"author":[{"embeddable":true,"href":"https:\/\/jenninger.se\/index.php?rest_route=\/wp\/v2\/users\/1"}],"replies":[{"embeddable":true,"href":"https:\/\/jenninger.se\/index.php?rest_route=%2Fwp%2Fv2%2Fcomments&post=139"}],"version-history":[{"count":5,"href":"https:\/\/jenninger.se\/index.php?rest_route=\/wp\/v2\/pages\/139\/revisions"}],"predecessor-version":[{"id":1728,"href":"https:\/\/jenninger.se\/index.php?rest_route=\/wp\/v2\/pages\/139\/revisions\/1728"}],"up":[{"embeddable":true,"href":"https:\/\/jenninger.se\/index.php?rest_route=\/wp\/v2\/pages\/10"}],"wp:attachment":[{"href":"https:\/\/jenninger.se\/index.php?rest_route=%2Fwp%2Fv2%2Fmedia&parent=139"}],"curies":[{"name":"wp","href":"https:\/\/api.w.org\/{rel}","templated":true}]}}