{"id":1301,"date":"2022-07-24T18:01:24","date_gmt":"2022-07-24T16:01:24","guid":{"rendered":"https:\/\/jenninger.se\/?page_id=1301"},"modified":"2024-02-20T11:15:04","modified_gmt":"2024-02-20T10:15:04","slug":"minnesfonden-2022","status":"publish","type":"page","link":"https:\/\/jenninger.se\/?page_id=1301","title":{"rendered":"Minnesfonden 2022"},"content":{"rendered":"\n<div class=\"wp-block-media-text alignwide is-stacked-on-mobile is-image-fill\" style=\"grid-template-columns:74% auto\"><figure class=\"wp-block-media-text__media\" style=\"background-image:url(https:\/\/jenninger.se\/wp-content\/uploads\/2022\/05\/279212034_1286900935169564_4196652895179002888_n.jpg);background-position:50% 50%\"><img loading=\"lazy\" decoding=\"async\" width=\"2048\" height=\"1536\" src=\"https:\/\/jenninger.se\/wp-content\/uploads\/2022\/05\/279212034_1286900935169564_4196652895179002888_n.jpg\" alt=\"\" class=\"wp-image-1209 size-full\"\/><\/figure><div class=\"wp-block-media-text__content\">\n<p class=\"has-small-font-size\">\u00c5rets mottagare \u00e4r R\u00e5gsveds grundskola. Rektorerna Marko Anderot, Ulrika Eveland och Razan, trygghetsr\u00e5det, med diplomet.<\/p>\n<\/div><\/div>\n\n\n\n<figure class=\"wp-block-image size-full is-style-default\"><img loading=\"lazy\" decoding=\"async\" width=\"4641\" height=\"6127\" src=\"https:\/\/jenninger.se\/wp-content\/uploads\/2022\/07\/Ragsved-1.jpg\" alt=\"\" class=\"wp-image-1280\"\/><\/figure>\n\n\n\n<p><strong>Tidningen NU skriver om varf\u00f6r just R\u00e5gsveds grundskola f\u00e5r stipendiet. Sv\u00e5rl\u00e4st? H\u00f6gerklicka och ladda ner jpg-fotot med Spara bild. S\u00e5 kan man f\u00f6rstora den viktiga texten till \u00f6nskad storlek.<\/strong><\/p>\n\n\n\n<figure class=\"wp-block-image size-full is-style-default\"><img loading=\"lazy\" decoding=\"async\" width=\"4631\" height=\"6095\" src=\"https:\/\/jenninger.se\/wp-content\/uploads\/2022\/07\/Ragsved-2.jpg\" alt=\"\" class=\"wp-image-1281\"\/><\/figure>\n\n\n\n<p><\/p>\n\n\n\n<div class=\"wp-block-media-text alignwide is-stacked-on-mobile is-image-fill\" style=\"grid-template-columns:38% auto\"><figure class=\"wp-block-media-text__media\" style=\"background-image:url(https:\/\/jenninger.se\/wp-content\/uploads\/2022\/05\/279106239_10216932655827824_144260798885687584_n.jpg);background-position:50% 50%\"><img loading=\"lazy\" decoding=\"async\" width=\"1125\" height=\"627\" src=\"https:\/\/jenninger.se\/wp-content\/uploads\/2022\/05\/279106239_10216932655827824_144260798885687584_n.jpg\" alt=\"\" class=\"wp-image-1211 size-full\"\/><\/figure><div class=\"wp-block-media-text__content\">\n<p>Jessica Falk ber\u00e4ttade om sin dotter Rocky och sj\u00f6ng sin l\u00e5t Just do it!<\/p>\n<\/div><\/div>\n\n\n\n<div class=\"wp-block-media-text alignwide is-stacked-on-mobile\" style=\"grid-template-columns:36% auto\"><figure class=\"wp-block-media-text__media\"><img loading=\"lazy\" decoding=\"async\" width=\"3024\" height=\"4032\" src=\"https:\/\/jenninger.se\/wp-content\/uploads\/2022\/05\/Ragsved-aula.jpg\" alt=\"\" class=\"wp-image-1214 size-full\"\/><\/figure><div class=\"wp-block-media-text__content\">\n<p>Jag talade med alla barnen om M\u00e5ns, ensamhet och k\u00e4nslan att man inte orkar l\u00e4ngre. Barn lyssnar, f\u00f6rst\u00e5r och har s\u00e5 m\u00e5nga kloka tankar!<\/p>\n<\/div><\/div>\n\n\n\n<div class=\"wp-block-media-text alignwide is-stacked-on-mobile\" style=\"grid-template-columns:30% auto\"><figure class=\"wp-block-media-text__media\"><img loading=\"lazy\" decoding=\"async\" width=\"315\" height=\"315\" src=\"https:\/\/jenninger.se\/wp-content\/uploads\/2022\/07\/Karolina-Hoff-1.jpg\" alt=\"\" class=\"wp-image-1307 size-full\" srcset=\"https:\/\/jenninger.se\/wp-content\/uploads\/2022\/07\/Karolina-Hoff-1.jpg 315w, https:\/\/jenninger.se\/wp-content\/uploads\/2022\/07\/Karolina-Hoff-1-150x150.jpg 150w\" sizes=\"auto, (max-width: 315px) 100vw, 315px\" \/><\/figure><div class=\"wp-block-media-text__content\">\n<p>Karolina Hoff ber\u00e4ttade via Youtube om sina m\u00e5nga \u00e5r som mobbad i skolan.<\/p>\n<\/div><\/div>\n\n\n\n<div class=\"wp-block-media-text alignwide is-stacked-on-mobile\" style=\"grid-template-columns:35% auto\"><figure class=\"wp-block-media-text__media\"><img loading=\"lazy\" decoding=\"async\" width=\"1080\" height=\"1080\" src=\"https:\/\/jenninger.se\/wp-content\/uploads\/2022\/05\/4-rektorer-2.jpg\" alt=\"\" class=\"wp-image-1218 size-full\" srcset=\"https:\/\/jenninger.se\/wp-content\/uploads\/2022\/05\/4-rektorer-2.jpg 1080w, https:\/\/jenninger.se\/wp-content\/uploads\/2022\/05\/4-rektorer-2-150x150.jpg 150w\" sizes=\"auto, (max-width: 1080px) 100vw, 1080px\" \/><\/figure><div class=\"wp-block-media-text__content\">\n<p>Magnus Andersson och Sirkka Persson, Kringlaskolan i S\u00f6dert\u00e4lje, f\u00f6rra \u00e5rets mottagare l\u00e4mnade \u00f6ver fonden till R\u00e5gsveds grundskola.<\/p>\n<\/div><\/div>\n\n\n\n<div class=\"wp-block-media-text alignwide is-stacked-on-mobile\" style=\"grid-template-columns:33% auto\"><figure class=\"wp-block-media-text__media\"><img loading=\"lazy\" decoding=\"async\" width=\"720\" height=\"960\" src=\"https:\/\/jenninger.se\/wp-content\/uploads\/2022\/05\/wettergren.jpg\" alt=\"\" class=\"wp-image-1225 size-full\"\/><\/figure><div class=\"wp-block-media-text__content\">\n<p>\u00c5rets eldsj\u00e4l, Christian Wettergren fick dagen efter sitt diplom och signerade b\u00f6cker av Sirkka Persson och Vis\u00e4ttraskolan (2019). Vallbyskolan i V\u00e4ster\u00e5s fick senare diplom och b\u00f6cker som fondens hedersomn\u00e4mnande.<\/p>\n\n\n\n<figure class=\"wp-block-image size-full is-resized is-style-default\"><img loading=\"lazy\" decoding=\"async\" width=\"1198\" height=\"2048\" src=\"https:\/\/jenninger.se\/wp-content\/uploads\/2022\/05\/vallby1.jpg\" alt=\"\" class=\"wp-image-1228\" style=\"width:320px;height:auto\"\/><\/figure>\n\n\n\n<p>Vallbyskolans rektor Michaela Eriksson skriver: &#8221;Att v\u00e4nda en skola \u00e4r inget l\u00e4tt jobb. Det \u00e4r en enorm kraftanstr\u00e4ngning som m\u00e5ste g\u00f6ras d\u00e4r alla m\u00e5ste dra \u00e5t samma h\u00e5ll f\u00f6r att f\u00e5 till f\u00f6r\u00e4ndringen. Skolan var i stort behov av f\u00f6r\u00e4ndringar.<\/p>\n\n\n\n<p>Vi organiserade upp skolans raster och hittade rutiner f\u00f6r att arbeta med \u00f6kad trygghet d\u00e4r eleverna beskrev att de var otrygga. Vi s\u00e5g skillnaden p\u00e5 skolan och m\u00e4rkte den i v\u00e5ra elevers upplevelse av skolan i form av \u00f6kad trygghet p\u00e5 lektioner raster och f\u00f6rflyttningar.<\/p>\n\n\n\n<p>Det M\u00e5ns Jenningers hedersomn\u00e4mnande gjorde f\u00f6r oss var att visa f\u00f6r oss och andra att vi var p\u00e5 r\u00e4tt v\u00e4g. &nbsp;Vi fick k\u00e4nna oss stolta over den f\u00f6rflyttning vi gjort och fira segrar tillsammans b\u00e5de elever och personal. Det gav oss kraft och energi till att forts\u00e4tta utvecklas skolans arbete f\u00f6r elevernas skull.<\/p>\n<\/div><\/div>\n\n\n\n<p><a href=\"https:\/\/www.svt.se\/nyheter\/lokalt\/stockholm\/ragsveds-grundskola-fran-nedlaggningshotad-till-utmarkelsebelonad?fbclid=IwAR0XHHd3V5SCKC_JoVPIsodeQkH66loF889AZG66DXTlptPL3AdfDfk7m1c\">https:\/\/www.svt.se\/nyheter\/lokalt\/stockholm\/ragsveds-grundskola-fran-nedlaggningshotad-till-utmarkelsebelonad?fbclid=IwAR0XHHd3V5SCKC_JoVPIsodeQkH66loF889AZG66DXTlptPL3AdfDfk7m1c<\/a><\/p>\n\n\n","protected":false},"excerpt":{"rendered":"<p>\u00c5rets mottagare \u00e4r R\u00e5gsveds grundskola. Rektorerna Marko Anderot, Ulrika Eveland och Razan, trygghetsr\u00e5det, med diplomet. Tidningen NU skriver om varf\u00f6r just R\u00e5gsveds grundskola f\u00e5r stipendiet. Sv\u00e5rl\u00e4st? H\u00f6gerklicka och ladda ner jpg-fotot med Spara bild. S\u00e5 kan man f\u00f6rstora den viktiga texten till \u00f6nskad storlek. Jessica Falk ber\u00e4ttade om sin dotter Rocky och sj\u00f6ng sin l\u00e5t [&hellip;]<\/p>\n","protected":false},"author":1,"featured_media":0,"parent":0,"menu_order":0,"comment_status":"closed","ping_status":"closed","template":"","meta":{"_themeisle_gutenberg_block_has_review":false,"footnotes":""},"class_list":["post-1301","page","type-page","status-publish","hentry"],"_links":{"self":[{"href":"https:\/\/jenninger.se\/index.php?rest_route=\/wp\/v2\/pages\/1301","targetHints":{"allow":["GET"]}}],"collection":[{"href":"https:\/\/jenninger.se\/index.php?rest_route=\/wp\/v2\/pages"}],"about":[{"href":"https:\/\/jenninger.se\/index.php?rest_route=\/wp\/v2\/types\/page"}],"author":[{"embeddable":true,"href":"https:\/\/jenninger.se\/index.php?rest_route=\/wp\/v2\/users\/1"}],"replies":[{"embeddable":true,"href":"https:\/\/jenninger.se\/index.php?rest_route=%2Fwp%2Fv2%2Fcomments&post=1301"}],"version-history":[{"count":14,"href":"https:\/\/jenninger.se\/index.php?rest_route=\/wp\/v2\/pages\/1301\/revisions"}],"predecessor-version":[{"id":2088,"href":"https:\/\/jenninger.se\/index.php?rest_route=\/wp\/v2\/pages\/1301\/revisions\/2088"}],"wp:attachment":[{"href":"https:\/\/jenninger.se\/index.php?rest_route=%2Fwp%2Fv2%2Fmedia&parent=1301"}],"curies":[{"name":"wp","href":"https:\/\/api.w.org\/{rel}","templated":true}]}}