{"id":120,"date":"2013-05-10T09:14:58","date_gmt":"2013-05-10T07:14:58","guid":{"rendered":"http:\/\/www.jenninger.se\/?page_id=120"},"modified":"2022-12-06T21:31:05","modified_gmt":"2022-12-06T20:31:05","slug":"bilresor","status":"publish","type":"page","link":"https:\/\/jenninger.se\/?page_id=120","title":{"rendered":"Bilresor"},"content":{"rendered":"<p><strong>M\u00e5ns \u00e4lskade resorna med familjens Citro\u00ebn 2CV. Mest i Frankrike. Att se nya platser, tr\u00e4ffa nya m\u00e4nniskor, campa, testa hotellrum, prova n\u00f6jesf\u00e4lt, bes\u00f6ka historiska platser, sitta p\u00e5 caf\u00e9er&#8230;<\/strong><\/p>\n<p><img loading=\"lazy\" decoding=\"async\" class=\"alignleft size-large wp-image-121\" src=\"http:\/\/www.jenninger.se\/wp-content\/uploads\/2013\/05\/Route-Napol\u00c3\u00a9on-3-1024x641.jpg\" alt=\"Route Napol\u00c3\u00a9on 3\" width=\"640\" height=\"400\" srcset=\"https:\/\/jenninger.se\/wp-content\/uploads\/2013\/05\/Route-Napol\u00c3\u00a9on-3-1024x641.jpg 1024w, https:\/\/jenninger.se\/wp-content\/uploads\/2013\/05\/Route-Napol\u00c3\u00a9on-3-300x187.jpg 300w, https:\/\/jenninger.se\/wp-content\/uploads\/2013\/05\/Route-Napol\u00c3\u00a9on-3.jpg 1840w\" sizes=\"auto, (max-width: 640px) 100vw, 640px\" \/> Mont Aguille vid Route Napol\u00e9on<\/p>\n<hr>\n<p><img loading=\"lazy\" decoding=\"async\" class=\"alignleft size-large wp-image-125\" src=\"http:\/\/www.jenninger.se\/wp-content\/uploads\/2013\/05\/fransman-1024x636.jpg\" alt=\"fransman\" width=\"640\" height=\"397\" srcset=\"https:\/\/jenninger.se\/wp-content\/uploads\/2013\/05\/fransman-1024x636.jpg 1024w, https:\/\/jenninger.se\/wp-content\/uploads\/2013\/05\/fransman-300x186.jpg 300w, https:\/\/jenninger.se\/wp-content\/uploads\/2013\/05\/fransman.jpg 1056w\" sizes=\"auto, (max-width: 640px) 100vw, 640px\" \/> Fransm\u00e4n, engelsm\u00e4n, italienare, det var lika roligt att prata med alla.<\/p>\n<hr>\n<p><img loading=\"lazy\" decoding=\"async\" class=\"alignleft size-large wp-image-128\" src=\"http:\/\/www.jenninger.se\/wp-content\/uploads\/2013\/05\/Menton-711x1024.jpg\" alt=\"Menton\" width=\"640\" height=\"921\" srcset=\"https:\/\/jenninger.se\/wp-content\/uploads\/2013\/05\/Menton-711x1024.jpg 711w, https:\/\/jenninger.se\/wp-content\/uploads\/2013\/05\/Menton-208x300.jpg 208w, https:\/\/jenninger.se\/wp-content\/uploads\/2013\/05\/Menton.jpg 800w\" sizes=\"auto, (max-width: 640px) 100vw, 640px\" \/> <img loading=\"lazy\" decoding=\"async\" class=\"alignleft size-medium wp-image-129\" src=\"http:\/\/www.jenninger.se\/wp-content\/uploads\/2013\/05\/prata-300x214.jpg\" alt=\"prata\" width=\"300\" height=\"214\" srcset=\"https:\/\/jenninger.se\/wp-content\/uploads\/2013\/05\/prata-300x214.jpg 300w, https:\/\/jenninger.se\/wp-content\/uploads\/2013\/05\/prata.jpg 400w\" sizes=\"auto, (max-width: 300px) 100vw, 300px\" \/> <img loading=\"lazy\" decoding=\"async\" class=\"alignleft size-medium wp-image-131\" src=\"http:\/\/www.jenninger.se\/wp-content\/uploads\/2013\/05\/camping-300x200.jpg\" alt=\"camping\" width=\"300\" height=\"200\" srcset=\"https:\/\/jenninger.se\/wp-content\/uploads\/2013\/05\/camping-300x200.jpg 300w, https:\/\/jenninger.se\/wp-content\/uploads\/2013\/05\/camping-1024x682.jpg 1024w, https:\/\/jenninger.se\/wp-content\/uploads\/2013\/05\/camping.jpg 1536w\" sizes=\"auto, (max-width: 300px) 100vw, 300px\" \/> <img loading=\"lazy\" decoding=\"async\" class=\"alignleft size-large wp-image-133\" src=\"http:\/\/www.jenninger.se\/wp-content\/uploads\/2013\/05\/staden-Mons-1024x668.jpg\" alt=\"staden Mons\" width=\"640\" height=\"417\" srcset=\"https:\/\/jenninger.se\/wp-content\/uploads\/2013\/05\/staden-Mons-1024x668.jpg 1024w, https:\/\/jenninger.se\/wp-content\/uploads\/2013\/05\/staden-Mons-300x195.jpg 300w, https:\/\/jenninger.se\/wp-content\/uploads\/2013\/05\/staden-Mons.jpg 1152w\" sizes=\"auto, (max-width: 640px) 100vw, 640px\" \/><\/p>\n<hr>\n<h3>Monaco eller Mellbystrand &#8211; det fanns alltid lika mycket att prata om, fundera \u00f6ver, sk\u00e4mta om.<\/h3>\n<p><img loading=\"lazy\" decoding=\"async\" class=\"aligncenter size-full wp-image-136\" src=\"http:\/\/www.jenninger.se\/wp-content\/uploads\/2013\/05\/HYcamping.jpg\" alt=\"HYcamping\" width=\"400\" height=\"220\" srcset=\"https:\/\/jenninger.se\/wp-content\/uploads\/2013\/05\/HYcamping.jpg 400w, https:\/\/jenninger.se\/wp-content\/uploads\/2013\/05\/HYcamping-300x165.jpg 300w\" sizes=\"auto, (max-width: 400px) 100vw, 400px\" \/><\/p>\n","protected":false},"excerpt":{"rendered":"<p>M\u00e5ns \u00e4lskade resorna med familjens Citro\u00ebn 2CV. Mest i Frankrike. Att se nya platser, tr\u00e4ffa nya m\u00e4nniskor, campa, testa hotellrum, prova n\u00f6jesf\u00e4lt, bes\u00f6ka historiska platser, sitta p\u00e5 caf\u00e9er&#8230; Mont Aguille vid Route Napol\u00e9on Fransm\u00e4n, engelsm\u00e4n, italienare, det var lika roligt att prata med alla. Monaco eller Mellbystrand &#8211; det fanns alltid lika mycket att prata [&hellip;]<\/p>\n","protected":false},"author":1,"featured_media":0,"parent":10,"menu_order":0,"comment_status":"closed","ping_status":"open","template":"onecolumn-page.php","meta":{"_themeisle_gutenberg_block_has_review":false,"footnotes":""},"class_list":["post-120","page","type-page","status-publish","hentry"],"_links":{"self":[{"href":"https:\/\/jenninger.se\/index.php?rest_route=\/wp\/v2\/pages\/120","targetHints":{"allow":["GET"]}}],"collection":[{"href":"https:\/\/jenninger.se\/index.php?rest_route=\/wp\/v2\/pages"}],"about":[{"href":"https:\/\/jenninger.se\/index.php?rest_route=\/wp\/v2\/types\/page"}],"author":[{"embeddable":true,"href":"https:\/\/jenninger.se\/index.php?rest_route=\/wp\/v2\/users\/1"}],"replies":[{"embeddable":true,"href":"https:\/\/jenninger.se\/index.php?rest_route=%2Fwp%2Fv2%2Fcomments&post=120"}],"version-history":[{"count":12,"href":"https:\/\/jenninger.se\/index.php?rest_route=\/wp\/v2\/pages\/120\/revisions"}],"predecessor-version":[{"id":1748,"href":"https:\/\/jenninger.se\/index.php?rest_route=\/wp\/v2\/pages\/120\/revisions\/1748"}],"up":[{"embeddable":true,"href":"https:\/\/jenninger.se\/index.php?rest_route=\/wp\/v2\/pages\/10"}],"wp:attachment":[{"href":"https:\/\/jenninger.se\/index.php?rest_route=%2Fwp%2Fv2%2Fmedia&parent=120"}],"curies":[{"name":"wp","href":"https:\/\/api.w.org\/{rel}","templated":true}]}}